{"id":12851,"date":"2022-09-14T16:17:03","date_gmt":"2022-09-14T16:17:03","guid":{"rendered":"http:\/\/www.ikiam.edu.ec\/?page_id=12851"},"modified":"2026-03-12T13:18:20","modified_gmt":"2026-03-12T13:18:20","slug":"insectario-cientifico","status":"publish","type":"page","link":"https:\/\/www.ikiam.edu.ec\/index.php\/coordinacioninvestigacioninnovacion\/laboratorios-de-investigacion\/insectario-cientifico\/","title":{"rendered":"Insectario Cient\u00edfico"},"content":{"rendered":"\t\t<div data-elementor-type=\"wp-page\" data-elementor-id=\"12851\" class=\"elementor elementor-12851\" data-elementor-post-type=\"page\">\n\t\t\t\t\t\t<section class=\"elementor-section elementor-top-section elementor-element elementor-element-7c38dfe1 elementor-section-full_width elementor-section-height-min-height elementor-section-height-default elementor-section-items-middle\" data-id=\"7c38dfe1\" data-element_type=\"section\" data-settings=\"{&quot;background_background&quot;:&quot;classic&quot;}\">\n\t\t\t\t\t\t\t<div class=\"elementor-background-overlay\"><\/div>\n\t\t\t\t\t\t\t<div class=\"elementor-container elementor-column-gap-default\">\n\t\t\t\t\t<div class=\"elementor-column elementor-col-100 elementor-top-column elementor-element elementor-element-1a0024a1\" data-id=\"1a0024a1\" data-element_type=\"column\" data-settings=\"{&quot;background_background&quot;:&quot;slideshow&quot;,&quot;background_slideshow_gallery&quot;:[],&quot;background_slideshow_loop&quot;:&quot;yes&quot;,&quot;background_slideshow_slide_duration&quot;:5000,&quot;background_slideshow_slide_transition&quot;:&quot;fade&quot;,&quot;background_slideshow_transition_duration&quot;:500}\">\n\t\t\t<div class=\"elementor-widget-wrap elementor-element-populated\">\n\t\t\t\t\t\t<div class=\"elementor-element elementor-element-7fdf89a1 elementor-align-center elementor-widget elementor-widget-breadcrumbs\" data-id=\"7fdf89a1\" data-element_type=\"widget\" data-widget_type=\"breadcrumbs.default\">\n\t\t\t\t\t<p id=\"breadcrumbs\"><span><span><a href=\"https:\/\/www.ikiam.edu.ec\/\">La Universidad<\/a><\/span><\/span><\/p>\t\t\t\t<\/div>\n\t\t\t\t<div class=\"elementor-element elementor-element-4aeb2a25 elementor-widget elementor-widget-heading\" data-id=\"4aeb2a25\" data-element_type=\"widget\" data-widget_type=\"heading.default\">\n\t\t\t\t\t<h1 class=\"elementor-heading-title elementor-size-default\">Insectario Cient\u00edfico<\/h1>\t\t\t\t<\/div>\n\t\t\t\t\t<\/div>\n\t\t<\/div>\n\t\t\t\t\t<\/div>\n\t\t<\/section>\n\t\t\t\t<section class=\"elementor-section elementor-top-section elementor-element elementor-element-a8b0112 elementor-section-boxed elementor-section-height-default elementor-section-height-default\" data-id=\"a8b0112\" data-element_type=\"section\">\n\t\t\t\t\t\t<div class=\"elementor-container elementor-column-gap-default\">\n\t\t\t\t\t<div class=\"elementor-column elementor-col-100 elementor-top-column elementor-element elementor-element-1a77430\" data-id=\"1a77430\" data-element_type=\"column\">\n\t\t\t<div class=\"elementor-widget-wrap elementor-element-populated\">\n\t\t\t\t\t\t<div class=\"elementor-element elementor-element-7454c24 elementor-widget elementor-widget-spacer\" data-id=\"7454c24\" data-element_type=\"widget\" data-widget_type=\"spacer.default\">\n\t\t\t\t\t\t\t<div class=\"elementor-spacer\">\n\t\t\t<div class=\"elementor-spacer-inner\"><\/div>\n\t\t<\/div>\n\t\t\t\t\t\t<\/div>\n\t\t\t\t\t<\/div>\n\t\t<\/div>\n\t\t\t\t\t<\/div>\n\t\t<\/section>\n\t\t\t\t<section class=\"elementor-section elementor-top-section elementor-element elementor-element-25e6804 elementor-section-boxed elementor-section-height-default elementor-section-height-default\" data-id=\"25e6804\" data-element_type=\"section\">\n\t\t\t\t\t\t<div class=\"elementor-container elementor-column-gap-default\">\n\t\t\t\t\t<div class=\"elementor-column elementor-col-100 elementor-top-column elementor-element elementor-element-56295d5\" data-id=\"56295d5\" data-element_type=\"column\">\n\t\t\t<div class=\"elementor-widget-wrap elementor-element-populated\">\n\t\t\t\t\t\t<div class=\"elementor-element elementor-element-4d6291d elementor-widget elementor-widget-heading\" data-id=\"4d6291d\" data-element_type=\"widget\" data-widget_type=\"heading.default\">\n\t\t\t\t\t<h2 class=\"elementor-heading-title elementor-size-default\">Informaci\u00f3n General <\/h2>\t\t\t\t<\/div>\n\t\t\t\t<section class=\"elementor-section elementor-inner-section elementor-element elementor-element-7fcf9d0 elementor-section-boxed elementor-section-height-default elementor-section-height-default\" data-id=\"7fcf9d0\" data-element_type=\"section\">\n\t\t\t\t\t\t<div class=\"elementor-container elementor-column-gap-default\">\n\t\t\t\t\t<div class=\"elementor-column elementor-col-50 elementor-inner-column elementor-element elementor-element-1b2ace2\" data-id=\"1b2ace2\" data-element_type=\"column\">\n\t\t\t<div class=\"elementor-widget-wrap elementor-element-populated\">\n\t\t\t\t\t\t<div class=\"elementor-element elementor-element-efc1745 elementor-widget elementor-widget-heading\" data-id=\"efc1745\" data-element_type=\"widget\" data-widget_type=\"heading.default\">\n\t\t\t\t\t<h2 class=\"elementor-heading-title elementor-size-default\">Misi\u00f3n<\/h2>\t\t\t\t<\/div>\n\t\t\t\t<div class=\"elementor-element elementor-element-5fbb724 elementor-widget elementor-widget-text-editor\" data-id=\"5fbb724\" data-element_type=\"widget\" data-widget_type=\"text-editor.default\">\n\t\t\t\t\t\t\t\t\t<p style=\"font-size: 18px;\">Contribuir a la conservaci\u00f3n de especies de lepid\u00f3pteros mediante la investigaci\u00f3n de su rol como modelos biol\u00f3gicos en las \u00e1reas de gen\u00e9tica, evoluci\u00f3n molecular, eco fisiolog\u00eda, eco toxicolog\u00eda, comportamiento, sistem\u00e1tica, y otras \u00e1reas afines; mediante la incubaci\u00f3n en condiciones controladas y la experimentaci\u00f3n, promoviendo la generaci\u00f3n de conocimiento cient\u00edfico, la educaci\u00f3n ambiental, la capacitaci\u00f3n de personal especializado y las actividades de vinculaci\u00f3n con la sociedad.\t\t\t\t\t\t\t\t<\/div>\n\t\t\t\t\t<\/div>\n\t\t<\/div>\n\t\t\t\t<div class=\"elementor-column elementor-col-50 elementor-inner-column elementor-element elementor-element-5564de6\" data-id=\"5564de6\" data-element_type=\"column\">\n\t\t\t<div class=\"elementor-widget-wrap elementor-element-populated\">\n\t\t\t\t\t\t<div class=\"elementor-element elementor-element-6549a60 elementor-widget elementor-widget-heading\" data-id=\"6549a60\" data-element_type=\"widget\" data-widget_type=\"heading.default\">\n\t\t\t\t\t<h2 class=\"elementor-heading-title elementor-size-default\">Visi\u00f3n<\/h2>\t\t\t\t<\/div>\n\t\t\t\t<div class=\"elementor-element elementor-element-4fbc775 elementor-widget elementor-widget-text-editor\" data-id=\"4fbc775\" data-element_type=\"widget\" data-widget_type=\"text-editor.default\">\n\t\t\t\t\t\t\t\t\t<p style=\"font-size: 18px;\">Ser un centro l\u00edder en la investigaci\u00f3n de lepid\u00f3pteros amaz\u00f3nicos, contribuyendo a crear redes internacionales de investigaci\u00f3n en esta \u00e1rea y generando espacios donde confluyen el trabajo de campo, la experimentaci\u00f3n in vivo y los estudios moleculares y bioqu\u00edmicos.\t\t\t\t\t\t\t\t<\/div>\n\t\t\t\t\t<\/div>\n\t\t<\/div>\n\t\t\t\t\t<\/div>\n\t\t<\/section>\n\t\t\t\t<div class=\"elementor-element elementor-element-712d561 elementor-widget elementor-widget-spacer\" data-id=\"712d561\" data-element_type=\"widget\" data-widget_type=\"spacer.default\">\n\t\t\t\t\t\t\t<div class=\"elementor-spacer\">\n\t\t\t<div class=\"elementor-spacer-inner\"><\/div>\n\t\t<\/div>\n\t\t\t\t\t\t<\/div>\n\t\t\t\t\t<\/div>\n\t\t<\/div>\n\t\t\t\t\t<\/div>\n\t\t<\/section>\n\t\t\t\t<section class=\"elementor-section elementor-top-section elementor-element elementor-element-452ba761 elementor-section-boxed elementor-section-height-default elementor-section-height-default\" data-id=\"452ba761\" data-element_type=\"section\">\n\t\t\t\t\t\t<div class=\"elementor-container elementor-column-gap-default\">\n\t\t\t\t\t<div class=\"elementor-column elementor-col-100 elementor-top-column elementor-element elementor-element-47c0dae4\" data-id=\"47c0dae4\" data-element_type=\"column\">\n\t\t\t<div class=\"elementor-widget-wrap elementor-element-populated\">\n\t\t\t\t\t\t<div class=\"elementor-element elementor-element-8ace787 elementor-widget elementor-widget-heading\" data-id=\"8ace787\" data-element_type=\"widget\" data-widget_type=\"heading.default\">\n\t\t\t\t\t<h2 class=\"elementor-heading-title elementor-size-default\">Responsable y t\u00e9cnico de laboratorio <\/h2>\t\t\t\t<\/div>\n\t\t\t\t<section class=\"elementor-section elementor-inner-section elementor-element elementor-element-abb31d4 elementor-section-boxed elementor-section-height-default elementor-section-height-default\" data-id=\"abb31d4\" data-element_type=\"section\">\n\t\t\t\t\t\t<div class=\"elementor-container elementor-column-gap-default\">\n\t\t\t\t\t<div class=\"elementor-column elementor-col-33 elementor-inner-column elementor-element elementor-element-59eac3f\" data-id=\"59eac3f\" data-element_type=\"column\">\n\t\t\t<div class=\"elementor-widget-wrap\">\n\t\t\t\t\t\t\t<\/div>\n\t\t<\/div>\n\t\t\t\t<div class=\"elementor-column elementor-col-33 elementor-inner-column elementor-element elementor-element-c2e3946\" data-id=\"c2e3946\" data-element_type=\"column\">\n\t\t\t<div class=\"elementor-widget-wrap elementor-element-populated\">\n\t\t\t\t\t\t<div class=\"elementor-element elementor-element-477d62b elementor-widget elementor-widget-widgetkit-for-elementor-team\" data-id=\"477d62b\" data-element_type=\"widget\" data-widget_type=\"widgetkit-for-elementor-team.default\">\n\t\t\t\t<div class=\"elementor-widget-container\">\n\t\t\t\t\t\n<div class=\"wk-team\">\n            <div class=\"wk-card wk-card-default wk-style-2\">\n            <div class=\"wk-card-media-top wk-overflow-hidden\">\n                                    <a class=\"wk-display-block\" href=\"\" \"rel=\"nofollow\">\n                        <img fetchpriority=\"high\" decoding=\"async\" width=\"800\" height=\"800\" src=\"https:\/\/www.ikiam.edu.ec\/wp-content\/uploads\/2022\/05\/caroline_bacquet.jpg\" class=\"attachment-full size-full\" alt=\"\" srcset=\"https:\/\/www.ikiam.edu.ec\/wp-content\/uploads\/2022\/05\/caroline_bacquet.jpg 800w, https:\/\/www.ikiam.edu.ec\/wp-content\/uploads\/2022\/05\/caroline_bacquet-300x300.jpg 300w, https:\/\/www.ikiam.edu.ec\/wp-content\/uploads\/2022\/05\/caroline_bacquet-150x150.jpg 150w, https:\/\/www.ikiam.edu.ec\/wp-content\/uploads\/2022\/05\/caroline_bacquet-768x768.jpg 768w\" sizes=\"(max-width: 800px) 100vw, 800px\" \/>                    <\/a>\n                            <\/div> <!-- wk-card-image -->\n\n            <div class=\"wk-card-body\">\n                                    <p class=\"wk-card-title wk-margin-remove\">Caroline Bacquet, PhD<\/p>                \n                                    <span class=\"wk-card-designation wk-inline-block\">Responsable<\/span>\n                \n                                    <div class=\"social-icons\">\n                                                                                    <a href=\"mailto:  caroline.bacquet@ikiam.edu.ec\" \"rel=\"nofollow\">\n\n                                    <i aria-hidden=\"true\" class=\"material-icons md-email\" data-md-icon=\"email\"><\/i>                                <\/a>\n                                                                        <\/div> <!-- wk-width-auto-->\n                \n                            <\/div> <!-- wk-card-body -->\n        <\/div> <!-- wk-card-->\n\n\n\n    <\/div><!-- wk-grid-->\n\n\n<script type=\"text\/javascript\">\n        jQuery(function($) {\n        if (!$('body').hasClass('wk-team')) {\n            $('body').addClass('wk-team');\n        }\n    });\n<\/script>\t\t<!-- <h3>hello world<\/h3> -->\n\t\t\t\t\t\t<\/div>\n\t\t\t\t<\/div>\n\t\t\t\t\t<\/div>\n\t\t<\/div>\n\t\t\t\t<div class=\"elementor-column elementor-col-33 elementor-inner-column elementor-element elementor-element-adec06b\" data-id=\"adec06b\" data-element_type=\"column\">\n\t\t\t<div class=\"elementor-widget-wrap\">\n\t\t\t\t\t\t\t<\/div>\n\t\t<\/div>\n\t\t\t\t\t<\/div>\n\t\t<\/section>\n\t\t\t\t\t<\/div>\n\t\t<\/div>\n\t\t\t\t\t<\/div>\n\t\t<\/section>\n\t\t\t\t<\/div>\n\t\t","protected":false},"excerpt":{"rendered":"<p>Insectario Cient\u00edfico Informaci\u00f3n General Misi\u00f3n Contribuir a la conservaci\u00f3n de especies de lepid\u00f3pteros mediante la investigaci\u00f3n de su rol como [&hellip;]<\/p>\n","protected":false},"author":2,"featured_media":0,"parent":12822,"menu_order":0,"comment_status":"closed","ping_status":"closed","template":"elementor_header_footer","meta":{"site-sidebar-layout":"default","site-content-layout":"","ast-site-content-layout":"default","site-content-style":"default","site-sidebar-style":"default","ast-global-header-display":"","ast-banner-title-visibility":"","ast-main-header-display":"","ast-hfb-above-header-display":"","ast-hfb-below-header-display":"","ast-hfb-mobile-header-display":"","site-post-title":"","ast-breadcrumbs-content":"","ast-featured-img":"","footer-sml-layout":"","theme-transparent-header-meta":"","adv-header-id-meta":"","stick-header-meta":"","header-above-stick-meta":"","header-main-stick-meta":"","header-below-stick-meta":"","astra-migrate-meta-layouts":"default","ast-page-background-enabled":"default","ast-page-background-meta":{"desktop":{"background-color":"var(--ast-global-color-5)","background-image":"","background-repeat":"repeat","background-position":"center center","background-size":"auto","background-attachment":"scroll","background-type":"","background-media":"","overlay-type":"","overlay-color":"","overlay-opacity":"","overlay-gradient":""},"tablet":{"background-color":"","background-image":"","background-repeat":"repeat","background-position":"center center","background-size":"auto","background-attachment":"scroll","background-type":"","background-media":"","overlay-type":"","overlay-color":"","overlay-opacity":"","overlay-gradient":""},"mobile":{"background-color":"","background-image":"","background-repeat":"repeat","background-position":"center center","background-size":"auto","background-attachment":"scroll","background-type":"","background-media":"","overlay-type":"","overlay-color":"","overlay-opacity":"","overlay-gradient":""}},"ast-content-background-meta":{"desktop":{"background-color":"var(--ast-global-color-4)","background-image":"","background-repeat":"repeat","background-position":"center center","background-size":"auto","background-attachment":"scroll","background-type":"","background-media":"","overlay-type":"","overlay-color":"","overlay-opacity":"","overlay-gradient":""},"tablet":{"background-color":"var(--ast-global-color-4)","background-image":"","background-repeat":"repeat","background-position":"center center","background-size":"auto","background-attachment":"scroll","background-type":"","background-media":"","overlay-type":"","overlay-color":"","overlay-opacity":"","overlay-gradient":""},"mobile":{"background-color":"var(--ast-global-color-4)","background-image":"","background-repeat":"repeat","background-position":"center center","background-size":"auto","background-attachment":"scroll","background-type":"","background-media":"","overlay-type":"","overlay-color":"","overlay-opacity":"","overlay-gradient":""}},"footnotes":""},"class_list":["post-12851","page","type-page","status-publish","hentry"],"yoast_head":"<!-- This site is optimized with the Yoast SEO plugin v25.8 - https:\/\/yoast.com\/wordpress\/plugins\/seo\/ -->\n<title>Insectario Cient\u00edfico - Universidad Regional Amaz\u00f3nica Ikiam<\/title>\n<meta name=\"robots\" content=\"index, follow, max-snippet:-1, max-image-preview:large, max-video-preview:-1\" \/>\n<link rel=\"canonical\" href=\"https:\/\/www.ikiam.edu.ec\/index.php\/coordinacioninvestigacioninnovacion\/laboratorios-de-investigacion\/insectario-cientifico\/\" \/>\n<meta property=\"og:locale\" content=\"es_ES\" \/>\n<meta property=\"og:type\" content=\"article\" \/>\n<meta property=\"og:title\" content=\"Insectario Cient\u00edfico - Universidad Regional Amaz\u00f3nica Ikiam\" \/>\n<meta property=\"og:description\" content=\"Insectario Cient\u00edfico Informaci\u00f3n General Misi\u00f3n Contribuir a la conservaci\u00f3n de especies de lepid\u00f3pteros mediante la investigaci\u00f3n de su rol como [&hellip;]\" \/>\n<meta property=\"og:url\" content=\"https:\/\/www.ikiam.edu.ec\/index.php\/coordinacioninvestigacioninnovacion\/laboratorios-de-investigacion\/insectario-cientifico\/\" \/>\n<meta property=\"og:site_name\" content=\"Universidad Regional Amaz\u00f3nica Ikiam\" \/>\n<meta property=\"article:publisher\" content=\"https:\/\/www.facebook.com\/IkiamOficial\/\" \/>\n<meta property=\"article:modified_time\" content=\"2026-03-12T13:18:20+00:00\" \/>\n<meta property=\"og:image\" content=\"https:\/\/www.ikiam.edu.ec\/wp-content\/uploads\/2022\/05\/caroline_bacquet.jpg\" \/>\n<meta name=\"twitter:card\" content=\"summary_large_image\" \/>\n<meta name=\"twitter:site\" content=\"@u_ikiam\" \/>\n<meta name=\"twitter:label1\" content=\"Tiempo de lectura\" \/>\n\t<meta name=\"twitter:data1\" content=\"1 minuto\" \/>\n<script type=\"application\/ld+json\" class=\"yoast-schema-graph\">{\"@context\":\"https:\/\/schema.org\",\"@graph\":[{\"@type\":\"WebPage\",\"@id\":\"https:\/\/www.ikiam.edu.ec\/index.php\/coordinacioninvestigacioninnovacion\/laboratorios-de-investigacion\/insectario-cientifico\/\",\"url\":\"https:\/\/www.ikiam.edu.ec\/index.php\/coordinacioninvestigacioninnovacion\/laboratorios-de-investigacion\/insectario-cientifico\/\",\"name\":\"Insectario Cient\u00edfico - Universidad Regional Amaz\u00f3nica Ikiam\",\"isPartOf\":{\"@id\":\"https:\/\/www.ikiam.edu.ec\/#website\"},\"primaryImageOfPage\":{\"@id\":\"https:\/\/www.ikiam.edu.ec\/index.php\/coordinacioninvestigacioninnovacion\/laboratorios-de-investigacion\/insectario-cientifico\/#primaryimage\"},\"image\":{\"@id\":\"https:\/\/www.ikiam.edu.ec\/index.php\/coordinacioninvestigacioninnovacion\/laboratorios-de-investigacion\/insectario-cientifico\/#primaryimage\"},\"thumbnailUrl\":\"https:\/\/www.ikiam.edu.ec\/wp-content\/uploads\/2022\/05\/caroline_bacquet.jpg\",\"datePublished\":\"2022-09-14T16:17:03+00:00\",\"dateModified\":\"2026-03-12T13:18:20+00:00\",\"breadcrumb\":{\"@id\":\"https:\/\/www.ikiam.edu.ec\/index.php\/coordinacioninvestigacioninnovacion\/laboratorios-de-investigacion\/insectario-cientifico\/#breadcrumb\"},\"inLanguage\":\"es\",\"potentialAction\":[{\"@type\":\"ReadAction\",\"target\":[\"https:\/\/www.ikiam.edu.ec\/index.php\/coordinacioninvestigacioninnovacion\/laboratorios-de-investigacion\/insectario-cientifico\/\"]}]},{\"@type\":\"ImageObject\",\"inLanguage\":\"es\",\"@id\":\"https:\/\/www.ikiam.edu.ec\/index.php\/coordinacioninvestigacioninnovacion\/laboratorios-de-investigacion\/insectario-cientifico\/#primaryimage\",\"url\":\"https:\/\/www.ikiam.edu.ec\/wp-content\/uploads\/2022\/05\/caroline_bacquet.jpg\",\"contentUrl\":\"https:\/\/www.ikiam.edu.ec\/wp-content\/uploads\/2022\/05\/caroline_bacquet.jpg\",\"width\":800,\"height\":800},{\"@type\":\"BreadcrumbList\",\"@id\":\"https:\/\/www.ikiam.edu.ec\/index.php\/coordinacioninvestigacioninnovacion\/laboratorios-de-investigacion\/insectario-cientifico\/#breadcrumb\",\"itemListElement\":[{\"@type\":\"ListItem\",\"position\":1,\"name\":\"La Universidad\",\"item\":\"https:\/\/www.ikiam.edu.ec\/\"},{\"@type\":\"ListItem\",\"position\":2,\"name\":\"Coordinaci\u00f3n de Investigaci\u00f3n e Innovaci\u00f3n\",\"item\":\"https:\/\/www.ikiam.edu.ec\/index.php\/coordinacioninvestigacioninnovacion\/\"},{\"@type\":\"ListItem\",\"position\":3,\"name\":\"Laboratorios de Investigaci\u00f3n\",\"item\":\"https:\/\/www.ikiam.edu.ec\/index.php\/coordinacioninvestigacioninnovacion\/laboratorios-de-investigacion\/\"},{\"@type\":\"ListItem\",\"position\":4,\"name\":\"Insectario Cient\u00edfico\"}]},{\"@type\":\"WebSite\",\"@id\":\"https:\/\/www.ikiam.edu.ec\/#website\",\"url\":\"https:\/\/www.ikiam.edu.ec\/\",\"name\":\"Universidad Regional Amaz\u00f3nica Ikiam\",\"description\":\"\",\"publisher\":{\"@id\":\"https:\/\/www.ikiam.edu.ec\/#organization\"},\"potentialAction\":[{\"@type\":\"SearchAction\",\"target\":{\"@type\":\"EntryPoint\",\"urlTemplate\":\"https:\/\/www.ikiam.edu.ec\/?s={search_term_string}\"},\"query-input\":{\"@type\":\"PropertyValueSpecification\",\"valueRequired\":true,\"valueName\":\"search_term_string\"}}],\"inLanguage\":\"es\"},{\"@type\":\"Organization\",\"@id\":\"https:\/\/www.ikiam.edu.ec\/#organization\",\"name\":\"Universidad Regional Amaz\u00f3nica Ikiam\",\"url\":\"https:\/\/www.ikiam.edu.ec\/\",\"logo\":{\"@type\":\"ImageObject\",\"inLanguage\":\"es\",\"@id\":\"https:\/\/www.ikiam.edu.ec\/#\/schema\/logo\/image\/\",\"url\":\"https:\/\/www.ikiam.edu.ec\/wp-content\/uploads\/2021\/12\/logo-ikiam-1.png\",\"contentUrl\":\"https:\/\/www.ikiam.edu.ec\/wp-content\/uploads\/2021\/12\/logo-ikiam-1.png\",\"width\":210,\"height\":90,\"caption\":\"Universidad Regional Amaz\u00f3nica Ikiam\"},\"image\":{\"@id\":\"https:\/\/www.ikiam.edu.ec\/#\/schema\/logo\/image\/\"},\"sameAs\":[\"https:\/\/www.facebook.com\/IkiamOficial\/\",\"https:\/\/x.com\/u_ikiam\"]}]}<\/script>\n<!-- \/ Yoast SEO plugin. -->","yoast_head_json":{"title":"Insectario Cient\u00edfico - Universidad Regional Amaz\u00f3nica Ikiam","robots":{"index":"index","follow":"follow","max-snippet":"max-snippet:-1","max-image-preview":"max-image-preview:large","max-video-preview":"max-video-preview:-1"},"canonical":"https:\/\/www.ikiam.edu.ec\/index.php\/coordinacioninvestigacioninnovacion\/laboratorios-de-investigacion\/insectario-cientifico\/","og_locale":"es_ES","og_type":"article","og_title":"Insectario Cient\u00edfico - Universidad Regional Amaz\u00f3nica Ikiam","og_description":"Insectario Cient\u00edfico Informaci\u00f3n General Misi\u00f3n Contribuir a la conservaci\u00f3n de especies de lepid\u00f3pteros mediante la investigaci\u00f3n de su rol como [&hellip;]","og_url":"https:\/\/www.ikiam.edu.ec\/index.php\/coordinacioninvestigacioninnovacion\/laboratorios-de-investigacion\/insectario-cientifico\/","og_site_name":"Universidad Regional Amaz\u00f3nica Ikiam","article_publisher":"https:\/\/www.facebook.com\/IkiamOficial\/","article_modified_time":"2026-03-12T13:18:20+00:00","og_image":[{"url":"https:\/\/www.ikiam.edu.ec\/wp-content\/uploads\/2022\/05\/caroline_bacquet.jpg","type":"","width":"","height":""}],"twitter_card":"summary_large_image","twitter_site":"@u_ikiam","twitter_misc":{"Tiempo de lectura":"1 minuto"},"schema":{"@context":"https:\/\/schema.org","@graph":[{"@type":"WebPage","@id":"https:\/\/www.ikiam.edu.ec\/index.php\/coordinacioninvestigacioninnovacion\/laboratorios-de-investigacion\/insectario-cientifico\/","url":"https:\/\/www.ikiam.edu.ec\/index.php\/coordinacioninvestigacioninnovacion\/laboratorios-de-investigacion\/insectario-cientifico\/","name":"Insectario Cient\u00edfico - Universidad Regional Amaz\u00f3nica Ikiam","isPartOf":{"@id":"https:\/\/www.ikiam.edu.ec\/#website"},"primaryImageOfPage":{"@id":"https:\/\/www.ikiam.edu.ec\/index.php\/coordinacioninvestigacioninnovacion\/laboratorios-de-investigacion\/insectario-cientifico\/#primaryimage"},"image":{"@id":"https:\/\/www.ikiam.edu.ec\/index.php\/coordinacioninvestigacioninnovacion\/laboratorios-de-investigacion\/insectario-cientifico\/#primaryimage"},"thumbnailUrl":"https:\/\/www.ikiam.edu.ec\/wp-content\/uploads\/2022\/05\/caroline_bacquet.jpg","datePublished":"2022-09-14T16:17:03+00:00","dateModified":"2026-03-12T13:18:20+00:00","breadcrumb":{"@id":"https:\/\/www.ikiam.edu.ec\/index.php\/coordinacioninvestigacioninnovacion\/laboratorios-de-investigacion\/insectario-cientifico\/#breadcrumb"},"inLanguage":"es","potentialAction":[{"@type":"ReadAction","target":["https:\/\/www.ikiam.edu.ec\/index.php\/coordinacioninvestigacioninnovacion\/laboratorios-de-investigacion\/insectario-cientifico\/"]}]},{"@type":"ImageObject","inLanguage":"es","@id":"https:\/\/www.ikiam.edu.ec\/index.php\/coordinacioninvestigacioninnovacion\/laboratorios-de-investigacion\/insectario-cientifico\/#primaryimage","url":"https:\/\/www.ikiam.edu.ec\/wp-content\/uploads\/2022\/05\/caroline_bacquet.jpg","contentUrl":"https:\/\/www.ikiam.edu.ec\/wp-content\/uploads\/2022\/05\/caroline_bacquet.jpg","width":800,"height":800},{"@type":"BreadcrumbList","@id":"https:\/\/www.ikiam.edu.ec\/index.php\/coordinacioninvestigacioninnovacion\/laboratorios-de-investigacion\/insectario-cientifico\/#breadcrumb","itemListElement":[{"@type":"ListItem","position":1,"name":"La Universidad","item":"https:\/\/www.ikiam.edu.ec\/"},{"@type":"ListItem","position":2,"name":"Coordinaci\u00f3n de Investigaci\u00f3n e Innovaci\u00f3n","item":"https:\/\/www.ikiam.edu.ec\/index.php\/coordinacioninvestigacioninnovacion\/"},{"@type":"ListItem","position":3,"name":"Laboratorios de Investigaci\u00f3n","item":"https:\/\/www.ikiam.edu.ec\/index.php\/coordinacioninvestigacioninnovacion\/laboratorios-de-investigacion\/"},{"@type":"ListItem","position":4,"name":"Insectario Cient\u00edfico"}]},{"@type":"WebSite","@id":"https:\/\/www.ikiam.edu.ec\/#website","url":"https:\/\/www.ikiam.edu.ec\/","name":"Universidad Regional Amaz\u00f3nica Ikiam","description":"","publisher":{"@id":"https:\/\/www.ikiam.edu.ec\/#organization"},"potentialAction":[{"@type":"SearchAction","target":{"@type":"EntryPoint","urlTemplate":"https:\/\/www.ikiam.edu.ec\/?s={search_term_string}"},"query-input":{"@type":"PropertyValueSpecification","valueRequired":true,"valueName":"search_term_string"}}],"inLanguage":"es"},{"@type":"Organization","@id":"https:\/\/www.ikiam.edu.ec\/#organization","name":"Universidad Regional Amaz\u00f3nica Ikiam","url":"https:\/\/www.ikiam.edu.ec\/","logo":{"@type":"ImageObject","inLanguage":"es","@id":"https:\/\/www.ikiam.edu.ec\/#\/schema\/logo\/image\/","url":"https:\/\/www.ikiam.edu.ec\/wp-content\/uploads\/2021\/12\/logo-ikiam-1.png","contentUrl":"https:\/\/www.ikiam.edu.ec\/wp-content\/uploads\/2021\/12\/logo-ikiam-1.png","width":210,"height":90,"caption":"Universidad Regional Amaz\u00f3nica Ikiam"},"image":{"@id":"https:\/\/www.ikiam.edu.ec\/#\/schema\/logo\/image\/"},"sameAs":["https:\/\/www.facebook.com\/IkiamOficial\/","https:\/\/x.com\/u_ikiam"]}]}},"_links":{"self":[{"href":"https:\/\/www.ikiam.edu.ec\/index.php\/wp-json\/wp\/v2\/pages\/12851","targetHints":{"allow":["GET"]}}],"collection":[{"href":"https:\/\/www.ikiam.edu.ec\/index.php\/wp-json\/wp\/v2\/pages"}],"about":[{"href":"https:\/\/www.ikiam.edu.ec\/index.php\/wp-json\/wp\/v2\/types\/page"}],"author":[{"embeddable":true,"href":"https:\/\/www.ikiam.edu.ec\/index.php\/wp-json\/wp\/v2\/users\/2"}],"replies":[{"embeddable":true,"href":"https:\/\/www.ikiam.edu.ec\/index.php\/wp-json\/wp\/v2\/comments?post=12851"}],"version-history":[{"count":6,"href":"https:\/\/www.ikiam.edu.ec\/index.php\/wp-json\/wp\/v2\/pages\/12851\/revisions"}],"predecessor-version":[{"id":55401,"href":"https:\/\/www.ikiam.edu.ec\/index.php\/wp-json\/wp\/v2\/pages\/12851\/revisions\/55401"}],"up":[{"embeddable":true,"href":"https:\/\/www.ikiam.edu.ec\/index.php\/wp-json\/wp\/v2\/pages\/12822"}],"wp:attachment":[{"href":"https:\/\/www.ikiam.edu.ec\/index.php\/wp-json\/wp\/v2\/media?parent=12851"}],"curies":[{"name":"wp","href":"https:\/\/api.w.org\/{rel}","templated":true}]}}