{"id":22626,"date":"2023-01-24T17:08:18","date_gmt":"2023-01-24T17:08:18","guid":{"rendered":"https:\/\/www.ikiam.edu.ec\/?page_id=22626"},"modified":"2023-01-24T17:08:18","modified_gmt":"2023-01-24T17:08:18","slug":"cursos-y-capacitaciones","status":"publish","type":"page","link":"https:\/\/www.ikiam.edu.ec\/index.php\/cursos-y-capacitaciones\/","title":{"rendered":"Cursos y Capacitaciones"},"content":{"rendered":"\t\t<div data-elementor-type=\"wp-page\" data-elementor-id=\"22626\" class=\"elementor elementor-22626\" data-elementor-post-type=\"page\">\n\t\t\t\t\t\t<section class=\"elementor-section elementor-top-section elementor-element elementor-element-7c38dfe1 elementor-section-full_width elementor-section-height-min-height elementor-section-height-default elementor-section-items-middle\" data-id=\"7c38dfe1\" data-element_type=\"section\" data-settings=\"{&quot;background_background&quot;:&quot;classic&quot;}\">\n\t\t\t\t\t\t\t<div class=\"elementor-background-overlay\"><\/div>\n\t\t\t\t\t\t\t<div class=\"elementor-container elementor-column-gap-default\">\n\t\t\t\t\t<div class=\"elementor-column elementor-col-100 elementor-top-column elementor-element elementor-element-1a0024a1\" data-id=\"1a0024a1\" data-element_type=\"column\" data-settings=\"{&quot;background_background&quot;:&quot;slideshow&quot;,&quot;background_slideshow_gallery&quot;:[],&quot;background_slideshow_loop&quot;:&quot;yes&quot;,&quot;background_slideshow_slide_duration&quot;:5000,&quot;background_slideshow_slide_transition&quot;:&quot;fade&quot;,&quot;background_slideshow_transition_duration&quot;:500}\">\n\t\t\t<div class=\"elementor-widget-wrap elementor-element-populated\">\n\t\t\t\t\t\t<div class=\"elementor-element elementor-element-7fdf89a1 elementor-align-center elementor-widget elementor-widget-breadcrumbs\" data-id=\"7fdf89a1\" data-element_type=\"widget\" data-widget_type=\"breadcrumbs.default\">\n\t\t\t\t\t<p id=\"breadcrumbs\"><span><span><a href=\"https:\/\/www.ikiam.edu.ec\/\">La Universidad<\/a><\/span><\/span><\/p>\t\t\t\t<\/div>\n\t\t\t\t<div class=\"elementor-element elementor-element-4aeb2a25 elementor-widget elementor-widget-heading\" data-id=\"4aeb2a25\" data-element_type=\"widget\" data-widget_type=\"heading.default\">\n\t\t\t\t\t<h1 class=\"elementor-heading-title elementor-size-default\">Cursos y Capacitaciones<\/h1>\t\t\t\t<\/div>\n\t\t\t\t\t<\/div>\n\t\t<\/div>\n\t\t\t\t\t<\/div>\n\t\t<\/section>\n\t\t\t\t<section class=\"elementor-section elementor-top-section elementor-element elementor-element-aacad15 elementor-section-boxed elementor-section-height-default elementor-section-height-default\" data-id=\"aacad15\" data-element_type=\"section\">\n\t\t\t\t\t\t<div class=\"elementor-container elementor-column-gap-default\">\n\t\t\t\t\t<div class=\"elementor-column elementor-col-100 elementor-top-column elementor-element elementor-element-fd4f5d6\" data-id=\"fd4f5d6\" data-element_type=\"column\">\n\t\t\t<div class=\"elementor-widget-wrap elementor-element-populated\">\n\t\t\t\t\t\t<div class=\"elementor-element elementor-element-9111a15 elementor-widget elementor-widget-widgetkit-for-elementor-portfolio\" data-id=\"9111a15\" data-element_type=\"widget\" data-widget_type=\"widgetkit-for-elementor-portfolio.default\">\n\t\t\t\t<div class=\"elementor-widget-container\">\n\t\t\t\t\t\n    <div class=\"tgx-portfolio\">\n    \n        \n                           <div class=\"hover-4\">\n                        <div class=\"row\">\n\n                                                                    <div class=\"col-md-4 col-sm-6 mix mix-9111a15 portfolio-item -9111a15 \">\n\n\n                            \n\n                            <div class=\"overlay overlay-hover\">\n                                <div class=\"overlay-spin\" >\n                                                                                                                                                                              \n                                <\/div><!-- .overlay-spin -->\n                                <div class=\"portfolio-content text-left demo_link\">\n                                                                                                                        <a class=\"icon-search\" href=\"https:\/\/www.ikiam.edu.ec\/index.php\/educacion-continua\/iii-conferencia-amazonica-herencia-biodiversidad-y-ambiente\/\">\n                                                   \n                                                    <h4 class=\"title\">\n                                                        Herencia, Biodiversidad y Ambiente \n                                                    <\/h4>\n                                                                                            <\/a>\n                                                                                                            <\/div> <!-- \/.portfolio-btn -->                      \n                            <\/div><!-- \/.effcet 4 overlay -->\n\n\n                                            <\/div> <!-- \/.col-md-->\n                                                                <div class=\"col-md-4 col-sm-6 mix mix-9111a15 portfolio-item -9111a15 \">\n\n\n                            \n\n                            <div class=\"overlay overlay-hover\">\n                                <div class=\"overlay-spin\" >\n                                                                                                                                                                              \n                                <\/div><!-- .overlay-spin -->\n                                <div class=\"portfolio-content text-left demo_link\">\n                                                                                                                        <a class=\"icon-search\" href=\"https:\/\/www.ikiam.edu.ec\/index.php\/educacion-continua\/cursos-y-capacitaciones\/aprende-a-emprender\/\">\n                                                   \n                                                    <h4 class=\"title\">\n                                                        Aprende a \nEmprender \n                                                    <\/h4>\n                                                                                            <\/a>\n                                                                                                            <\/div> <!-- \/.portfolio-btn -->                      \n                            <\/div><!-- \/.effcet 4 overlay -->\n\n\n                                            <\/div> <!-- \/.col-md-->\n                                                                <div class=\"col-md-4 col-sm-6 mix mix-9111a15 portfolio-item -9111a15 \">\n\n\n                            \n\n                            <div class=\"overlay overlay-hover\">\n                                <div class=\"overlay-spin\" >\n                                                                                                                                                                              \n                                <\/div><!-- .overlay-spin -->\n                                <div class=\"portfolio-content text-left demo_link\">\n                                                                                                                        <a class=\"icon-search\" href=\"https:\/\/www.ikiam.edu.ec\/index.php\/formulacion-de-proyectos-de-inversion\/\">\n                                                   \n                                                    <h4 class=\"title\">\n                                                        Formulaci\u00f3n de Proyectos de Inversi\u00f3n \n                                                    <\/h4>\n                                                                                            <\/a>\n                                                                                                            <\/div> <!-- \/.portfolio-btn -->                      \n                            <\/div><!-- \/.effcet 4 overlay -->\n\n\n                                            <\/div> <!-- \/.col-md-->\n                                                                <div class=\"col-md-4 col-sm-6 mix mix-9111a15 portfolio-item -9111a15 \">\n\n\n                            \n\n                            <div class=\"overlay overlay-hover\">\n                                <div class=\"overlay-spin\" >\n                                                                                                                                                                              \n                                <\/div><!-- .overlay-spin -->\n                                <div class=\"portfolio-content text-left demo_link\">\n                                                                                                                        <a class=\"icon-search\" href=\"https:\/\/www.ikiam.edu.ec\/index.php\/guias-locales-de-turismo\/\">\n                                                   \n                                                    <h4 class=\"title\">\n                                                        Gu\u00edas Locales de Turismo \n                                                    <\/h4>\n                                                                                            <\/a>\n                                                                                                            <\/div> <!-- \/.portfolio-btn -->                      \n                            <\/div><!-- \/.effcet 4 overlay -->\n\n\n                                            <\/div> <!-- \/.col-md-->\n                                                                <div class=\"col-md-4 col-sm-6 mix mix-9111a15 portfolio-item -9111a15 \">\n\n\n                            \n\n                            <div class=\"overlay overlay-hover\">\n                                <div class=\"overlay-spin\" >\n                                                                                                                                                                              \n                                <\/div><!-- .overlay-spin -->\n                                <div class=\"portfolio-content text-left demo_link\">\n                                                                                                                        <a class=\"icon-search\" href=\"https:\/\/www.ikiam.edu.ec\/index.php\/curso-de-kichwa\/\">\n                                                   \n                                                    <h4 class=\"title\">\n                                                        Curso de Kichwa \n                                                    <\/h4>\n                                                                                            <\/a>\n                                                                                                            <\/div> <!-- \/.portfolio-btn -->                      \n                            <\/div><!-- \/.effcet 4 overlay -->\n\n\n                                            <\/div> <!-- \/.col-md-->\n                                                                <div class=\"col-md-4 col-sm-6 mix mix-9111a15 portfolio-item -9111a15 \">\n\n\n                            \n\n                            <div class=\"overlay overlay-hover\">\n                                <div class=\"overlay-spin\" >\n                                                                                                                                                                              \n                                <\/div><!-- .overlay-spin -->\n                                <div class=\"portfolio-content text-left demo_link\">\n                                                                                                                        <a class=\"icon-search\" href=\"https:\/\/www.ikiam.edu.ec\/index.php\/escuela-de-soberania-alimentaria\/\">\n                                                   \n                                                    <h4 class=\"title\">\n                                                        Escuela de Soberan\u00eda Alimentaria \n                                                    <\/h4>\n                                                                                            <\/a>\n                                                                                                            <\/div> <!-- \/.portfolio-btn -->                      \n                            <\/div><!-- \/.effcet 4 overlay -->\n\n\n                                            <\/div> <!-- \/.col-md-->\n                            <\/div><!-- \/.row -->  \n        <\/div><!-- \/.hover-effect -->\n    <\/div> <!-- \/.tgx-portfolio -->\n\n    <script type=\"text\/javascript\">\n          jQuery(function($){\n              if(!$('body').hasClass('wk-portfolio')){\n                  $('body').addClass('wk-portfolio');\n              }\n          });\n\n    <\/script>\t\t\t\t<\/div>\n\t\t\t\t<\/div>\n\t\t\t\t\t<\/div>\n\t\t<\/div>\n\t\t\t\t\t<\/div>\n\t\t<\/section>\n\t\t\t\t<\/div>\n\t\t","protected":false},"excerpt":{"rendered":"<p>Cursos y Capacitaciones Herencia, Biodiversidad y Ambiente Aprende a Emprender Formulaci\u00f3n de Proyectos de Inversi\u00f3n Gu\u00edas Locales de Turismo Curso [&hellip;]<\/p>\n","protected":false},"author":2,"featured_media":0,"parent":0,"menu_order":0,"comment_status":"closed","ping_status":"closed","template":"elementor_header_footer","meta":{"site-sidebar-layout":"default","site-content-layout":"","ast-site-content-layout":"default","site-content-style":"default","site-sidebar-style":"default","ast-global-header-display":"","ast-banner-title-visibility":"","ast-main-header-display":"","ast-hfb-above-header-display":"","ast-hfb-below-header-display":"","ast-hfb-mobile-header-display":"","site-post-title":"","ast-breadcrumbs-content":"","ast-featured-img":"","footer-sml-layout":"","theme-transparent-header-meta":"","adv-header-id-meta":"","stick-header-meta":"","header-above-stick-meta":"","header-main-stick-meta":"","header-below-stick-meta":"","astra-migrate-meta-layouts":"default","ast-page-background-enabled":"default","ast-page-background-meta":{"desktop":{"background-color":"var(--ast-global-color-5)","background-image":"","background-repeat":"repeat","background-position":"center center","background-size":"auto","background-attachment":"scroll","background-type":"","background-media":"","overlay-type":"","overlay-color":"","overlay-opacity":"","overlay-gradient":""},"tablet":{"background-color":"","background-image":"","background-repeat":"repeat","background-position":"center center","background-size":"auto","background-attachment":"scroll","background-type":"","background-media":"","overlay-type":"","overlay-color":"","overlay-opacity":"","overlay-gradient":""},"mobile":{"background-color":"","background-image":"","background-repeat":"repeat","background-position":"center center","background-size":"auto","background-attachment":"scroll","background-type":"","background-media":"","overlay-type":"","overlay-color":"","overlay-opacity":"","overlay-gradient":""}},"ast-content-background-meta":{"desktop":{"background-color":"var(--ast-global-color-4)","background-image":"","background-repeat":"repeat","background-position":"center center","background-size":"auto","background-attachment":"scroll","background-type":"","background-media":"","overlay-type":"","overlay-color":"","overlay-opacity":"","overlay-gradient":""},"tablet":{"background-color":"var(--ast-global-color-4)","background-image":"","background-repeat":"repeat","background-position":"center center","background-size":"auto","background-attachment":"scroll","background-type":"","background-media":"","overlay-type":"","overlay-color":"","overlay-opacity":"","overlay-gradient":""},"mobile":{"background-color":"var(--ast-global-color-4)","background-image":"","background-repeat":"repeat","background-position":"center center","background-size":"auto","background-attachment":"scroll","background-type":"","background-media":"","overlay-type":"","overlay-color":"","overlay-opacity":"","overlay-gradient":""}},"footnotes":""},"class_list":["post-22626","page","type-page","status-publish","hentry"],"yoast_head":"<!-- This site is optimized with the Yoast SEO plugin v25.8 - https:\/\/yoast.com\/wordpress\/plugins\/seo\/ -->\n<title>Cursos y Capacitaciones - Universidad Regional Amaz\u00f3nica Ikiam<\/title>\n<meta name=\"robots\" content=\"index, follow, max-snippet:-1, max-image-preview:large, max-video-preview:-1\" \/>\n<link rel=\"canonical\" href=\"https:\/\/www.ikiam.edu.ec\/index.php\/cursos-y-capacitaciones\/\" \/>\n<meta property=\"og:locale\" content=\"es_ES\" \/>\n<meta property=\"og:type\" content=\"article\" \/>\n<meta property=\"og:title\" content=\"Cursos y Capacitaciones - Universidad Regional Amaz\u00f3nica Ikiam\" \/>\n<meta property=\"og:description\" content=\"Cursos y Capacitaciones Herencia, Biodiversidad y Ambiente Aprende a Emprender Formulaci\u00f3n de Proyectos de Inversi\u00f3n Gu\u00edas Locales de Turismo Curso [&hellip;]\" \/>\n<meta property=\"og:url\" content=\"https:\/\/www.ikiam.edu.ec\/index.php\/cursos-y-capacitaciones\/\" \/>\n<meta property=\"og:site_name\" content=\"Universidad Regional Amaz\u00f3nica Ikiam\" \/>\n<meta property=\"article:publisher\" content=\"https:\/\/www.facebook.com\/IkiamOficial\/\" \/>\n<meta property=\"og:image\" content=\"https:\/\/www.ikiam.edu.ec\/wp-content\/uploads\/2023\/01\/1.png\" \/>\n<meta name=\"twitter:card\" content=\"summary_large_image\" \/>\n<meta name=\"twitter:site\" content=\"@u_ikiam\" \/>\n<meta name=\"twitter:label1\" content=\"Tiempo de lectura\" \/>\n\t<meta name=\"twitter:data1\" content=\"2 minutos\" \/>\n<script type=\"application\/ld+json\" class=\"yoast-schema-graph\">{\"@context\":\"https:\/\/schema.org\",\"@graph\":[{\"@type\":\"WebPage\",\"@id\":\"https:\/\/www.ikiam.edu.ec\/index.php\/cursos-y-capacitaciones\/\",\"url\":\"https:\/\/www.ikiam.edu.ec\/index.php\/cursos-y-capacitaciones\/\",\"name\":\"Cursos y Capacitaciones - Universidad Regional Amaz\u00f3nica Ikiam\",\"isPartOf\":{\"@id\":\"https:\/\/www.ikiam.edu.ec\/#website\"},\"primaryImageOfPage\":{\"@id\":\"https:\/\/www.ikiam.edu.ec\/index.php\/cursos-y-capacitaciones\/#primaryimage\"},\"image\":{\"@id\":\"https:\/\/www.ikiam.edu.ec\/index.php\/cursos-y-capacitaciones\/#primaryimage\"},\"thumbnailUrl\":\"https:\/\/www.ikiam.edu.ec\/wp-content\/uploads\/2023\/01\/1.png\",\"datePublished\":\"2023-01-24T17:08:18+00:00\",\"breadcrumb\":{\"@id\":\"https:\/\/www.ikiam.edu.ec\/index.php\/cursos-y-capacitaciones\/#breadcrumb\"},\"inLanguage\":\"es\",\"potentialAction\":[{\"@type\":\"ReadAction\",\"target\":[\"https:\/\/www.ikiam.edu.ec\/index.php\/cursos-y-capacitaciones\/\"]}]},{\"@type\":\"ImageObject\",\"inLanguage\":\"es\",\"@id\":\"https:\/\/www.ikiam.edu.ec\/index.php\/cursos-y-capacitaciones\/#primaryimage\",\"url\":\"https:\/\/www.ikiam.edu.ec\/wp-content\/uploads\/2023\/01\/1.png\",\"contentUrl\":\"https:\/\/www.ikiam.edu.ec\/wp-content\/uploads\/2023\/01\/1.png\"},{\"@type\":\"BreadcrumbList\",\"@id\":\"https:\/\/www.ikiam.edu.ec\/index.php\/cursos-y-capacitaciones\/#breadcrumb\",\"itemListElement\":[{\"@type\":\"ListItem\",\"position\":1,\"name\":\"La Universidad\",\"item\":\"https:\/\/www.ikiam.edu.ec\/\"},{\"@type\":\"ListItem\",\"position\":2,\"name\":\"Cursos y Capacitaciones\"}]},{\"@type\":\"WebSite\",\"@id\":\"https:\/\/www.ikiam.edu.ec\/#website\",\"url\":\"https:\/\/www.ikiam.edu.ec\/\",\"name\":\"Universidad Regional Amaz\u00f3nica Ikiam\",\"description\":\"\",\"publisher\":{\"@id\":\"https:\/\/www.ikiam.edu.ec\/#organization\"},\"potentialAction\":[{\"@type\":\"SearchAction\",\"target\":{\"@type\":\"EntryPoint\",\"urlTemplate\":\"https:\/\/www.ikiam.edu.ec\/?s={search_term_string}\"},\"query-input\":{\"@type\":\"PropertyValueSpecification\",\"valueRequired\":true,\"valueName\":\"search_term_string\"}}],\"inLanguage\":\"es\"},{\"@type\":\"Organization\",\"@id\":\"https:\/\/www.ikiam.edu.ec\/#organization\",\"name\":\"Universidad Regional Amaz\u00f3nica Ikiam\",\"url\":\"https:\/\/www.ikiam.edu.ec\/\",\"logo\":{\"@type\":\"ImageObject\",\"inLanguage\":\"es\",\"@id\":\"https:\/\/www.ikiam.edu.ec\/#\/schema\/logo\/image\/\",\"url\":\"https:\/\/www.ikiam.edu.ec\/wp-content\/uploads\/2021\/12\/logo-ikiam-1.png\",\"contentUrl\":\"https:\/\/www.ikiam.edu.ec\/wp-content\/uploads\/2021\/12\/logo-ikiam-1.png\",\"width\":210,\"height\":90,\"caption\":\"Universidad Regional Amaz\u00f3nica Ikiam\"},\"image\":{\"@id\":\"https:\/\/www.ikiam.edu.ec\/#\/schema\/logo\/image\/\"},\"sameAs\":[\"https:\/\/www.facebook.com\/IkiamOficial\/\",\"https:\/\/x.com\/u_ikiam\"]}]}<\/script>\n<!-- \/ Yoast SEO plugin. -->","yoast_head_json":{"title":"Cursos y Capacitaciones - Universidad Regional Amaz\u00f3nica Ikiam","robots":{"index":"index","follow":"follow","max-snippet":"max-snippet:-1","max-image-preview":"max-image-preview:large","max-video-preview":"max-video-preview:-1"},"canonical":"https:\/\/www.ikiam.edu.ec\/index.php\/cursos-y-capacitaciones\/","og_locale":"es_ES","og_type":"article","og_title":"Cursos y Capacitaciones - Universidad Regional Amaz\u00f3nica Ikiam","og_description":"Cursos y Capacitaciones Herencia, Biodiversidad y Ambiente Aprende a Emprender Formulaci\u00f3n de Proyectos de Inversi\u00f3n Gu\u00edas Locales de Turismo Curso [&hellip;]","og_url":"https:\/\/www.ikiam.edu.ec\/index.php\/cursos-y-capacitaciones\/","og_site_name":"Universidad Regional Amaz\u00f3nica Ikiam","article_publisher":"https:\/\/www.facebook.com\/IkiamOficial\/","og_image":[{"url":"https:\/\/www.ikiam.edu.ec\/wp-content\/uploads\/2023\/01\/1.png","type":"","width":"","height":""}],"twitter_card":"summary_large_image","twitter_site":"@u_ikiam","twitter_misc":{"Tiempo de lectura":"2 minutos"},"schema":{"@context":"https:\/\/schema.org","@graph":[{"@type":"WebPage","@id":"https:\/\/www.ikiam.edu.ec\/index.php\/cursos-y-capacitaciones\/","url":"https:\/\/www.ikiam.edu.ec\/index.php\/cursos-y-capacitaciones\/","name":"Cursos y Capacitaciones - Universidad Regional Amaz\u00f3nica Ikiam","isPartOf":{"@id":"https:\/\/www.ikiam.edu.ec\/#website"},"primaryImageOfPage":{"@id":"https:\/\/www.ikiam.edu.ec\/index.php\/cursos-y-capacitaciones\/#primaryimage"},"image":{"@id":"https:\/\/www.ikiam.edu.ec\/index.php\/cursos-y-capacitaciones\/#primaryimage"},"thumbnailUrl":"https:\/\/www.ikiam.edu.ec\/wp-content\/uploads\/2023\/01\/1.png","datePublished":"2023-01-24T17:08:18+00:00","breadcrumb":{"@id":"https:\/\/www.ikiam.edu.ec\/index.php\/cursos-y-capacitaciones\/#breadcrumb"},"inLanguage":"es","potentialAction":[{"@type":"ReadAction","target":["https:\/\/www.ikiam.edu.ec\/index.php\/cursos-y-capacitaciones\/"]}]},{"@type":"ImageObject","inLanguage":"es","@id":"https:\/\/www.ikiam.edu.ec\/index.php\/cursos-y-capacitaciones\/#primaryimage","url":"https:\/\/www.ikiam.edu.ec\/wp-content\/uploads\/2023\/01\/1.png","contentUrl":"https:\/\/www.ikiam.edu.ec\/wp-content\/uploads\/2023\/01\/1.png"},{"@type":"BreadcrumbList","@id":"https:\/\/www.ikiam.edu.ec\/index.php\/cursos-y-capacitaciones\/#breadcrumb","itemListElement":[{"@type":"ListItem","position":1,"name":"La Universidad","item":"https:\/\/www.ikiam.edu.ec\/"},{"@type":"ListItem","position":2,"name":"Cursos y Capacitaciones"}]},{"@type":"WebSite","@id":"https:\/\/www.ikiam.edu.ec\/#website","url":"https:\/\/www.ikiam.edu.ec\/","name":"Universidad Regional Amaz\u00f3nica Ikiam","description":"","publisher":{"@id":"https:\/\/www.ikiam.edu.ec\/#organization"},"potentialAction":[{"@type":"SearchAction","target":{"@type":"EntryPoint","urlTemplate":"https:\/\/www.ikiam.edu.ec\/?s={search_term_string}"},"query-input":{"@type":"PropertyValueSpecification","valueRequired":true,"valueName":"search_term_string"}}],"inLanguage":"es"},{"@type":"Organization","@id":"https:\/\/www.ikiam.edu.ec\/#organization","name":"Universidad Regional Amaz\u00f3nica Ikiam","url":"https:\/\/www.ikiam.edu.ec\/","logo":{"@type":"ImageObject","inLanguage":"es","@id":"https:\/\/www.ikiam.edu.ec\/#\/schema\/logo\/image\/","url":"https:\/\/www.ikiam.edu.ec\/wp-content\/uploads\/2021\/12\/logo-ikiam-1.png","contentUrl":"https:\/\/www.ikiam.edu.ec\/wp-content\/uploads\/2021\/12\/logo-ikiam-1.png","width":210,"height":90,"caption":"Universidad Regional Amaz\u00f3nica Ikiam"},"image":{"@id":"https:\/\/www.ikiam.edu.ec\/#\/schema\/logo\/image\/"},"sameAs":["https:\/\/www.facebook.com\/IkiamOficial\/","https:\/\/x.com\/u_ikiam"]}]}},"_links":{"self":[{"href":"https:\/\/www.ikiam.edu.ec\/index.php\/wp-json\/wp\/v2\/pages\/22626","targetHints":{"allow":["GET"]}}],"collection":[{"href":"https:\/\/www.ikiam.edu.ec\/index.php\/wp-json\/wp\/v2\/pages"}],"about":[{"href":"https:\/\/www.ikiam.edu.ec\/index.php\/wp-json\/wp\/v2\/types\/page"}],"author":[{"embeddable":true,"href":"https:\/\/www.ikiam.edu.ec\/index.php\/wp-json\/wp\/v2\/users\/2"}],"replies":[{"embeddable":true,"href":"https:\/\/www.ikiam.edu.ec\/index.php\/wp-json\/wp\/v2\/comments?post=22626"}],"version-history":[{"count":0,"href":"https:\/\/www.ikiam.edu.ec\/index.php\/wp-json\/wp\/v2\/pages\/22626\/revisions"}],"wp:attachment":[{"href":"https:\/\/www.ikiam.edu.ec\/index.php\/wp-json\/wp\/v2\/media?parent=22626"}],"curies":[{"name":"wp","href":"https:\/\/api.w.org\/{rel}","templated":true}]}}