{"id":22716,"date":"2023-01-30T14:36:41","date_gmt":"2023-01-30T14:36:41","guid":{"rendered":"https:\/\/www.ikiam.edu.ec\/?page_id=22716"},"modified":"2023-01-30T14:36:41","modified_gmt":"2023-01-30T14:36:41","slug":"herencia-biodiversidad-y-ambiente","status":"publish","type":"page","link":"https:\/\/www.ikiam.edu.ec\/index.php\/herencia-biodiversidad-y-ambiente\/","title":{"rendered":"Herencia, Biodiversidad y Ambiente"},"content":{"rendered":"\t\t<div data-elementor-type=\"wp-page\" data-elementor-id=\"22716\" class=\"elementor elementor-22716\" data-elementor-post-type=\"page\">\n\t\t\t\t\t\t<section class=\"elementor-section elementor-top-section elementor-element elementor-element-7c38dfe1 elementor-section-full_width elementor-section-height-min-height elementor-section-height-default elementor-section-items-middle\" data-id=\"7c38dfe1\" data-element_type=\"section\" data-settings=\"{&quot;background_background&quot;:&quot;classic&quot;}\">\n\t\t\t\t\t\t\t<div class=\"elementor-background-overlay\"><\/div>\n\t\t\t\t\t\t\t<div class=\"elementor-container elementor-column-gap-default\">\n\t\t\t\t\t<div class=\"elementor-column elementor-col-100 elementor-top-column elementor-element elementor-element-1a0024a1\" data-id=\"1a0024a1\" data-element_type=\"column\" data-settings=\"{&quot;background_background&quot;:&quot;slideshow&quot;,&quot;background_slideshow_gallery&quot;:[],&quot;background_slideshow_loop&quot;:&quot;yes&quot;,&quot;background_slideshow_slide_duration&quot;:5000,&quot;background_slideshow_slide_transition&quot;:&quot;fade&quot;,&quot;background_slideshow_transition_duration&quot;:500}\">\n\t\t\t<div class=\"elementor-widget-wrap elementor-element-populated\">\n\t\t\t\t\t\t<div class=\"elementor-element elementor-element-7fdf89a1 elementor-align-center elementor-widget elementor-widget-breadcrumbs\" data-id=\"7fdf89a1\" data-element_type=\"widget\" data-widget_type=\"breadcrumbs.default\">\n\t\t\t\t\t<p id=\"breadcrumbs\"><span><span><a href=\"https:\/\/www.ikiam.edu.ec\/\">La Universidad<\/a><\/span><\/span><\/p>\t\t\t\t<\/div>\n\t\t\t\t<div class=\"elementor-element elementor-element-4aeb2a25 elementor-widget elementor-widget-heading\" data-id=\"4aeb2a25\" data-element_type=\"widget\" data-widget_type=\"heading.default\">\n\t\t\t\t\t<h1 class=\"elementor-heading-title elementor-size-default\">Herencia, Biodiversidad y Ambiente<\/h1>\t\t\t\t<\/div>\n\t\t\t\t\t<\/div>\n\t\t<\/div>\n\t\t\t\t\t<\/div>\n\t\t<\/section>\n\t\t\t\t<section class=\"elementor-section elementor-top-section elementor-element elementor-element-fdb96d5 elementor-section-boxed elementor-section-height-default elementor-section-height-default\" data-id=\"fdb96d5\" data-element_type=\"section\">\n\t\t\t\t\t\t<div class=\"elementor-container elementor-column-gap-default\">\n\t\t\t\t\t<div class=\"elementor-column elementor-col-100 elementor-top-column elementor-element elementor-element-df1a161\" data-id=\"df1a161\" data-element_type=\"column\">\n\t\t\t<div class=\"elementor-widget-wrap elementor-element-populated\">\n\t\t\t\t\t\t<div class=\"elementor-element elementor-element-9528ceb elementor-widget elementor-widget-spacer\" data-id=\"9528ceb\" data-element_type=\"widget\" data-widget_type=\"spacer.default\">\n\t\t\t\t\t\t\t<div class=\"elementor-spacer\">\n\t\t\t<div class=\"elementor-spacer-inner\"><\/div>\n\t\t<\/div>\n\t\t\t\t\t\t<\/div>\n\t\t\t\t\t<\/div>\n\t\t<\/div>\n\t\t\t\t\t<\/div>\n\t\t<\/section>\n\t\t\t\t<section class=\"elementor-section elementor-top-section elementor-element elementor-element-55c8f09 elementor-section-boxed elementor-section-height-default elementor-section-height-default\" data-id=\"55c8f09\" data-element_type=\"section\">\n\t\t\t\t\t\t<div class=\"elementor-container elementor-column-gap-default\">\n\t\t\t\t\t<div class=\"elementor-column elementor-col-100 elementor-top-column elementor-element elementor-element-8e788dc\" data-id=\"8e788dc\" data-element_type=\"column\">\n\t\t\t<div class=\"elementor-widget-wrap elementor-element-populated\">\n\t\t\t\t\t\t<div class=\"elementor-element elementor-element-7192fd8 elementor-widget elementor-widget-heading\" data-id=\"7192fd8\" data-element_type=\"widget\" data-widget_type=\"heading.default\">\n\t\t\t\t\t<p class=\"elementor-heading-title elementor-size-default\">Titulo<\/p>\t\t\t\t<\/div>\n\t\t\t\t<div class=\"elementor-element elementor-element-452a12e elementor-widget elementor-widget-image\" data-id=\"452a12e\" data-element_type=\"widget\" data-widget_type=\"image.default\">\n\t\t\t\t\t\t\t\t\t\t\t\t\t\t\t<img fetchpriority=\"high\" decoding=\"async\" width=\"768\" height=\"1087\" src=\"https:\/\/www.ikiam.edu.ec\/wp-content\/uploads\/2022\/05\/taller-intercambio-conocimientos-mujeres-tejiendo-vida-768x1087.jpeg\" class=\"attachment-medium_large size-medium_large wp-image-4447\" alt=\"\" srcset=\"https:\/\/www.ikiam.edu.ec\/wp-content\/uploads\/2022\/05\/taller-intercambio-conocimientos-mujeres-tejiendo-vida-768x1087.jpeg 768w, https:\/\/www.ikiam.edu.ec\/wp-content\/uploads\/2022\/05\/taller-intercambio-conocimientos-mujeres-tejiendo-vida-212x300.jpeg 212w, https:\/\/www.ikiam.edu.ec\/wp-content\/uploads\/2022\/05\/taller-intercambio-conocimientos-mujeres-tejiendo-vida-723x1024.jpeg 723w, https:\/\/www.ikiam.edu.ec\/wp-content\/uploads\/2022\/05\/taller-intercambio-conocimientos-mujeres-tejiendo-vida.jpeg 904w\" sizes=\"(max-width: 768px) 100vw, 768px\" \/>\t\t\t\t\t\t\t\t\t\t\t\t\t\t\t<\/div>\n\t\t\t\t<div class=\"elementor-element elementor-element-23401ce elementor-widget elementor-widget-spacer\" data-id=\"23401ce\" data-element_type=\"widget\" data-widget_type=\"spacer.default\">\n\t\t\t\t\t\t\t<div class=\"elementor-spacer\">\n\t\t\t<div class=\"elementor-spacer-inner\"><\/div>\n\t\t<\/div>\n\t\t\t\t\t\t<\/div>\n\t\t\t\t<div class=\"elementor-element elementor-element-dc3e17a elementor-widget elementor-widget-text-editor\" data-id=\"dc3e17a\" data-element_type=\"widget\" data-widget_type=\"text-editor.default\">\n\t\t\t\t\t\t\t\t\t<p style=\"font-size: 18px;\">\nEl concepto de Biocorredor permiti\u00f3 integrar el concepto del Buen Vivir o Sumak Kawsay en la gesti\u00f3n territorial desde una perspectiva sist\u00e9mica e interactiva (ambiental, socio cultural, econ\u00f3mica, pol\u00edtica e institucional) que permiti\u00f3 viabilizar los derechos de la naturaleza y contribuir en la construcci\u00f3n de las equidades y desarrollo de soberan\u00edas en una sociedad inclusiva y democr\u00e1tica. La experiencia y aprendizajes del Programa del Peque\u00f1as Donaciones gener\u00f3 un avance cualitativo dentro del enfoque ambiental y proponer la construcci\u00f3n de Biocorredores para el Buen Vivir que posibilitaron articular los esfuerzos realizados por las comunidades para el manejo y conservaci\u00f3n de la biodiversidad, a fin de potenciar los resultados del trabajo e involucrar a nuevas comunidades y organizaciones con este objetivo.\n<\/p>\n\n<p style=\"font-size: 18px;\">\nPara construir los Biocorredores del Buen Vivir, el PPD implement\u00f3 los enfoques de programa: Conectividad Ecol\u00f3gica, Paisajes Productivos Sostenibles y Asociatividad, que contribuyeron a concretar la vinculaci\u00f3n entre patrimonio natural y cultural de los territorios, como lo evidencia el trabajo de reconocimiento de los TICCAs y la elaboraci\u00f3n de un proyecto por cada biocorredor.\n<\/p>\n<p style=\"font-size: 18px;\">\nLos talleres se llevar\u00e1n a cabo el d\u00eda s\u00e1bado 27 de marzo de 10H00 a 18H00 y domingo 28 de marzo de 08H00 a 14H00.\n<\/p>\n\t\t\t\t\t\t\t\t<\/div>\n\t\t\t\t\t<\/div>\n\t\t<\/div>\n\t\t\t\t\t<\/div>\n\t\t<\/section>\n\t\t\t\t<section class=\"elementor-section elementor-top-section elementor-element elementor-element-3176b86a elementor-section-boxed elementor-section-height-default elementor-section-height-default\" data-id=\"3176b86a\" data-element_type=\"section\">\n\t\t\t\t\t\t<div class=\"elementor-container elementor-column-gap-default\">\n\t\t\t\t\t<div class=\"elementor-column elementor-col-100 elementor-top-column elementor-element elementor-element-139c8cb\" data-id=\"139c8cb\" data-element_type=\"column\">\n\t\t\t<div class=\"elementor-widget-wrap elementor-element-populated\">\n\t\t\t\t\t\t<div class=\"elementor-element elementor-element-7d57a91b elementor-widget-divider--view-line elementor-widget elementor-widget-divider\" data-id=\"7d57a91b\" data-element_type=\"widget\" data-widget_type=\"divider.default\">\n\t\t\t\t\t\t\t<div class=\"elementor-divider\">\n\t\t\t<span class=\"elementor-divider-separator\">\n\t\t\t\t\t\t<\/span>\n\t\t<\/div>\n\t\t\t\t\t\t<\/div>\n\t\t\t\t<div class=\"elementor-element elementor-element-f156b6d elementor-widget elementor-widget-text-editor\" data-id=\"f156b6d\" data-element_type=\"widget\" data-widget_type=\"text-editor.default\">\n\t\t\t\t\t\t\t\t\t<blockquote><p class=\"mb-0\" style=\"text-align: center;\"><strong>correo electr\u00f3nico:<\/strong>\u00a0<span style=\"color: #ff0000;\"><a style=\"color: #ff0000;\" href=\"mailto:vinculacion@ikiam.edu.ec\">vinculacion@ikiam.edu.ec<\/a><\/span><\/p><p style=\"text-align: center;\"><strong>Atenci\u00f3n al cliente:<\/strong> (+593) <strong>(06) 2999160<\/strong>\u00a0&#8211;\u00a0<strong>(06) 3700040<\/strong>\u00a0ext. 295 \u2013 298 \u2013 297 y 296<\/p><p style=\"text-align: center;\"><strong>Horario de atenci\u00f3n:<\/strong>\u00a0Lunes a viernes de 8h30 a 17h30<\/p><\/blockquote><div class=\"testimonial-author\"><p style=\"text-align: center;\"><strong class=\"font-weight-extra-bold\">Direcci\u00f3n de Vinculaci\u00f3n con la Sociedad<\/strong><\/p><\/div>\t\t\t\t\t\t\t\t<\/div>\n\t\t\t\t\t<\/div>\n\t\t<\/div>\n\t\t\t\t\t<\/div>\n\t\t<\/section>\n\t\t\t\t<\/div>\n\t\t","protected":false},"excerpt":{"rendered":"<p>Herencia, Biodiversidad y Ambiente Titulo El concepto de Biocorredor permiti\u00f3 integrar el concepto del Buen Vivir o Sumak Kawsay en [&hellip;]<\/p>\n","protected":false},"author":2,"featured_media":0,"parent":0,"menu_order":0,"comment_status":"closed","ping_status":"closed","template":"elementor_header_footer","meta":{"site-sidebar-layout":"default","site-content-layout":"","ast-site-content-layout":"default","site-content-style":"default","site-sidebar-style":"default","ast-global-header-display":"","ast-banner-title-visibility":"","ast-main-header-display":"","ast-hfb-above-header-display":"","ast-hfb-below-header-display":"","ast-hfb-mobile-header-display":"","site-post-title":"","ast-breadcrumbs-content":"","ast-featured-img":"","footer-sml-layout":"","theme-transparent-header-meta":"","adv-header-id-meta":"","stick-header-meta":"","header-above-stick-meta":"","header-main-stick-meta":"","header-below-stick-meta":"","astra-migrate-meta-layouts":"default","ast-page-background-enabled":"default","ast-page-background-meta":{"desktop":{"background-color":"var(--ast-global-color-5)","background-image":"","background-repeat":"repeat","background-position":"center center","background-size":"auto","background-attachment":"scroll","background-type":"","background-media":"","overlay-type":"","overlay-color":"","overlay-opacity":"","overlay-gradient":""},"tablet":{"background-color":"","background-image":"","background-repeat":"repeat","background-position":"center center","background-size":"auto","background-attachment":"scroll","background-type":"","background-media":"","overlay-type":"","overlay-color":"","overlay-opacity":"","overlay-gradient":""},"mobile":{"background-color":"","background-image":"","background-repeat":"repeat","background-position":"center center","background-size":"auto","background-attachment":"scroll","background-type":"","background-media":"","overlay-type":"","overlay-color":"","overlay-opacity":"","overlay-gradient":""}},"ast-content-background-meta":{"desktop":{"background-color":"var(--ast-global-color-4)","background-image":"","background-repeat":"repeat","background-position":"center center","background-size":"auto","background-attachment":"scroll","background-type":"","background-media":"","overlay-type":"","overlay-color":"","overlay-opacity":"","overlay-gradient":""},"tablet":{"background-color":"var(--ast-global-color-4)","background-image":"","background-repeat":"repeat","background-position":"center center","background-size":"auto","background-attachment":"scroll","background-type":"","background-media":"","overlay-type":"","overlay-color":"","overlay-opacity":"","overlay-gradient":""},"mobile":{"background-color":"var(--ast-global-color-4)","background-image":"","background-repeat":"repeat","background-position":"center center","background-size":"auto","background-attachment":"scroll","background-type":"","background-media":"","overlay-type":"","overlay-color":"","overlay-opacity":"","overlay-gradient":""}},"footnotes":""},"class_list":["post-22716","page","type-page","status-publish","hentry"],"yoast_head":"<!-- This site is optimized with the Yoast SEO plugin v25.8 - https:\/\/yoast.com\/wordpress\/plugins\/seo\/ -->\n<title>Herencia, Biodiversidad y Ambiente - Universidad Regional Amaz\u00f3nica Ikiam<\/title>\n<meta name=\"robots\" content=\"index, follow, max-snippet:-1, max-image-preview:large, max-video-preview:-1\" \/>\n<link rel=\"canonical\" href=\"https:\/\/www.ikiam.edu.ec\/index.php\/herencia-biodiversidad-y-ambiente\/\" \/>\n<meta property=\"og:locale\" content=\"es_ES\" \/>\n<meta property=\"og:type\" content=\"article\" \/>\n<meta property=\"og:title\" content=\"Herencia, Biodiversidad y Ambiente - Universidad Regional Amaz\u00f3nica Ikiam\" \/>\n<meta property=\"og:description\" content=\"Herencia, Biodiversidad y Ambiente Titulo El concepto de Biocorredor permiti\u00f3 integrar el concepto del Buen Vivir o Sumak Kawsay en [&hellip;]\" \/>\n<meta property=\"og:url\" content=\"https:\/\/www.ikiam.edu.ec\/index.php\/herencia-biodiversidad-y-ambiente\/\" \/>\n<meta property=\"og:site_name\" content=\"Universidad Regional Amaz\u00f3nica Ikiam\" \/>\n<meta property=\"article:publisher\" content=\"https:\/\/www.facebook.com\/IkiamOficial\/\" \/>\n<meta property=\"og:image\" content=\"https:\/\/www.ikiam.edu.ec\/wp-content\/uploads\/2022\/05\/taller-intercambio-conocimientos-mujeres-tejiendo-vida.jpeg\" \/>\n<meta name=\"twitter:card\" content=\"summary_large_image\" \/>\n<meta name=\"twitter:site\" content=\"@u_ikiam\" \/>\n<meta name=\"twitter:label1\" content=\"Tiempo de lectura\" \/>\n\t<meta name=\"twitter:data1\" content=\"2 minutos\" \/>\n<script type=\"application\/ld+json\" class=\"yoast-schema-graph\">{\"@context\":\"https:\/\/schema.org\",\"@graph\":[{\"@type\":\"WebPage\",\"@id\":\"https:\/\/www.ikiam.edu.ec\/index.php\/herencia-biodiversidad-y-ambiente\/\",\"url\":\"https:\/\/www.ikiam.edu.ec\/index.php\/herencia-biodiversidad-y-ambiente\/\",\"name\":\"Herencia, Biodiversidad y Ambiente - Universidad Regional Amaz\u00f3nica Ikiam\",\"isPartOf\":{\"@id\":\"https:\/\/www.ikiam.edu.ec\/#website\"},\"primaryImageOfPage\":{\"@id\":\"https:\/\/www.ikiam.edu.ec\/index.php\/herencia-biodiversidad-y-ambiente\/#primaryimage\"},\"image\":{\"@id\":\"https:\/\/www.ikiam.edu.ec\/index.php\/herencia-biodiversidad-y-ambiente\/#primaryimage\"},\"thumbnailUrl\":\"https:\/\/www.ikiam.edu.ec\/wp-content\/uploads\/2022\/05\/taller-intercambio-conocimientos-mujeres-tejiendo-vida.jpeg\",\"datePublished\":\"2023-01-30T14:36:41+00:00\",\"breadcrumb\":{\"@id\":\"https:\/\/www.ikiam.edu.ec\/index.php\/herencia-biodiversidad-y-ambiente\/#breadcrumb\"},\"inLanguage\":\"es\",\"potentialAction\":[{\"@type\":\"ReadAction\",\"target\":[\"https:\/\/www.ikiam.edu.ec\/index.php\/herencia-biodiversidad-y-ambiente\/\"]}]},{\"@type\":\"ImageObject\",\"inLanguage\":\"es\",\"@id\":\"https:\/\/www.ikiam.edu.ec\/index.php\/herencia-biodiversidad-y-ambiente\/#primaryimage\",\"url\":\"https:\/\/www.ikiam.edu.ec\/wp-content\/uploads\/2022\/05\/taller-intercambio-conocimientos-mujeres-tejiendo-vida.jpeg\",\"contentUrl\":\"https:\/\/www.ikiam.edu.ec\/wp-content\/uploads\/2022\/05\/taller-intercambio-conocimientos-mujeres-tejiendo-vida.jpeg\",\"width\":904,\"height\":1280},{\"@type\":\"BreadcrumbList\",\"@id\":\"https:\/\/www.ikiam.edu.ec\/index.php\/herencia-biodiversidad-y-ambiente\/#breadcrumb\",\"itemListElement\":[{\"@type\":\"ListItem\",\"position\":1,\"name\":\"La Universidad\",\"item\":\"https:\/\/www.ikiam.edu.ec\/\"},{\"@type\":\"ListItem\",\"position\":2,\"name\":\"Herencia, Biodiversidad y Ambiente\"}]},{\"@type\":\"WebSite\",\"@id\":\"https:\/\/www.ikiam.edu.ec\/#website\",\"url\":\"https:\/\/www.ikiam.edu.ec\/\",\"name\":\"Universidad Regional Amaz\u00f3nica Ikiam\",\"description\":\"\",\"publisher\":{\"@id\":\"https:\/\/www.ikiam.edu.ec\/#organization\"},\"potentialAction\":[{\"@type\":\"SearchAction\",\"target\":{\"@type\":\"EntryPoint\",\"urlTemplate\":\"https:\/\/www.ikiam.edu.ec\/?s={search_term_string}\"},\"query-input\":{\"@type\":\"PropertyValueSpecification\",\"valueRequired\":true,\"valueName\":\"search_term_string\"}}],\"inLanguage\":\"es\"},{\"@type\":\"Organization\",\"@id\":\"https:\/\/www.ikiam.edu.ec\/#organization\",\"name\":\"Universidad Regional Amaz\u00f3nica Ikiam\",\"url\":\"https:\/\/www.ikiam.edu.ec\/\",\"logo\":{\"@type\":\"ImageObject\",\"inLanguage\":\"es\",\"@id\":\"https:\/\/www.ikiam.edu.ec\/#\/schema\/logo\/image\/\",\"url\":\"https:\/\/www.ikiam.edu.ec\/wp-content\/uploads\/2021\/12\/logo-ikiam-1.png\",\"contentUrl\":\"https:\/\/www.ikiam.edu.ec\/wp-content\/uploads\/2021\/12\/logo-ikiam-1.png\",\"width\":210,\"height\":90,\"caption\":\"Universidad Regional Amaz\u00f3nica Ikiam\"},\"image\":{\"@id\":\"https:\/\/www.ikiam.edu.ec\/#\/schema\/logo\/image\/\"},\"sameAs\":[\"https:\/\/www.facebook.com\/IkiamOficial\/\",\"https:\/\/x.com\/u_ikiam\"]}]}<\/script>\n<!-- \/ Yoast SEO plugin. -->","yoast_head_json":{"title":"Herencia, Biodiversidad y Ambiente - Universidad Regional Amaz\u00f3nica Ikiam","robots":{"index":"index","follow":"follow","max-snippet":"max-snippet:-1","max-image-preview":"max-image-preview:large","max-video-preview":"max-video-preview:-1"},"canonical":"https:\/\/www.ikiam.edu.ec\/index.php\/herencia-biodiversidad-y-ambiente\/","og_locale":"es_ES","og_type":"article","og_title":"Herencia, Biodiversidad y Ambiente - Universidad Regional Amaz\u00f3nica Ikiam","og_description":"Herencia, Biodiversidad y Ambiente Titulo El concepto de Biocorredor permiti\u00f3 integrar el concepto del Buen Vivir o Sumak Kawsay en [&hellip;]","og_url":"https:\/\/www.ikiam.edu.ec\/index.php\/herencia-biodiversidad-y-ambiente\/","og_site_name":"Universidad Regional Amaz\u00f3nica Ikiam","article_publisher":"https:\/\/www.facebook.com\/IkiamOficial\/","og_image":[{"url":"https:\/\/www.ikiam.edu.ec\/wp-content\/uploads\/2022\/05\/taller-intercambio-conocimientos-mujeres-tejiendo-vida.jpeg","type":"","width":"","height":""}],"twitter_card":"summary_large_image","twitter_site":"@u_ikiam","twitter_misc":{"Tiempo de lectura":"2 minutos"},"schema":{"@context":"https:\/\/schema.org","@graph":[{"@type":"WebPage","@id":"https:\/\/www.ikiam.edu.ec\/index.php\/herencia-biodiversidad-y-ambiente\/","url":"https:\/\/www.ikiam.edu.ec\/index.php\/herencia-biodiversidad-y-ambiente\/","name":"Herencia, Biodiversidad y Ambiente - Universidad Regional Amaz\u00f3nica Ikiam","isPartOf":{"@id":"https:\/\/www.ikiam.edu.ec\/#website"},"primaryImageOfPage":{"@id":"https:\/\/www.ikiam.edu.ec\/index.php\/herencia-biodiversidad-y-ambiente\/#primaryimage"},"image":{"@id":"https:\/\/www.ikiam.edu.ec\/index.php\/herencia-biodiversidad-y-ambiente\/#primaryimage"},"thumbnailUrl":"https:\/\/www.ikiam.edu.ec\/wp-content\/uploads\/2022\/05\/taller-intercambio-conocimientos-mujeres-tejiendo-vida.jpeg","datePublished":"2023-01-30T14:36:41+00:00","breadcrumb":{"@id":"https:\/\/www.ikiam.edu.ec\/index.php\/herencia-biodiversidad-y-ambiente\/#breadcrumb"},"inLanguage":"es","potentialAction":[{"@type":"ReadAction","target":["https:\/\/www.ikiam.edu.ec\/index.php\/herencia-biodiversidad-y-ambiente\/"]}]},{"@type":"ImageObject","inLanguage":"es","@id":"https:\/\/www.ikiam.edu.ec\/index.php\/herencia-biodiversidad-y-ambiente\/#primaryimage","url":"https:\/\/www.ikiam.edu.ec\/wp-content\/uploads\/2022\/05\/taller-intercambio-conocimientos-mujeres-tejiendo-vida.jpeg","contentUrl":"https:\/\/www.ikiam.edu.ec\/wp-content\/uploads\/2022\/05\/taller-intercambio-conocimientos-mujeres-tejiendo-vida.jpeg","width":904,"height":1280},{"@type":"BreadcrumbList","@id":"https:\/\/www.ikiam.edu.ec\/index.php\/herencia-biodiversidad-y-ambiente\/#breadcrumb","itemListElement":[{"@type":"ListItem","position":1,"name":"La Universidad","item":"https:\/\/www.ikiam.edu.ec\/"},{"@type":"ListItem","position":2,"name":"Herencia, Biodiversidad y Ambiente"}]},{"@type":"WebSite","@id":"https:\/\/www.ikiam.edu.ec\/#website","url":"https:\/\/www.ikiam.edu.ec\/","name":"Universidad Regional Amaz\u00f3nica Ikiam","description":"","publisher":{"@id":"https:\/\/www.ikiam.edu.ec\/#organization"},"potentialAction":[{"@type":"SearchAction","target":{"@type":"EntryPoint","urlTemplate":"https:\/\/www.ikiam.edu.ec\/?s={search_term_string}"},"query-input":{"@type":"PropertyValueSpecification","valueRequired":true,"valueName":"search_term_string"}}],"inLanguage":"es"},{"@type":"Organization","@id":"https:\/\/www.ikiam.edu.ec\/#organization","name":"Universidad Regional Amaz\u00f3nica Ikiam","url":"https:\/\/www.ikiam.edu.ec\/","logo":{"@type":"ImageObject","inLanguage":"es","@id":"https:\/\/www.ikiam.edu.ec\/#\/schema\/logo\/image\/","url":"https:\/\/www.ikiam.edu.ec\/wp-content\/uploads\/2021\/12\/logo-ikiam-1.png","contentUrl":"https:\/\/www.ikiam.edu.ec\/wp-content\/uploads\/2021\/12\/logo-ikiam-1.png","width":210,"height":90,"caption":"Universidad Regional Amaz\u00f3nica Ikiam"},"image":{"@id":"https:\/\/www.ikiam.edu.ec\/#\/schema\/logo\/image\/"},"sameAs":["https:\/\/www.facebook.com\/IkiamOficial\/","https:\/\/x.com\/u_ikiam"]}]}},"_links":{"self":[{"href":"https:\/\/www.ikiam.edu.ec\/index.php\/wp-json\/wp\/v2\/pages\/22716","targetHints":{"allow":["GET"]}}],"collection":[{"href":"https:\/\/www.ikiam.edu.ec\/index.php\/wp-json\/wp\/v2\/pages"}],"about":[{"href":"https:\/\/www.ikiam.edu.ec\/index.php\/wp-json\/wp\/v2\/types\/page"}],"author":[{"embeddable":true,"href":"https:\/\/www.ikiam.edu.ec\/index.php\/wp-json\/wp\/v2\/users\/2"}],"replies":[{"embeddable":true,"href":"https:\/\/www.ikiam.edu.ec\/index.php\/wp-json\/wp\/v2\/comments?post=22716"}],"version-history":[{"count":0,"href":"https:\/\/www.ikiam.edu.ec\/index.php\/wp-json\/wp\/v2\/pages\/22716\/revisions"}],"wp:attachment":[{"href":"https:\/\/www.ikiam.edu.ec\/index.php\/wp-json\/wp\/v2\/media?parent=22716"}],"curies":[{"name":"wp","href":"https:\/\/api.w.org\/{rel}","templated":true}]}}