{"id":47839,"date":"2025-08-29T16:34:31","date_gmt":"2025-08-29T16:34:31","guid":{"rendered":"https:\/\/www.ikiam.edu.ec\/?page_id=47839"},"modified":"2025-08-29T16:37:25","modified_gmt":"2025-08-29T16:37:25","slug":"ligia-fernanda-espinosa-cevallos-perfil-profesional","status":"publish","type":"page","link":"https:\/\/www.ikiam.edu.ec\/index.php\/ligia-fernanda-espinosa-cevallos-perfil-profesional\/","title":{"rendered":"Ligia Fernanda Espinosa Cevallos perfil profesional\u00a0"},"content":{"rendered":"\t\t<div data-elementor-type=\"wp-page\" data-elementor-id=\"47839\" class=\"elementor elementor-47839\" data-elementor-post-type=\"page\">\n\t\t\t\t\t\t<section class=\"elementor-section elementor-top-section elementor-element elementor-element-7e79cde0 elementor-section-boxed elementor-section-height-default elementor-section-height-default\" data-id=\"7e79cde0\" data-element_type=\"section\">\n\t\t\t\t\t\t<div class=\"elementor-container elementor-column-gap-default\">\n\t\t\t\t\t<div class=\"elementor-column elementor-col-100 elementor-top-column elementor-element elementor-element-5a83bec6\" data-id=\"5a83bec6\" data-element_type=\"column\">\n\t\t\t<div class=\"elementor-widget-wrap elementor-element-populated\">\n\t\t\t\t\t\t<div class=\"elementor-element elementor-element-61186e3a elementor-widget elementor-widget-heading\" data-id=\"61186e3a\" data-element_type=\"widget\" data-widget_type=\"heading.default\">\n\t\t\t\t\t<h2 class=\"elementor-heading-title elementor-size-default\">Docente<\/h2>\t\t\t\t<\/div>\n\t\t\t\t<div class=\"elementor-element elementor-element-52465d4e elementor-widget elementor-widget-spacer\" data-id=\"52465d4e\" data-element_type=\"widget\" data-widget_type=\"spacer.default\">\n\t\t\t\t\t\t\t<div class=\"elementor-spacer\">\n\t\t\t<div class=\"elementor-spacer-inner\"><\/div>\n\t\t<\/div>\n\t\t\t\t\t\t<\/div>\n\t\t\t\t<section class=\"elementor-section elementor-inner-section elementor-element elementor-element-69b306f elementor-section-boxed elementor-section-height-default elementor-section-height-default\" data-id=\"69b306f\" data-element_type=\"section\">\n\t\t\t\t\t\t<div class=\"elementor-container elementor-column-gap-default\">\n\t\t\t\t\t<div class=\"elementor-column elementor-col-50 elementor-inner-column elementor-element elementor-element-147bc126\" data-id=\"147bc126\" data-element_type=\"column\">\n\t\t\t<div class=\"elementor-widget-wrap elementor-element-populated\">\n\t\t\t\t\t\t<div class=\"elementor-element elementor-element-58c88a81 elementor-widget elementor-widget-spacer\" data-id=\"58c88a81\" data-element_type=\"widget\" data-widget_type=\"spacer.default\">\n\t\t\t\t\t\t\t<div class=\"elementor-spacer\">\n\t\t\t<div class=\"elementor-spacer-inner\"><\/div>\n\t\t<\/div>\n\t\t\t\t\t\t<\/div>\n\t\t\t\t<div class=\"elementor-element elementor-element-73e563 elementor-widget elementor-widget-heading\" data-id=\"73e563\" data-element_type=\"widget\" data-widget_type=\"heading.default\">\n\t\t\t\t\t<h2 class=\"elementor-heading-title elementor-size-default\">Ligia Fernanda Espinosa Cevallos\n\n<\/h2>\t\t\t\t<\/div>\n\t\t\t\t<div class=\"elementor-element elementor-element-346f708 elementor-widget elementor-widget-image\" data-id=\"346f708\" data-element_type=\"widget\" data-widget_type=\"image.default\">\n\t\t\t\t\t\t\t\t\t\t\t\t\t\t\t<img fetchpriority=\"high\" decoding=\"async\" width=\"1024\" height=\"1024\" src=\"https:\/\/www.ikiam.edu.ec\/wp-content\/uploads\/2025\/08\/1-1-1024x1024.png\" class=\"attachment-large size-large wp-image-47811\" alt=\"\" srcset=\"https:\/\/www.ikiam.edu.ec\/wp-content\/uploads\/2025\/08\/1-1-1024x1024.png 1024w, https:\/\/www.ikiam.edu.ec\/wp-content\/uploads\/2025\/08\/1-1-300x300.png 300w, https:\/\/www.ikiam.edu.ec\/wp-content\/uploads\/2025\/08\/1-1-150x150.png 150w, https:\/\/www.ikiam.edu.ec\/wp-content\/uploads\/2025\/08\/1-1-768x768.png 768w, https:\/\/www.ikiam.edu.ec\/wp-content\/uploads\/2025\/08\/1-1.png 1080w\" sizes=\"(max-width: 1024px) 100vw, 1024px\" \/>\t\t\t\t\t\t\t\t\t\t\t\t\t\t\t<\/div>\n\t\t\t\t<div class=\"elementor-element elementor-element-7755656e elementor-icon-list--layout-inline elementor-list-item-link-full_width elementor-widget elementor-widget-icon-list\" data-id=\"7755656e\" data-element_type=\"widget\" data-widget_type=\"icon-list.default\">\n\t\t\t\t\t\t\t<ul class=\"elementor-icon-list-items elementor-inline-items\">\n\t\t\t\t\t\t\t<li class=\"elementor-icon-list-item elementor-inline-item\">\n\t\t\t\t\t\t\t\t\t\t\t<a href=\"http:\/\/ligia.espinosa@ikiam.edu.ec\">\n\n\t\t\t\t\t\t\t\t\t\t\t\t<span class=\"elementor-icon-list-icon\">\n\t\t\t\t\t\t\t<i aria-hidden=\"true\" class=\"material-icons md-contact_mail\" data-md-icon=\"contact_mail\"><\/i>\t\t\t\t\t\t<\/span>\n\t\t\t\t\t\t\t\t\t\t<span class=\"elementor-icon-list-text\">ligia.espinosa@ikiam.edu.ec<\/span>\n\t\t\t\t\t\t\t\t\t\t\t<\/a>\n\t\t\t\t\t\t\t\t\t<\/li>\n\t\t\t\t\t\t\t\t<li class=\"elementor-icon-list-item elementor-inline-item\">\n\t\t\t\t\t\t\t\t\t\t\t<span class=\"elementor-icon-list-icon\">\n\t\t\t\t\t\t\t<i aria-hidden=\"true\" class=\"material-icons md-location_history\" data-md-icon=\"location_history\"><\/i>\t\t\t\t\t\t<\/span>\n\t\t\t\t\t\t\t\t\t\t<span class=\"elementor-icon-list-text\">Oficina Docentes C<\/span>\n\t\t\t\t\t\t\t\t\t<\/li>\n\t\t\t\t\t\t<\/ul>\n\t\t\t\t\t\t<\/div>\n\t\t\t\t\t<\/div>\n\t\t<\/div>\n\t\t\t\t<div class=\"elementor-column elementor-col-50 elementor-inner-column elementor-element elementor-element-706e2320\" data-id=\"706e2320\" data-element_type=\"column\">\n\t\t\t<div class=\"elementor-widget-wrap elementor-element-populated\">\n\t\t\t\t\t\t<div class=\"elementor-element elementor-element-2d52480 elementor-widget elementor-widget-spacer\" data-id=\"2d52480\" data-element_type=\"widget\" data-widget_type=\"spacer.default\">\n\t\t\t\t\t\t\t<div class=\"elementor-spacer\">\n\t\t\t<div class=\"elementor-spacer-inner\"><\/div>\n\t\t<\/div>\n\t\t\t\t\t\t<\/div>\n\t\t\t\t<div class=\"elementor-element elementor-element-2ccb77e6 elementor-widget elementor-widget-heading\" data-id=\"2ccb77e6\" data-element_type=\"widget\" data-widget_type=\"heading.default\">\n\t\t\t\t\t<h2 class=\"elementor-heading-title elementor-size-default\">Perfil profesional <\/h2>\t\t\t\t<\/div>\n\t\t\t\t<div class=\"elementor-element elementor-element-6a10df07 elementor-align-left elementor-icon-list--layout-traditional elementor-list-item-link-full_width elementor-widget elementor-widget-icon-list\" data-id=\"6a10df07\" data-element_type=\"widget\" data-widget_type=\"icon-list.default\">\n\t\t\t\t\t\t\t<ul class=\"elementor-icon-list-items\">\n\t\t\t\t\t\t\t<li class=\"elementor-icon-list-item\">\n\t\t\t\t\t\t\t\t\t\t\t<span class=\"elementor-icon-list-icon\">\n\t\t\t\t\t\t\t<svg aria-hidden=\"true\" class=\"e-font-icon-svg e-fas-feather-alt\" viewBox=\"0 0 512 512\" xmlns=\"http:\/\/www.w3.org\/2000\/svg\"><path d=\"M512 0C460.22 3.56 96.44 38.2 71.01 287.61c-3.09 26.66-4.84 53.44-5.99 80.24l178.87-178.69c6.25-6.25 16.4-6.25 22.65 0s6.25 16.38 0 22.63L7.04 471.03c-9.38 9.37-9.38 24.57 0 33.94 9.38 9.37 24.59 9.37 33.98 0l57.13-57.07c42.09-.14 84.15-2.53 125.96-7.36 53.48-5.44 97.02-26.47 132.58-56.54H255.74l146.79-48.88c11.25-14.89 21.37-30.71 30.45-47.12h-81.14l106.54-53.21C500.29 132.86 510.19 26.26 512 0z\"><\/path><\/svg>\t\t\t\t\t\t<\/span>\n\t\t\t\t\t\t\t\t\t\t<span class=\"elementor-icon-list-text\">MS. Curriculum &amp; Instruction ESL<\/span>\n\t\t\t\t\t\t\t\t\t<\/li>\n\t\t\t\t\t\t<\/ul>\n\t\t\t\t\t\t<\/div>\n\t\t\t\t<div class=\"elementor-element elementor-element-2e2dbff3 elementor-widget elementor-widget-spacer\" data-id=\"2e2dbff3\" data-element_type=\"widget\" data-widget_type=\"spacer.default\">\n\t\t\t\t\t\t\t<div class=\"elementor-spacer\">\n\t\t\t<div class=\"elementor-spacer-inner\"><\/div>\n\t\t<\/div>\n\t\t\t\t\t\t<\/div>\n\t\t\t\t<div class=\"elementor-element elementor-element-5493e472 elementor-widget elementor-widget-heading\" data-id=\"5493e472\" data-element_type=\"widget\" data-widget_type=\"heading.default\">\n\t\t\t\t\t<h2 class=\"elementor-heading-title elementor-size-default\">Biograf\u00eda<\/h2>\t\t\t\t<\/div>\n\t\t\t\t<div class=\"elementor-element elementor-element-8ac0996 elementor-widget elementor-widget-text-editor\" data-id=\"8ac0996\" data-element_type=\"widget\" data-widget_type=\"text-editor.default\">\n\t\t\t\t\t\t\t\t\t<p style=\"font-size: 18px; text-align: left;\">Fernanda Espinosa obtuvo una Sub-Especializaci\u00f3n en Educaci\u00f3n en la Universidad San Francisco de Quito en el a\u00f1o 2012.<\/p><p style=\"font-size: 18px;\">En 2012 y 2014, obtuvo dos becas tanto\u00a0 para capacitaci\u00f3n como para maestr\u00eda patrocinadas por el gobierno ecuatoriano para estudiar en el extranjero. En el a\u00f1o 2014, obtuvo su Maestr\u00eda en Curr\u00edculo e Instrucci\u00f3n con \u00e9nfasis en ESL en Kansas State University en Estados Unidos. En todas estas universidades, fue premiada como la mejor estudiante.<\/p>\t\t\t\t\t\t\t\t<\/div>\n\t\t\t\t<div class=\"elementor-element elementor-element-5dd5b3b2 elementor-widget elementor-widget-text-editor\" data-id=\"5dd5b3b2\" data-element_type=\"widget\" data-widget_type=\"text-editor.default\">\n\t\t\t\t\t\t\t\t\t<p style=\"font-size: 18px;\">Fernanda Espinosa ha trabajado como docente de ingl\u00e9s en instituciones p\u00fablicas y privadas en Ecuador y Estados Unidos y actualmente trabaja en la Universidad Regional Amaz\u00f3nica Ikiam como docente e investigadora. Es parte de varios proyectos de investigaci\u00f3n relacionados con la ense\u00f1anza del ingl\u00e9s como lengua extranjera, publicando art\u00edculos y libros en el \u00e1rea y participando en conferencias nacionales e internacionales.<\/p>\t\t\t\t\t\t\t\t<\/div>\n\t\t\t\t\t<\/div>\n\t\t<\/div>\n\t\t\t\t\t<\/div>\n\t\t<\/section>\n\t\t\t\t\t<\/div>\n\t\t<\/div>\n\t\t\t\t\t<\/div>\n\t\t<\/section>\n\t\t\t\t<\/div>\n\t\t","protected":false},"excerpt":{"rendered":"<p>Docente Ligia Fernanda Espinosa Cevallos ligia.espinosa@ikiam.edu.ec Oficina Docentes C Perfil profesional MS. Curriculum &#038; Instruction ESL Biograf\u00eda Fernanda Espinosa obtuvo [&hellip;]<\/p>\n","protected":false},"author":2,"featured_media":0,"parent":0,"menu_order":0,"comment_status":"closed","ping_status":"closed","template":"","meta":{"site-sidebar-layout":"no-sidebar","site-content-layout":"","ast-site-content-layout":"full-width-container","site-content-style":"default","site-sidebar-style":"default","ast-global-header-display":"","ast-banner-title-visibility":"","ast-main-header-display":"","ast-hfb-above-header-display":"","ast-hfb-below-header-display":"","ast-hfb-mobile-header-display":"","site-post-title":"","ast-breadcrumbs-content":"","ast-featured-img":"disabled","footer-sml-layout":"","theme-transparent-header-meta":"","adv-header-id-meta":"","stick-header-meta":"","header-above-stick-meta":"","header-main-stick-meta":"","header-below-stick-meta":"","astra-migrate-meta-layouts":"default","ast-page-background-enabled":"default","ast-page-background-meta":{"desktop":{"background-color":"var(--ast-global-color-5)","background-image":"","background-repeat":"repeat","background-position":"center center","background-size":"auto","background-attachment":"scroll","background-type":"","background-media":"","overlay-type":"","overlay-color":"","overlay-opacity":"","overlay-gradient":""},"tablet":{"background-color":"","background-image":"","background-repeat":"repeat","background-position":"center center","background-size":"auto","background-attachment":"scroll","background-type":"","background-media":"","overlay-type":"","overlay-color":"","overlay-opacity":"","overlay-gradient":""},"mobile":{"background-color":"","background-image":"","background-repeat":"repeat","background-position":"center center","background-size":"auto","background-attachment":"scroll","background-type":"","background-media":"","overlay-type":"","overlay-color":"","overlay-opacity":"","overlay-gradient":""}},"ast-content-background-meta":{"desktop":{"background-color":"var(--ast-global-color-4)","background-image":"","background-repeat":"repeat","background-position":"center center","background-size":"auto","background-attachment":"scroll","background-type":"","background-media":"","overlay-type":"","overlay-color":"","overlay-opacity":"","overlay-gradient":""},"tablet":{"background-color":"var(--ast-global-color-4)","background-image":"","background-repeat":"repeat","background-position":"center center","background-size":"auto","background-attachment":"scroll","background-type":"","background-media":"","overlay-type":"","overlay-color":"","overlay-opacity":"","overlay-gradient":""},"mobile":{"background-color":"var(--ast-global-color-4)","background-image":"","background-repeat":"repeat","background-position":"center center","background-size":"auto","background-attachment":"scroll","background-type":"","background-media":"","overlay-type":"","overlay-color":"","overlay-opacity":"","overlay-gradient":""}},"footnotes":""},"class_list":["post-47839","page","type-page","status-publish","hentry"],"yoast_head":"<!-- This site is optimized with the Yoast SEO plugin v25.8 - https:\/\/yoast.com\/wordpress\/plugins\/seo\/ -->\n<title>Ligia Fernanda Espinosa Cevallos perfil profesional\u00a0 - Universidad Regional Amaz\u00f3nica Ikiam<\/title>\n<meta name=\"robots\" content=\"index, follow, max-snippet:-1, max-image-preview:large, max-video-preview:-1\" \/>\n<link rel=\"canonical\" href=\"https:\/\/www.ikiam.edu.ec\/index.php\/ligia-fernanda-espinosa-cevallos-perfil-profesional\/\" \/>\n<meta property=\"og:locale\" content=\"es_ES\" \/>\n<meta property=\"og:type\" content=\"article\" \/>\n<meta property=\"og:title\" content=\"Ligia Fernanda Espinosa Cevallos perfil profesional\u00a0 - Universidad Regional Amaz\u00f3nica Ikiam\" \/>\n<meta property=\"og:description\" content=\"Docente Ligia Fernanda Espinosa Cevallos ligia.espinosa@ikiam.edu.ec Oficina Docentes C Perfil profesional MS. Curriculum &#038; Instruction ESL Biograf\u00eda Fernanda Espinosa obtuvo [&hellip;]\" \/>\n<meta property=\"og:url\" content=\"https:\/\/www.ikiam.edu.ec\/index.php\/ligia-fernanda-espinosa-cevallos-perfil-profesional\/\" \/>\n<meta property=\"og:site_name\" content=\"Universidad Regional Amaz\u00f3nica Ikiam\" \/>\n<meta property=\"article:publisher\" content=\"https:\/\/www.facebook.com\/IkiamOficial\/\" \/>\n<meta property=\"article:modified_time\" content=\"2025-08-29T16:37:25+00:00\" \/>\n<meta property=\"og:image\" content=\"https:\/\/www.ikiam.edu.ec\/wp-content\/uploads\/2025\/08\/1-1-1024x1024.png\" \/>\n<meta name=\"twitter:card\" content=\"summary_large_image\" \/>\n<meta name=\"twitter:site\" content=\"@u_ikiam\" \/>\n<meta name=\"twitter:label1\" content=\"Tiempo de lectura\" \/>\n\t<meta name=\"twitter:data1\" content=\"1 minuto\" \/>\n<script type=\"application\/ld+json\" class=\"yoast-schema-graph\">{\"@context\":\"https:\/\/schema.org\",\"@graph\":[{\"@type\":\"WebPage\",\"@id\":\"https:\/\/www.ikiam.edu.ec\/index.php\/ligia-fernanda-espinosa-cevallos-perfil-profesional\/\",\"url\":\"https:\/\/www.ikiam.edu.ec\/index.php\/ligia-fernanda-espinosa-cevallos-perfil-profesional\/\",\"name\":\"Ligia Fernanda Espinosa Cevallos perfil profesional\u00a0 - Universidad Regional Amaz\u00f3nica Ikiam\",\"isPartOf\":{\"@id\":\"https:\/\/www.ikiam.edu.ec\/#website\"},\"primaryImageOfPage\":{\"@id\":\"https:\/\/www.ikiam.edu.ec\/index.php\/ligia-fernanda-espinosa-cevallos-perfil-profesional\/#primaryimage\"},\"image\":{\"@id\":\"https:\/\/www.ikiam.edu.ec\/index.php\/ligia-fernanda-espinosa-cevallos-perfil-profesional\/#primaryimage\"},\"thumbnailUrl\":\"https:\/\/www.ikiam.edu.ec\/wp-content\/uploads\/2025\/08\/1-1-1024x1024.png\",\"datePublished\":\"2025-08-29T16:34:31+00:00\",\"dateModified\":\"2025-08-29T16:37:25+00:00\",\"breadcrumb\":{\"@id\":\"https:\/\/www.ikiam.edu.ec\/index.php\/ligia-fernanda-espinosa-cevallos-perfil-profesional\/#breadcrumb\"},\"inLanguage\":\"es\",\"potentialAction\":[{\"@type\":\"ReadAction\",\"target\":[\"https:\/\/www.ikiam.edu.ec\/index.php\/ligia-fernanda-espinosa-cevallos-perfil-profesional\/\"]}]},{\"@type\":\"ImageObject\",\"inLanguage\":\"es\",\"@id\":\"https:\/\/www.ikiam.edu.ec\/index.php\/ligia-fernanda-espinosa-cevallos-perfil-profesional\/#primaryimage\",\"url\":\"https:\/\/www.ikiam.edu.ec\/wp-content\/uploads\/2025\/08\/1-1.png\",\"contentUrl\":\"https:\/\/www.ikiam.edu.ec\/wp-content\/uploads\/2025\/08\/1-1.png\",\"width\":1080,\"height\":1080},{\"@type\":\"BreadcrumbList\",\"@id\":\"https:\/\/www.ikiam.edu.ec\/index.php\/ligia-fernanda-espinosa-cevallos-perfil-profesional\/#breadcrumb\",\"itemListElement\":[{\"@type\":\"ListItem\",\"position\":1,\"name\":\"La Universidad\",\"item\":\"https:\/\/www.ikiam.edu.ec\/\"},{\"@type\":\"ListItem\",\"position\":2,\"name\":\"Ligia Fernanda Espinosa Cevallos perfil profesional\u00a0\"}]},{\"@type\":\"WebSite\",\"@id\":\"https:\/\/www.ikiam.edu.ec\/#website\",\"url\":\"https:\/\/www.ikiam.edu.ec\/\",\"name\":\"Universidad Regional Amaz\u00f3nica Ikiam\",\"description\":\"\",\"publisher\":{\"@id\":\"https:\/\/www.ikiam.edu.ec\/#organization\"},\"potentialAction\":[{\"@type\":\"SearchAction\",\"target\":{\"@type\":\"EntryPoint\",\"urlTemplate\":\"https:\/\/www.ikiam.edu.ec\/?s={search_term_string}\"},\"query-input\":{\"@type\":\"PropertyValueSpecification\",\"valueRequired\":true,\"valueName\":\"search_term_string\"}}],\"inLanguage\":\"es\"},{\"@type\":\"Organization\",\"@id\":\"https:\/\/www.ikiam.edu.ec\/#organization\",\"name\":\"Universidad Regional Amaz\u00f3nica Ikiam\",\"url\":\"https:\/\/www.ikiam.edu.ec\/\",\"logo\":{\"@type\":\"ImageObject\",\"inLanguage\":\"es\",\"@id\":\"https:\/\/www.ikiam.edu.ec\/#\/schema\/logo\/image\/\",\"url\":\"https:\/\/www.ikiam.edu.ec\/wp-content\/uploads\/2021\/12\/logo-ikiam-1.png\",\"contentUrl\":\"https:\/\/www.ikiam.edu.ec\/wp-content\/uploads\/2021\/12\/logo-ikiam-1.png\",\"width\":210,\"height\":90,\"caption\":\"Universidad Regional Amaz\u00f3nica Ikiam\"},\"image\":{\"@id\":\"https:\/\/www.ikiam.edu.ec\/#\/schema\/logo\/image\/\"},\"sameAs\":[\"https:\/\/www.facebook.com\/IkiamOficial\/\",\"https:\/\/x.com\/u_ikiam\"]}]}<\/script>\n<!-- \/ Yoast SEO plugin. -->","yoast_head_json":{"title":"Ligia Fernanda Espinosa Cevallos perfil profesional\u00a0 - Universidad Regional Amaz\u00f3nica Ikiam","robots":{"index":"index","follow":"follow","max-snippet":"max-snippet:-1","max-image-preview":"max-image-preview:large","max-video-preview":"max-video-preview:-1"},"canonical":"https:\/\/www.ikiam.edu.ec\/index.php\/ligia-fernanda-espinosa-cevallos-perfil-profesional\/","og_locale":"es_ES","og_type":"article","og_title":"Ligia Fernanda Espinosa Cevallos perfil profesional\u00a0 - Universidad Regional Amaz\u00f3nica Ikiam","og_description":"Docente Ligia Fernanda Espinosa Cevallos ligia.espinosa@ikiam.edu.ec Oficina Docentes C Perfil profesional MS. Curriculum &#038; Instruction ESL Biograf\u00eda Fernanda Espinosa obtuvo [&hellip;]","og_url":"https:\/\/www.ikiam.edu.ec\/index.php\/ligia-fernanda-espinosa-cevallos-perfil-profesional\/","og_site_name":"Universidad Regional Amaz\u00f3nica Ikiam","article_publisher":"https:\/\/www.facebook.com\/IkiamOficial\/","article_modified_time":"2025-08-29T16:37:25+00:00","og_image":[{"url":"https:\/\/www.ikiam.edu.ec\/wp-content\/uploads\/2025\/08\/1-1-1024x1024.png","type":"","width":"","height":""}],"twitter_card":"summary_large_image","twitter_site":"@u_ikiam","twitter_misc":{"Tiempo de lectura":"1 minuto"},"schema":{"@context":"https:\/\/schema.org","@graph":[{"@type":"WebPage","@id":"https:\/\/www.ikiam.edu.ec\/index.php\/ligia-fernanda-espinosa-cevallos-perfil-profesional\/","url":"https:\/\/www.ikiam.edu.ec\/index.php\/ligia-fernanda-espinosa-cevallos-perfil-profesional\/","name":"Ligia Fernanda Espinosa Cevallos perfil profesional\u00a0 - Universidad Regional Amaz\u00f3nica Ikiam","isPartOf":{"@id":"https:\/\/www.ikiam.edu.ec\/#website"},"primaryImageOfPage":{"@id":"https:\/\/www.ikiam.edu.ec\/index.php\/ligia-fernanda-espinosa-cevallos-perfil-profesional\/#primaryimage"},"image":{"@id":"https:\/\/www.ikiam.edu.ec\/index.php\/ligia-fernanda-espinosa-cevallos-perfil-profesional\/#primaryimage"},"thumbnailUrl":"https:\/\/www.ikiam.edu.ec\/wp-content\/uploads\/2025\/08\/1-1-1024x1024.png","datePublished":"2025-08-29T16:34:31+00:00","dateModified":"2025-08-29T16:37:25+00:00","breadcrumb":{"@id":"https:\/\/www.ikiam.edu.ec\/index.php\/ligia-fernanda-espinosa-cevallos-perfil-profesional\/#breadcrumb"},"inLanguage":"es","potentialAction":[{"@type":"ReadAction","target":["https:\/\/www.ikiam.edu.ec\/index.php\/ligia-fernanda-espinosa-cevallos-perfil-profesional\/"]}]},{"@type":"ImageObject","inLanguage":"es","@id":"https:\/\/www.ikiam.edu.ec\/index.php\/ligia-fernanda-espinosa-cevallos-perfil-profesional\/#primaryimage","url":"https:\/\/www.ikiam.edu.ec\/wp-content\/uploads\/2025\/08\/1-1.png","contentUrl":"https:\/\/www.ikiam.edu.ec\/wp-content\/uploads\/2025\/08\/1-1.png","width":1080,"height":1080},{"@type":"BreadcrumbList","@id":"https:\/\/www.ikiam.edu.ec\/index.php\/ligia-fernanda-espinosa-cevallos-perfil-profesional\/#breadcrumb","itemListElement":[{"@type":"ListItem","position":1,"name":"La Universidad","item":"https:\/\/www.ikiam.edu.ec\/"},{"@type":"ListItem","position":2,"name":"Ligia Fernanda Espinosa Cevallos perfil profesional\u00a0"}]},{"@type":"WebSite","@id":"https:\/\/www.ikiam.edu.ec\/#website","url":"https:\/\/www.ikiam.edu.ec\/","name":"Universidad Regional Amaz\u00f3nica Ikiam","description":"","publisher":{"@id":"https:\/\/www.ikiam.edu.ec\/#organization"},"potentialAction":[{"@type":"SearchAction","target":{"@type":"EntryPoint","urlTemplate":"https:\/\/www.ikiam.edu.ec\/?s={search_term_string}"},"query-input":{"@type":"PropertyValueSpecification","valueRequired":true,"valueName":"search_term_string"}}],"inLanguage":"es"},{"@type":"Organization","@id":"https:\/\/www.ikiam.edu.ec\/#organization","name":"Universidad Regional Amaz\u00f3nica Ikiam","url":"https:\/\/www.ikiam.edu.ec\/","logo":{"@type":"ImageObject","inLanguage":"es","@id":"https:\/\/www.ikiam.edu.ec\/#\/schema\/logo\/image\/","url":"https:\/\/www.ikiam.edu.ec\/wp-content\/uploads\/2021\/12\/logo-ikiam-1.png","contentUrl":"https:\/\/www.ikiam.edu.ec\/wp-content\/uploads\/2021\/12\/logo-ikiam-1.png","width":210,"height":90,"caption":"Universidad Regional Amaz\u00f3nica Ikiam"},"image":{"@id":"https:\/\/www.ikiam.edu.ec\/#\/schema\/logo\/image\/"},"sameAs":["https:\/\/www.facebook.com\/IkiamOficial\/","https:\/\/x.com\/u_ikiam"]}]}},"_links":{"self":[{"href":"https:\/\/www.ikiam.edu.ec\/index.php\/wp-json\/wp\/v2\/pages\/47839","targetHints":{"allow":["GET"]}}],"collection":[{"href":"https:\/\/www.ikiam.edu.ec\/index.php\/wp-json\/wp\/v2\/pages"}],"about":[{"href":"https:\/\/www.ikiam.edu.ec\/index.php\/wp-json\/wp\/v2\/types\/page"}],"author":[{"embeddable":true,"href":"https:\/\/www.ikiam.edu.ec\/index.php\/wp-json\/wp\/v2\/users\/2"}],"replies":[{"embeddable":true,"href":"https:\/\/www.ikiam.edu.ec\/index.php\/wp-json\/wp\/v2\/comments?post=47839"}],"version-history":[{"count":7,"href":"https:\/\/www.ikiam.edu.ec\/index.php\/wp-json\/wp\/v2\/pages\/47839\/revisions"}],"predecessor-version":[{"id":47850,"href":"https:\/\/www.ikiam.edu.ec\/index.php\/wp-json\/wp\/v2\/pages\/47839\/revisions\/47850"}],"wp:attachment":[{"href":"https:\/\/www.ikiam.edu.ec\/index.php\/wp-json\/wp\/v2\/media?parent=47839"}],"curies":[{"name":"wp","href":"https:\/\/api.w.org\/{rel}","templated":true}]}}