{"id":47883,"date":"2025-08-29T18:16:54","date_gmt":"2025-08-29T18:16:54","guid":{"rendered":"https:\/\/www.ikiam.edu.ec\/?page_id=47883"},"modified":"2025-08-29T18:28:06","modified_gmt":"2025-08-29T18:28:06","slug":"carmen-gutierrez-perfil-profesional","status":"publish","type":"page","link":"https:\/\/www.ikiam.edu.ec\/index.php\/carmen-gutierrez-perfil-profesional\/","title":{"rendered":"Carmen Gutierrez perfil profesional"},"content":{"rendered":"\t\t<div data-elementor-type=\"wp-page\" data-elementor-id=\"47883\" class=\"elementor elementor-47883\" data-elementor-post-type=\"page\">\n\t\t\t\t\t\t<section class=\"elementor-section elementor-top-section elementor-element elementor-element-561788cb elementor-section-boxed elementor-section-height-default elementor-section-height-default\" data-id=\"561788cb\" data-element_type=\"section\">\n\t\t\t\t\t\t<div class=\"elementor-container elementor-column-gap-default\">\n\t\t\t\t\t<div class=\"elementor-column elementor-col-100 elementor-top-column elementor-element elementor-element-33fb01d2\" data-id=\"33fb01d2\" data-element_type=\"column\">\n\t\t\t<div class=\"elementor-widget-wrap elementor-element-populated\">\n\t\t\t\t\t\t<div class=\"elementor-element elementor-element-542a06db elementor-widget elementor-widget-heading\" data-id=\"542a06db\" data-element_type=\"widget\" data-widget_type=\"heading.default\">\n\t\t\t\t\t<h2 class=\"elementor-heading-title elementor-size-default\">Docente<\/h2>\t\t\t\t<\/div>\n\t\t\t\t<div class=\"elementor-element elementor-element-4c6c4f93 elementor-widget elementor-widget-spacer\" data-id=\"4c6c4f93\" data-element_type=\"widget\" data-widget_type=\"spacer.default\">\n\t\t\t\t\t\t\t<div class=\"elementor-spacer\">\n\t\t\t<div class=\"elementor-spacer-inner\"><\/div>\n\t\t<\/div>\n\t\t\t\t\t\t<\/div>\n\t\t\t\t<section class=\"elementor-section elementor-inner-section elementor-element elementor-element-36eb2cdb elementor-section-boxed elementor-section-height-default elementor-section-height-default\" data-id=\"36eb2cdb\" data-element_type=\"section\">\n\t\t\t\t\t\t<div class=\"elementor-container elementor-column-gap-default\">\n\t\t\t\t\t<div class=\"elementor-column elementor-col-50 elementor-inner-column elementor-element elementor-element-3cbee54d\" data-id=\"3cbee54d\" data-element_type=\"column\">\n\t\t\t<div class=\"elementor-widget-wrap elementor-element-populated\">\n\t\t\t\t\t\t<div class=\"elementor-element elementor-element-5fcbebf1 elementor-widget elementor-widget-spacer\" data-id=\"5fcbebf1\" data-element_type=\"widget\" data-widget_type=\"spacer.default\">\n\t\t\t\t\t\t\t<div class=\"elementor-spacer\">\n\t\t\t<div class=\"elementor-spacer-inner\"><\/div>\n\t\t<\/div>\n\t\t\t\t\t\t<\/div>\n\t\t\t\t<div class=\"elementor-element elementor-element-35de9b22 elementor-widget elementor-widget-heading\" data-id=\"35de9b22\" data-element_type=\"widget\" data-widget_type=\"heading.default\">\n\t\t\t\t\t<h2 class=\"elementor-heading-title elementor-size-default\">Carmen Beatriz Guti\u00e9rrez Heras <\/h2>\t\t\t\t<\/div>\n\t\t\t\t<div class=\"elementor-element elementor-element-79fcbda2 elementor-widget elementor-widget-image\" data-id=\"79fcbda2\" data-element_type=\"widget\" data-widget_type=\"image.default\">\n\t\t\t\t\t\t\t\t\t\t\t\t\t\t\t<img fetchpriority=\"high\" decoding=\"async\" width=\"1024\" height=\"1024\" src=\"https:\/\/www.ikiam.edu.ec\/wp-content\/uploads\/2025\/08\/Carmen-Gutierrez-docente--1024x1024.png\" class=\"attachment-large size-large wp-image-47815\" alt=\"\" srcset=\"https:\/\/www.ikiam.edu.ec\/wp-content\/uploads\/2025\/08\/Carmen-Gutierrez-docente--1024x1024.png 1024w, https:\/\/www.ikiam.edu.ec\/wp-content\/uploads\/2025\/08\/Carmen-Gutierrez-docente--300x300.png 300w, https:\/\/www.ikiam.edu.ec\/wp-content\/uploads\/2025\/08\/Carmen-Gutierrez-docente--150x150.png 150w, https:\/\/www.ikiam.edu.ec\/wp-content\/uploads\/2025\/08\/Carmen-Gutierrez-docente--768x768.png 768w, https:\/\/www.ikiam.edu.ec\/wp-content\/uploads\/2025\/08\/Carmen-Gutierrez-docente-.png 1080w\" sizes=\"(max-width: 1024px) 100vw, 1024px\" \/>\t\t\t\t\t\t\t\t\t\t\t\t\t\t\t<\/div>\n\t\t\t\t<div class=\"elementor-element elementor-element-706bea05 elementor-widget elementor-widget-spacer\" data-id=\"706bea05\" data-element_type=\"widget\" data-widget_type=\"spacer.default\">\n\t\t\t\t\t\t\t<div class=\"elementor-spacer\">\n\t\t\t<div class=\"elementor-spacer-inner\"><\/div>\n\t\t<\/div>\n\t\t\t\t\t\t<\/div>\n\t\t\t\t<div class=\"elementor-element elementor-element-2f244b67 elementor-icon-list--layout-inline elementor-list-item-link-full_width elementor-widget elementor-widget-icon-list\" data-id=\"2f244b67\" data-element_type=\"widget\" data-widget_type=\"icon-list.default\">\n\t\t\t\t\t\t\t<ul class=\"elementor-icon-list-items elementor-inline-items\">\n\t\t\t\t\t\t\t<li class=\"elementor-icon-list-item elementor-inline-item\">\n\t\t\t\t\t\t\t\t\t\t\t<a href=\"mailto:%20carmen.gutierrez@ikiam.edu.ec\">\n\n\t\t\t\t\t\t\t\t\t\t\t\t<span class=\"elementor-icon-list-icon\">\n\t\t\t\t\t\t\t<i aria-hidden=\"true\" class=\"material-icons md-contact_mail\" data-md-icon=\"contact_mail\"><\/i>\t\t\t\t\t\t<\/span>\n\t\t\t\t\t\t\t\t\t\t<span class=\"elementor-icon-list-text\">carmen.gutierrez@ikiam.edu.ec<\/span>\n\t\t\t\t\t\t\t\t\t\t\t<\/a>\n\t\t\t\t\t\t\t\t\t<\/li>\n\t\t\t\t\t\t\t\t<li class=\"elementor-icon-list-item elementor-inline-item\">\n\t\t\t\t\t\t\t\t\t\t\t<span class=\"elementor-icon-list-icon\">\n\t\t\t\t\t\t\t<i aria-hidden=\"true\" class=\"material-icons md-location_history\" data-md-icon=\"location_history\"><\/i>\t\t\t\t\t\t<\/span>\n\t\t\t\t\t\t\t\t\t\t<span class=\"elementor-icon-list-text\">Oficina Docentes C<\/span>\n\t\t\t\t\t\t\t\t\t<\/li>\n\t\t\t\t\t\t<\/ul>\n\t\t\t\t\t\t<\/div>\n\t\t\t\t\t<\/div>\n\t\t<\/div>\n\t\t\t\t<div class=\"elementor-column elementor-col-50 elementor-inner-column elementor-element elementor-element-6a343373\" data-id=\"6a343373\" data-element_type=\"column\">\n\t\t\t<div class=\"elementor-widget-wrap elementor-element-populated\">\n\t\t\t\t\t\t<div class=\"elementor-element elementor-element-5433cb13 elementor-widget elementor-widget-spacer\" data-id=\"5433cb13\" data-element_type=\"widget\" data-widget_type=\"spacer.default\">\n\t\t\t\t\t\t\t<div class=\"elementor-spacer\">\n\t\t\t<div class=\"elementor-spacer-inner\"><\/div>\n\t\t<\/div>\n\t\t\t\t\t\t<\/div>\n\t\t\t\t<div class=\"elementor-element elementor-element-5256f5cf elementor-widget elementor-widget-heading\" data-id=\"5256f5cf\" data-element_type=\"widget\" data-widget_type=\"heading.default\">\n\t\t\t\t\t<h2 class=\"elementor-heading-title elementor-size-default\">Perfil profesional <\/h2>\t\t\t\t<\/div>\n\t\t\t\t<div class=\"elementor-element elementor-element-2db6900b elementor-align-left elementor-icon-list--layout-traditional elementor-list-item-link-full_width elementor-widget elementor-widget-icon-list\" data-id=\"2db6900b\" data-element_type=\"widget\" data-widget_type=\"icon-list.default\">\n\t\t\t\t\t\t\t<ul class=\"elementor-icon-list-items\">\n\t\t\t\t\t\t\t<li class=\"elementor-icon-list-item\">\n\t\t\t\t\t\t\t\t\t\t\t<span class=\"elementor-icon-list-icon\">\n\t\t\t\t\t\t\t<svg aria-hidden=\"true\" class=\"e-font-icon-svg e-fas-feather-alt\" viewBox=\"0 0 512 512\" xmlns=\"http:\/\/www.w3.org\/2000\/svg\"><path d=\"M512 0C460.22 3.56 96.44 38.2 71.01 287.61c-3.09 26.66-4.84 53.44-5.99 80.24l178.87-178.69c6.25-6.25 16.4-6.25 22.65 0s6.25 16.38 0 22.63L7.04 471.03c-9.38 9.37-9.38 24.57 0 33.94 9.38 9.37 24.59 9.37 33.98 0l57.13-57.07c42.09-.14 84.15-2.53 125.96-7.36 53.48-5.44 97.02-26.47 132.58-56.54H255.74l146.79-48.88c11.25-14.89 21.37-30.71 30.45-47.12h-81.14l106.54-53.21C500.29 132.86 510.19 26.26 512 0z\"><\/path><\/svg>\t\t\t\t\t\t<\/span>\n\t\t\t\t\t\t\t\t\t\t<span class=\"elementor-icon-list-text\">Maestr\u00eda en Pedagog\u00eda del Ingl\u00e9s<\/span>\n\t\t\t\t\t\t\t\t\t<\/li>\n\t\t\t\t\t\t<\/ul>\n\t\t\t\t\t\t<\/div>\n\t\t\t\t<div class=\"elementor-element elementor-element-593abd93 elementor-widget elementor-widget-spacer\" data-id=\"593abd93\" data-element_type=\"widget\" data-widget_type=\"spacer.default\">\n\t\t\t\t\t\t\t<div class=\"elementor-spacer\">\n\t\t\t<div class=\"elementor-spacer-inner\"><\/div>\n\t\t<\/div>\n\t\t\t\t\t\t<\/div>\n\t\t\t\t<div class=\"elementor-element elementor-element-3ddc5cc5 elementor-widget elementor-widget-heading\" data-id=\"3ddc5cc5\" data-element_type=\"widget\" data-widget_type=\"heading.default\">\n\t\t\t\t\t<h2 class=\"elementor-heading-title elementor-size-default\">Biograf\u00eda<\/h2>\t\t\t\t<\/div>\n\t\t\t\t<div class=\"elementor-element elementor-element-6e6c3ef3 elementor-widget elementor-widget-text-editor\" data-id=\"6e6c3ef3\" data-element_type=\"widget\" data-widget_type=\"text-editor.default\">\n\t\t\t\t\t\t\t\t\t<p style=\"font-size: 18px;\">Carmen Guti\u00e9rrez tiene una licenciatura en Ciencias de la Educaci\u00f3n, especialidad Ingl\u00e9s en la Universidad T\u00e9cnica de Ambato, Diplomado en Pedagog\u00eda de la Comunicaci\u00f3n en la Universidad Uniandes, Diplomado en Ense\u00f1anza del Ingl\u00e9s y una maestr\u00eda en Pedagog\u00eda del Ingl\u00e9s, ambos en la Pontificia Universidad Cat\u00f3lica del Ecuador (PUCE).  Ha trabajado con estudiantes desde nivel inicial hasta Pre-grado. Su experiencia como docente la empieza en la Unidad Educativa INSUTEC en la cual implementa el proyecto \u201cLet\u2019s think in English\u201d. Al mismo tiempo trabaj\u00f3 como tutora de ingl\u00e9s en la Universidad Regional Uniandes (matriz y centros de apoyo en Babahoyo y Santo Domingo.) Posteriormente trabaj\u00f3 en el Colegio San Jos\u00e9, en Tena con el programa de Bachillerato Internacional. \nEn el lapso de 5 a\u00f1os trabaj\u00f3 en la aerol\u00ednea Tame Ep., como agente de ventas y tr\u00e1fico. A continuaci\u00f3n trabaj\u00f3 como profesora de ingl\u00e9s en la Unidad Educativa Maximiliano Spiller hasta el a\u00f1o 2022, en el cual empez\u00f3 a trabajar en el Instituto Superior tecnol\u00f3gico Tena siendo profesora de ingl\u00e9s, coordinadora del Centro de Idiomas y tutora de trabajos de integraci\u00f3n curricular en las carreras de Gesti\u00f3n de Operaciones Tur\u00edsticas y Hoteleras; y Desarrollo Infantil. Actualmente trabaja como docente de ingl\u00e9s en la Universidad Regional Amaz\u00f3nica Ikiam.\n<\/p>\t\t\t\t\t\t\t\t<\/div>\n\t\t\t\t\t<\/div>\n\t\t<\/div>\n\t\t\t\t\t<\/div>\n\t\t<\/section>\n\t\t\t\t\t<\/div>\n\t\t<\/div>\n\t\t\t\t\t<\/div>\n\t\t<\/section>\n\t\t\t\t<\/div>\n\t\t","protected":false},"excerpt":{"rendered":"<p>Docente Carmen Beatriz Guti\u00e9rrez Heras carmen.gutierrez@ikiam.edu.ec Oficina Docentes C Perfil profesional Maestr\u00eda en Pedagog\u00eda del Ingl\u00e9s Biograf\u00eda Carmen Guti\u00e9rrez tiene [&hellip;]<\/p>\n","protected":false},"author":2,"featured_media":0,"parent":0,"menu_order":0,"comment_status":"closed","ping_status":"closed","template":"","meta":{"site-sidebar-layout":"no-sidebar","site-content-layout":"","ast-site-content-layout":"full-width-container","site-content-style":"default","site-sidebar-style":"default","ast-global-header-display":"","ast-banner-title-visibility":"","ast-main-header-display":"","ast-hfb-above-header-display":"","ast-hfb-below-header-display":"","ast-hfb-mobile-header-display":"","site-post-title":"","ast-breadcrumbs-content":"","ast-featured-img":"disabled","footer-sml-layout":"","theme-transparent-header-meta":"","adv-header-id-meta":"","stick-header-meta":"","header-above-stick-meta":"","header-main-stick-meta":"","header-below-stick-meta":"","astra-migrate-meta-layouts":"default","ast-page-background-enabled":"default","ast-page-background-meta":{"desktop":{"background-color":"var(--ast-global-color-5)","background-image":"","background-repeat":"repeat","background-position":"center center","background-size":"auto","background-attachment":"scroll","background-type":"","background-media":"","overlay-type":"","overlay-color":"","overlay-opacity":"","overlay-gradient":""},"tablet":{"background-color":"","background-image":"","background-repeat":"repeat","background-position":"center center","background-size":"auto","background-attachment":"scroll","background-type":"","background-media":"","overlay-type":"","overlay-color":"","overlay-opacity":"","overlay-gradient":""},"mobile":{"background-color":"","background-image":"","background-repeat":"repeat","background-position":"center center","background-size":"auto","background-attachment":"scroll","background-type":"","background-media":"","overlay-type":"","overlay-color":"","overlay-opacity":"","overlay-gradient":""}},"ast-content-background-meta":{"desktop":{"background-color":"var(--ast-global-color-4)","background-image":"","background-repeat":"repeat","background-position":"center center","background-size":"auto","background-attachment":"scroll","background-type":"","background-media":"","overlay-type":"","overlay-color":"","overlay-opacity":"","overlay-gradient":""},"tablet":{"background-color":"var(--ast-global-color-4)","background-image":"","background-repeat":"repeat","background-position":"center center","background-size":"auto","background-attachment":"scroll","background-type":"","background-media":"","overlay-type":"","overlay-color":"","overlay-opacity":"","overlay-gradient":""},"mobile":{"background-color":"var(--ast-global-color-4)","background-image":"","background-repeat":"repeat","background-position":"center center","background-size":"auto","background-attachment":"scroll","background-type":"","background-media":"","overlay-type":"","overlay-color":"","overlay-opacity":"","overlay-gradient":""}},"footnotes":""},"class_list":["post-47883","page","type-page","status-publish","hentry"],"yoast_head":"<!-- This site is optimized with the Yoast SEO plugin v25.8 - https:\/\/yoast.com\/wordpress\/plugins\/seo\/ -->\n<title>Carmen Gutierrez perfil profesional - Universidad Regional Amaz\u00f3nica Ikiam<\/title>\n<meta name=\"robots\" content=\"index, follow, max-snippet:-1, max-image-preview:large, max-video-preview:-1\" \/>\n<link rel=\"canonical\" href=\"https:\/\/www.ikiam.edu.ec\/index.php\/carmen-gutierrez-perfil-profesional\/\" \/>\n<meta property=\"og:locale\" content=\"es_ES\" \/>\n<meta property=\"og:type\" content=\"article\" \/>\n<meta property=\"og:title\" content=\"Carmen Gutierrez perfil profesional - Universidad Regional Amaz\u00f3nica Ikiam\" \/>\n<meta property=\"og:description\" content=\"Docente Carmen Beatriz Guti\u00e9rrez Heras carmen.gutierrez@ikiam.edu.ec Oficina Docentes C Perfil profesional Maestr\u00eda en Pedagog\u00eda del Ingl\u00e9s Biograf\u00eda Carmen Guti\u00e9rrez tiene [&hellip;]\" \/>\n<meta property=\"og:url\" content=\"https:\/\/www.ikiam.edu.ec\/index.php\/carmen-gutierrez-perfil-profesional\/\" \/>\n<meta property=\"og:site_name\" content=\"Universidad Regional Amaz\u00f3nica Ikiam\" \/>\n<meta property=\"article:publisher\" content=\"https:\/\/www.facebook.com\/IkiamOficial\/\" \/>\n<meta property=\"article:modified_time\" content=\"2025-08-29T18:28:06+00:00\" \/>\n<meta property=\"og:image\" content=\"https:\/\/www.ikiam.edu.ec\/wp-content\/uploads\/2025\/08\/Carmen-Gutierrez-docente-.png\" \/>\n\t<meta property=\"og:image:width\" content=\"1080\" \/>\n\t<meta property=\"og:image:height\" content=\"1080\" \/>\n\t<meta property=\"og:image:type\" content=\"image\/png\" \/>\n<meta name=\"twitter:card\" content=\"summary_large_image\" \/>\n<meta name=\"twitter:site\" content=\"@u_ikiam\" \/>\n<meta name=\"twitter:label1\" content=\"Tiempo de lectura\" \/>\n\t<meta name=\"twitter:data1\" content=\"2 minutos\" \/>\n<script type=\"application\/ld+json\" class=\"yoast-schema-graph\">{\"@context\":\"https:\/\/schema.org\",\"@graph\":[{\"@type\":\"WebPage\",\"@id\":\"https:\/\/www.ikiam.edu.ec\/index.php\/carmen-gutierrez-perfil-profesional\/\",\"url\":\"https:\/\/www.ikiam.edu.ec\/index.php\/carmen-gutierrez-perfil-profesional\/\",\"name\":\"Carmen Gutierrez perfil profesional - Universidad Regional Amaz\u00f3nica Ikiam\",\"isPartOf\":{\"@id\":\"https:\/\/www.ikiam.edu.ec\/#website\"},\"primaryImageOfPage\":{\"@id\":\"https:\/\/www.ikiam.edu.ec\/index.php\/carmen-gutierrez-perfil-profesional\/#primaryimage\"},\"image\":{\"@id\":\"https:\/\/www.ikiam.edu.ec\/index.php\/carmen-gutierrez-perfil-profesional\/#primaryimage\"},\"thumbnailUrl\":\"https:\/\/www.ikiam.edu.ec\/wp-content\/uploads\/2025\/08\/Carmen-Gutierrez-docente--1024x1024.png\",\"datePublished\":\"2025-08-29T18:16:54+00:00\",\"dateModified\":\"2025-08-29T18:28:06+00:00\",\"breadcrumb\":{\"@id\":\"https:\/\/www.ikiam.edu.ec\/index.php\/carmen-gutierrez-perfil-profesional\/#breadcrumb\"},\"inLanguage\":\"es\",\"potentialAction\":[{\"@type\":\"ReadAction\",\"target\":[\"https:\/\/www.ikiam.edu.ec\/index.php\/carmen-gutierrez-perfil-profesional\/\"]}]},{\"@type\":\"ImageObject\",\"inLanguage\":\"es\",\"@id\":\"https:\/\/www.ikiam.edu.ec\/index.php\/carmen-gutierrez-perfil-profesional\/#primaryimage\",\"url\":\"https:\/\/www.ikiam.edu.ec\/wp-content\/uploads\/2025\/08\/Carmen-Gutierrez-docente-.png\",\"contentUrl\":\"https:\/\/www.ikiam.edu.ec\/wp-content\/uploads\/2025\/08\/Carmen-Gutierrez-docente-.png\",\"width\":1080,\"height\":1080},{\"@type\":\"BreadcrumbList\",\"@id\":\"https:\/\/www.ikiam.edu.ec\/index.php\/carmen-gutierrez-perfil-profesional\/#breadcrumb\",\"itemListElement\":[{\"@type\":\"ListItem\",\"position\":1,\"name\":\"La Universidad\",\"item\":\"https:\/\/www.ikiam.edu.ec\/\"},{\"@type\":\"ListItem\",\"position\":2,\"name\":\"Carmen Gutierrez perfil profesional\"}]},{\"@type\":\"WebSite\",\"@id\":\"https:\/\/www.ikiam.edu.ec\/#website\",\"url\":\"https:\/\/www.ikiam.edu.ec\/\",\"name\":\"Universidad Regional Amaz\u00f3nica Ikiam\",\"description\":\"\",\"publisher\":{\"@id\":\"https:\/\/www.ikiam.edu.ec\/#organization\"},\"potentialAction\":[{\"@type\":\"SearchAction\",\"target\":{\"@type\":\"EntryPoint\",\"urlTemplate\":\"https:\/\/www.ikiam.edu.ec\/?s={search_term_string}\"},\"query-input\":{\"@type\":\"PropertyValueSpecification\",\"valueRequired\":true,\"valueName\":\"search_term_string\"}}],\"inLanguage\":\"es\"},{\"@type\":\"Organization\",\"@id\":\"https:\/\/www.ikiam.edu.ec\/#organization\",\"name\":\"Universidad Regional Amaz\u00f3nica Ikiam\",\"url\":\"https:\/\/www.ikiam.edu.ec\/\",\"logo\":{\"@type\":\"ImageObject\",\"inLanguage\":\"es\",\"@id\":\"https:\/\/www.ikiam.edu.ec\/#\/schema\/logo\/image\/\",\"url\":\"https:\/\/www.ikiam.edu.ec\/wp-content\/uploads\/2021\/12\/logo-ikiam-1.png\",\"contentUrl\":\"https:\/\/www.ikiam.edu.ec\/wp-content\/uploads\/2021\/12\/logo-ikiam-1.png\",\"width\":210,\"height\":90,\"caption\":\"Universidad Regional Amaz\u00f3nica Ikiam\"},\"image\":{\"@id\":\"https:\/\/www.ikiam.edu.ec\/#\/schema\/logo\/image\/\"},\"sameAs\":[\"https:\/\/www.facebook.com\/IkiamOficial\/\",\"https:\/\/x.com\/u_ikiam\"]}]}<\/script>\n<!-- \/ Yoast SEO plugin. -->","yoast_head_json":{"title":"Carmen Gutierrez perfil profesional - Universidad Regional Amaz\u00f3nica Ikiam","robots":{"index":"index","follow":"follow","max-snippet":"max-snippet:-1","max-image-preview":"max-image-preview:large","max-video-preview":"max-video-preview:-1"},"canonical":"https:\/\/www.ikiam.edu.ec\/index.php\/carmen-gutierrez-perfil-profesional\/","og_locale":"es_ES","og_type":"article","og_title":"Carmen Gutierrez perfil profesional - Universidad Regional Amaz\u00f3nica Ikiam","og_description":"Docente Carmen Beatriz Guti\u00e9rrez Heras carmen.gutierrez@ikiam.edu.ec Oficina Docentes C Perfil profesional Maestr\u00eda en Pedagog\u00eda del Ingl\u00e9s Biograf\u00eda Carmen Guti\u00e9rrez tiene [&hellip;]","og_url":"https:\/\/www.ikiam.edu.ec\/index.php\/carmen-gutierrez-perfil-profesional\/","og_site_name":"Universidad Regional Amaz\u00f3nica Ikiam","article_publisher":"https:\/\/www.facebook.com\/IkiamOficial\/","article_modified_time":"2025-08-29T18:28:06+00:00","og_image":[{"width":1080,"height":1080,"url":"https:\/\/www.ikiam.edu.ec\/wp-content\/uploads\/2025\/08\/Carmen-Gutierrez-docente-.png","type":"image\/png"}],"twitter_card":"summary_large_image","twitter_site":"@u_ikiam","twitter_misc":{"Tiempo de lectura":"2 minutos"},"schema":{"@context":"https:\/\/schema.org","@graph":[{"@type":"WebPage","@id":"https:\/\/www.ikiam.edu.ec\/index.php\/carmen-gutierrez-perfil-profesional\/","url":"https:\/\/www.ikiam.edu.ec\/index.php\/carmen-gutierrez-perfil-profesional\/","name":"Carmen Gutierrez perfil profesional - Universidad Regional Amaz\u00f3nica Ikiam","isPartOf":{"@id":"https:\/\/www.ikiam.edu.ec\/#website"},"primaryImageOfPage":{"@id":"https:\/\/www.ikiam.edu.ec\/index.php\/carmen-gutierrez-perfil-profesional\/#primaryimage"},"image":{"@id":"https:\/\/www.ikiam.edu.ec\/index.php\/carmen-gutierrez-perfil-profesional\/#primaryimage"},"thumbnailUrl":"https:\/\/www.ikiam.edu.ec\/wp-content\/uploads\/2025\/08\/Carmen-Gutierrez-docente--1024x1024.png","datePublished":"2025-08-29T18:16:54+00:00","dateModified":"2025-08-29T18:28:06+00:00","breadcrumb":{"@id":"https:\/\/www.ikiam.edu.ec\/index.php\/carmen-gutierrez-perfil-profesional\/#breadcrumb"},"inLanguage":"es","potentialAction":[{"@type":"ReadAction","target":["https:\/\/www.ikiam.edu.ec\/index.php\/carmen-gutierrez-perfil-profesional\/"]}]},{"@type":"ImageObject","inLanguage":"es","@id":"https:\/\/www.ikiam.edu.ec\/index.php\/carmen-gutierrez-perfil-profesional\/#primaryimage","url":"https:\/\/www.ikiam.edu.ec\/wp-content\/uploads\/2025\/08\/Carmen-Gutierrez-docente-.png","contentUrl":"https:\/\/www.ikiam.edu.ec\/wp-content\/uploads\/2025\/08\/Carmen-Gutierrez-docente-.png","width":1080,"height":1080},{"@type":"BreadcrumbList","@id":"https:\/\/www.ikiam.edu.ec\/index.php\/carmen-gutierrez-perfil-profesional\/#breadcrumb","itemListElement":[{"@type":"ListItem","position":1,"name":"La Universidad","item":"https:\/\/www.ikiam.edu.ec\/"},{"@type":"ListItem","position":2,"name":"Carmen Gutierrez perfil profesional"}]},{"@type":"WebSite","@id":"https:\/\/www.ikiam.edu.ec\/#website","url":"https:\/\/www.ikiam.edu.ec\/","name":"Universidad Regional Amaz\u00f3nica Ikiam","description":"","publisher":{"@id":"https:\/\/www.ikiam.edu.ec\/#organization"},"potentialAction":[{"@type":"SearchAction","target":{"@type":"EntryPoint","urlTemplate":"https:\/\/www.ikiam.edu.ec\/?s={search_term_string}"},"query-input":{"@type":"PropertyValueSpecification","valueRequired":true,"valueName":"search_term_string"}}],"inLanguage":"es"},{"@type":"Organization","@id":"https:\/\/www.ikiam.edu.ec\/#organization","name":"Universidad Regional Amaz\u00f3nica Ikiam","url":"https:\/\/www.ikiam.edu.ec\/","logo":{"@type":"ImageObject","inLanguage":"es","@id":"https:\/\/www.ikiam.edu.ec\/#\/schema\/logo\/image\/","url":"https:\/\/www.ikiam.edu.ec\/wp-content\/uploads\/2021\/12\/logo-ikiam-1.png","contentUrl":"https:\/\/www.ikiam.edu.ec\/wp-content\/uploads\/2021\/12\/logo-ikiam-1.png","width":210,"height":90,"caption":"Universidad Regional Amaz\u00f3nica Ikiam"},"image":{"@id":"https:\/\/www.ikiam.edu.ec\/#\/schema\/logo\/image\/"},"sameAs":["https:\/\/www.facebook.com\/IkiamOficial\/","https:\/\/x.com\/u_ikiam"]}]}},"_links":{"self":[{"href":"https:\/\/www.ikiam.edu.ec\/index.php\/wp-json\/wp\/v2\/pages\/47883","targetHints":{"allow":["GET"]}}],"collection":[{"href":"https:\/\/www.ikiam.edu.ec\/index.php\/wp-json\/wp\/v2\/pages"}],"about":[{"href":"https:\/\/www.ikiam.edu.ec\/index.php\/wp-json\/wp\/v2\/types\/page"}],"author":[{"embeddable":true,"href":"https:\/\/www.ikiam.edu.ec\/index.php\/wp-json\/wp\/v2\/users\/2"}],"replies":[{"embeddable":true,"href":"https:\/\/www.ikiam.edu.ec\/index.php\/wp-json\/wp\/v2\/comments?post=47883"}],"version-history":[{"count":7,"href":"https:\/\/www.ikiam.edu.ec\/index.php\/wp-json\/wp\/v2\/pages\/47883\/revisions"}],"predecessor-version":[{"id":47896,"href":"https:\/\/www.ikiam.edu.ec\/index.php\/wp-json\/wp\/v2\/pages\/47883\/revisions\/47896"}],"wp:attachment":[{"href":"https:\/\/www.ikiam.edu.ec\/index.php\/wp-json\/wp\/v2\/media?parent=47883"}],"curies":[{"name":"wp","href":"https:\/\/api.w.org\/{rel}","templated":true}]}}