{"id":48456,"date":"2025-09-16T15:54:04","date_gmt":"2025-09-16T15:54:04","guid":{"rendered":"https:\/\/www.ikiam.edu.ec\/?page_id=48456"},"modified":"2025-09-16T15:56:36","modified_gmt":"2025-09-16T15:56:36","slug":"resoluciones-del-comite-de-movilidad-estudiantil","status":"publish","type":"page","link":"https:\/\/www.ikiam.edu.ec\/index.php\/resoluciones-del-comite-de-movilidad-estudiantil\/","title":{"rendered":"Resoluciones del Comit\u00e9 de Movilidad Estudiantil"},"content":{"rendered":"\t\t<div data-elementor-type=\"wp-page\" data-elementor-id=\"48456\" class=\"elementor elementor-48456\" data-elementor-post-type=\"page\">\n\t\t\t\t\t\t<section class=\"elementor-section elementor-top-section elementor-element elementor-element-76e30261 elementor-section-full_width elementor-section-height-min-height elementor-section-height-default elementor-section-items-middle\" data-id=\"76e30261\" data-element_type=\"section\" data-settings=\"{&quot;background_background&quot;:&quot;classic&quot;}\">\n\t\t\t\t\t\t\t<div class=\"elementor-background-overlay\"><\/div>\n\t\t\t\t\t\t\t<div class=\"elementor-container elementor-column-gap-default\">\n\t\t\t\t\t<div class=\"elementor-column elementor-col-100 elementor-top-column elementor-element elementor-element-18efbd11\" data-id=\"18efbd11\" data-element_type=\"column\" data-settings=\"{&quot;background_background&quot;:&quot;slideshow&quot;,&quot;background_slideshow_gallery&quot;:[],&quot;background_slideshow_loop&quot;:&quot;yes&quot;,&quot;background_slideshow_slide_duration&quot;:5000,&quot;background_slideshow_slide_transition&quot;:&quot;fade&quot;,&quot;background_slideshow_transition_duration&quot;:500}\">\n\t\t\t<div class=\"elementor-widget-wrap elementor-element-populated\">\n\t\t\t\t\t\t<div class=\"elementor-element elementor-element-5bdb8606 elementor-align-center elementor-widget elementor-widget-breadcrumbs\" data-id=\"5bdb8606\" data-element_type=\"widget\" data-widget_type=\"breadcrumbs.default\">\n\t\t\t\t\t<p id=\"breadcrumbs\"><span><span><a href=\"https:\/\/www.ikiam.edu.ec\/\">La Universidad<\/a><\/span><\/span><\/p>\t\t\t\t<\/div>\n\t\t\t\t<div class=\"elementor-element elementor-element-236624ca elementor-widget elementor-widget-heading\" data-id=\"236624ca\" data-element_type=\"widget\" data-widget_type=\"heading.default\">\n\t\t\t\t\t<h1 class=\"elementor-heading-title elementor-size-default\">COE Institucional <\/h1>\t\t\t\t<\/div>\n\t\t\t\t\t<\/div>\n\t\t<\/div>\n\t\t\t\t\t<\/div>\n\t\t<\/section>\n\t\t\t\t<section class=\"elementor-section elementor-top-section elementor-element elementor-element-4d0a9538 elementor-section-boxed elementor-section-height-default elementor-section-height-default\" data-id=\"4d0a9538\" data-element_type=\"section\">\n\t\t\t\t\t\t<div class=\"elementor-container elementor-column-gap-default\">\n\t\t\t\t\t<div class=\"elementor-column elementor-col-100 elementor-top-column elementor-element elementor-element-5ad5518e\" data-id=\"5ad5518e\" data-element_type=\"column\">\n\t\t\t<div class=\"elementor-widget-wrap elementor-element-populated\">\n\t\t\t\t\t\t<div class=\"elementor-element elementor-element-62a31ec7 elementor-widget elementor-widget-spacer\" data-id=\"62a31ec7\" data-element_type=\"widget\" data-widget_type=\"spacer.default\">\n\t\t\t\t\t\t\t<div class=\"elementor-spacer\">\n\t\t\t<div class=\"elementor-spacer-inner\"><\/div>\n\t\t<\/div>\n\t\t\t\t\t\t<\/div>\n\t\t\t\t<div class=\"elementor-element elementor-element-5794a803 elementor-widget elementor-widget-heading\" data-id=\"5794a803\" data-element_type=\"widget\" data-widget_type=\"heading.default\">\n\t\t\t\t\t<h2 class=\"elementor-heading-title elementor-size-default\">Resoluciones del Comit\u00e9 de Movilidad Estudiantil<\/h2>\t\t\t\t<\/div>\n\t\t\t\t<section class=\"elementor-section elementor-inner-section elementor-element elementor-element-55c17ed6 elementor-section-boxed elementor-section-height-default elementor-section-height-default\" data-id=\"55c17ed6\" data-element_type=\"section\">\n\t\t\t\t\t\t<div class=\"elementor-container elementor-column-gap-default\">\n\t\t\t\t\t<div class=\"elementor-column elementor-col-100 elementor-inner-column elementor-element elementor-element-42ca282c\" data-id=\"42ca282c\" data-element_type=\"column\">\n\t\t\t<div class=\"elementor-widget-wrap elementor-element-populated\">\n\t\t\t\t\t\t<div class=\"elementor-element elementor-element-43ddc15e elementor-icon-list--layout-traditional elementor-list-item-link-full_width elementor-widget elementor-widget-icon-list\" data-id=\"43ddc15e\" data-element_type=\"widget\" data-widget_type=\"icon-list.default\">\n\t\t\t\t\t\t\t<ul class=\"elementor-icon-list-items\">\n\t\t\t\t\t\t\t<li class=\"elementor-icon-list-item\">\n\t\t\t\t\t\t\t\t\t\t\t<a href=\"https:\/\/nube.ikiam.edu.ec\/index.php\/s\/aE8mkJtnC4W2mpw?dir=undefined&#038;openfile=1024512\" target=\"_blank\">\n\n\t\t\t\t\t\t\t\t\t\t\t\t<span class=\"elementor-icon-list-icon\">\n\t\t\t\t\t\t\t<svg aria-hidden=\"true\" class=\"e-font-icon-svg e-fas-chevron-right\" viewBox=\"0 0 320 512\" xmlns=\"http:\/\/www.w3.org\/2000\/svg\"><path d=\"M285.476 272.971L91.132 467.314c-9.373 9.373-24.569 9.373-33.941 0l-22.667-22.667c-9.357-9.357-9.375-24.522-.04-33.901L188.505 256 34.484 101.255c-9.335-9.379-9.317-24.544.04-33.901l22.667-22.667c9.373-9.373 24.569-9.373 33.941 0L285.475 239.03c9.373 9.372 9.373 24.568.001 33.941z\"><\/path><\/svg>\t\t\t\t\t\t<\/span>\n\t\t\t\t\t\t\t\t\t\t<span class=\"elementor-icon-list-text\">Resoluci\u00f3n Nro. 001-CME-SO-01-IKIAM-2024 Movilidad acad\u00e9mica entrante desde la Universidad de Eberswalde<\/span>\n\t\t\t\t\t\t\t\t\t\t\t<\/a>\n\t\t\t\t\t\t\t\t\t<\/li>\n\t\t\t\t\t\t<\/ul>\n\t\t\t\t\t\t<\/div>\n\t\t\t\t<div class=\"elementor-element elementor-element-3cec7e72 elementor-widget elementor-widget-spacer\" data-id=\"3cec7e72\" data-element_type=\"widget\" data-widget_type=\"spacer.default\">\n\t\t\t\t\t\t\t<div class=\"elementor-spacer\">\n\t\t\t<div class=\"elementor-spacer-inner\"><\/div>\n\t\t<\/div>\n\t\t\t\t\t\t<\/div>\n\t\t\t\t\t<\/div>\n\t\t<\/div>\n\t\t\t\t\t<\/div>\n\t\t<\/section>\n\t\t\t\t\t<\/div>\n\t\t<\/div>\n\t\t\t\t\t<\/div>\n\t\t<\/section>\n\t\t\t\t<\/div>\n\t\t","protected":false},"excerpt":{"rendered":"<p>COE Institucional Resoluciones del Comit\u00e9 de Movilidad Estudiantil Resoluci\u00f3n Nro. 001-CME-SO-01-IKIAM-2024 Movilidad acad\u00e9mica entrante desde la Universidad de Eberswalde<\/p>\n","protected":false},"author":2,"featured_media":0,"parent":0,"menu_order":0,"comment_status":"closed","ping_status":"closed","template":"","meta":{"site-sidebar-layout":"no-sidebar","site-content-layout":"","ast-site-content-layout":"full-width-container","site-content-style":"default","site-sidebar-style":"default","ast-global-header-display":"","ast-banner-title-visibility":"","ast-main-header-display":"","ast-hfb-above-header-display":"","ast-hfb-below-header-display":"","ast-hfb-mobile-header-display":"","site-post-title":"","ast-breadcrumbs-content":"","ast-featured-img":"disabled","footer-sml-layout":"","theme-transparent-header-meta":"","adv-header-id-meta":"","stick-header-meta":"","header-above-stick-meta":"","header-main-stick-meta":"","header-below-stick-meta":"","astra-migrate-meta-layouts":"default","ast-page-background-enabled":"default","ast-page-background-meta":{"desktop":{"background-color":"var(--ast-global-color-5)","background-image":"","background-repeat":"repeat","background-position":"center center","background-size":"auto","background-attachment":"scroll","background-type":"","background-media":"","overlay-type":"","overlay-color":"","overlay-opacity":"","overlay-gradient":""},"tablet":{"background-color":"","background-image":"","background-repeat":"repeat","background-position":"center center","background-size":"auto","background-attachment":"scroll","background-type":"","background-media":"","overlay-type":"","overlay-color":"","overlay-opacity":"","overlay-gradient":""},"mobile":{"background-color":"","background-image":"","background-repeat":"repeat","background-position":"center center","background-size":"auto","background-attachment":"scroll","background-type":"","background-media":"","overlay-type":"","overlay-color":"","overlay-opacity":"","overlay-gradient":""}},"ast-content-background-meta":{"desktop":{"background-color":"var(--ast-global-color-4)","background-image":"","background-repeat":"repeat","background-position":"center center","background-size":"auto","background-attachment":"scroll","background-type":"","background-media":"","overlay-type":"","overlay-color":"","overlay-opacity":"","overlay-gradient":""},"tablet":{"background-color":"var(--ast-global-color-4)","background-image":"","background-repeat":"repeat","background-position":"center center","background-size":"auto","background-attachment":"scroll","background-type":"","background-media":"","overlay-type":"","overlay-color":"","overlay-opacity":"","overlay-gradient":""},"mobile":{"background-color":"var(--ast-global-color-4)","background-image":"","background-repeat":"repeat","background-position":"center center","background-size":"auto","background-attachment":"scroll","background-type":"","background-media":"","overlay-type":"","overlay-color":"","overlay-opacity":"","overlay-gradient":""}},"footnotes":""},"class_list":["post-48456","page","type-page","status-publish","hentry"],"yoast_head":"<!-- This site is optimized with the Yoast SEO plugin v25.8 - https:\/\/yoast.com\/wordpress\/plugins\/seo\/ -->\n<title>Resoluciones del Comit\u00e9 de Movilidad Estudiantil - Universidad Regional Amaz\u00f3nica Ikiam<\/title>\n<meta name=\"robots\" content=\"index, follow, max-snippet:-1, max-image-preview:large, max-video-preview:-1\" \/>\n<link rel=\"canonical\" href=\"https:\/\/www.ikiam.edu.ec\/index.php\/resoluciones-del-comite-de-movilidad-estudiantil\/\" \/>\n<meta property=\"og:locale\" content=\"es_ES\" \/>\n<meta property=\"og:type\" content=\"article\" \/>\n<meta property=\"og:title\" content=\"Resoluciones del Comit\u00e9 de Movilidad Estudiantil - Universidad Regional Amaz\u00f3nica Ikiam\" \/>\n<meta property=\"og:description\" content=\"COE Institucional Resoluciones del Comit\u00e9 de Movilidad Estudiantil Resoluci\u00f3n Nro. 001-CME-SO-01-IKIAM-2024 Movilidad acad\u00e9mica entrante desde la Universidad de Eberswalde\" \/>\n<meta property=\"og:url\" content=\"https:\/\/www.ikiam.edu.ec\/index.php\/resoluciones-del-comite-de-movilidad-estudiantil\/\" \/>\n<meta property=\"og:site_name\" content=\"Universidad Regional Amaz\u00f3nica Ikiam\" \/>\n<meta property=\"article:publisher\" content=\"https:\/\/www.facebook.com\/IkiamOficial\/\" \/>\n<meta property=\"article:modified_time\" content=\"2025-09-16T15:56:36+00:00\" \/>\n<meta name=\"twitter:card\" content=\"summary_large_image\" \/>\n<meta name=\"twitter:site\" content=\"@u_ikiam\" \/>\n<meta name=\"twitter:label1\" content=\"Tiempo de lectura\" \/>\n\t<meta name=\"twitter:data1\" content=\"1 minuto\" \/>\n<script type=\"application\/ld+json\" class=\"yoast-schema-graph\">{\"@context\":\"https:\/\/schema.org\",\"@graph\":[{\"@type\":\"WebPage\",\"@id\":\"https:\/\/www.ikiam.edu.ec\/index.php\/resoluciones-del-comite-de-movilidad-estudiantil\/\",\"url\":\"https:\/\/www.ikiam.edu.ec\/index.php\/resoluciones-del-comite-de-movilidad-estudiantil\/\",\"name\":\"Resoluciones del Comit\u00e9 de Movilidad Estudiantil - Universidad Regional Amaz\u00f3nica Ikiam\",\"isPartOf\":{\"@id\":\"https:\/\/www.ikiam.edu.ec\/#website\"},\"datePublished\":\"2025-09-16T15:54:04+00:00\",\"dateModified\":\"2025-09-16T15:56:36+00:00\",\"breadcrumb\":{\"@id\":\"https:\/\/www.ikiam.edu.ec\/index.php\/resoluciones-del-comite-de-movilidad-estudiantil\/#breadcrumb\"},\"inLanguage\":\"es\",\"potentialAction\":[{\"@type\":\"ReadAction\",\"target\":[\"https:\/\/www.ikiam.edu.ec\/index.php\/resoluciones-del-comite-de-movilidad-estudiantil\/\"]}]},{\"@type\":\"BreadcrumbList\",\"@id\":\"https:\/\/www.ikiam.edu.ec\/index.php\/resoluciones-del-comite-de-movilidad-estudiantil\/#breadcrumb\",\"itemListElement\":[{\"@type\":\"ListItem\",\"position\":1,\"name\":\"La Universidad\",\"item\":\"https:\/\/www.ikiam.edu.ec\/\"},{\"@type\":\"ListItem\",\"position\":2,\"name\":\"Resoluciones del Comit\u00e9 de Movilidad Estudiantil\"}]},{\"@type\":\"WebSite\",\"@id\":\"https:\/\/www.ikiam.edu.ec\/#website\",\"url\":\"https:\/\/www.ikiam.edu.ec\/\",\"name\":\"Universidad Regional Amaz\u00f3nica Ikiam\",\"description\":\"\",\"publisher\":{\"@id\":\"https:\/\/www.ikiam.edu.ec\/#organization\"},\"potentialAction\":[{\"@type\":\"SearchAction\",\"target\":{\"@type\":\"EntryPoint\",\"urlTemplate\":\"https:\/\/www.ikiam.edu.ec\/?s={search_term_string}\"},\"query-input\":{\"@type\":\"PropertyValueSpecification\",\"valueRequired\":true,\"valueName\":\"search_term_string\"}}],\"inLanguage\":\"es\"},{\"@type\":\"Organization\",\"@id\":\"https:\/\/www.ikiam.edu.ec\/#organization\",\"name\":\"Universidad Regional Amaz\u00f3nica Ikiam\",\"url\":\"https:\/\/www.ikiam.edu.ec\/\",\"logo\":{\"@type\":\"ImageObject\",\"inLanguage\":\"es\",\"@id\":\"https:\/\/www.ikiam.edu.ec\/#\/schema\/logo\/image\/\",\"url\":\"https:\/\/www.ikiam.edu.ec\/wp-content\/uploads\/2021\/12\/logo-ikiam-1.png\",\"contentUrl\":\"https:\/\/www.ikiam.edu.ec\/wp-content\/uploads\/2021\/12\/logo-ikiam-1.png\",\"width\":210,\"height\":90,\"caption\":\"Universidad Regional Amaz\u00f3nica Ikiam\"},\"image\":{\"@id\":\"https:\/\/www.ikiam.edu.ec\/#\/schema\/logo\/image\/\"},\"sameAs\":[\"https:\/\/www.facebook.com\/IkiamOficial\/\",\"https:\/\/x.com\/u_ikiam\"]}]}<\/script>\n<!-- \/ Yoast SEO plugin. -->","yoast_head_json":{"title":"Resoluciones del Comit\u00e9 de Movilidad Estudiantil - Universidad Regional Amaz\u00f3nica Ikiam","robots":{"index":"index","follow":"follow","max-snippet":"max-snippet:-1","max-image-preview":"max-image-preview:large","max-video-preview":"max-video-preview:-1"},"canonical":"https:\/\/www.ikiam.edu.ec\/index.php\/resoluciones-del-comite-de-movilidad-estudiantil\/","og_locale":"es_ES","og_type":"article","og_title":"Resoluciones del Comit\u00e9 de Movilidad Estudiantil - Universidad Regional Amaz\u00f3nica Ikiam","og_description":"COE Institucional Resoluciones del Comit\u00e9 de Movilidad Estudiantil Resoluci\u00f3n Nro. 001-CME-SO-01-IKIAM-2024 Movilidad acad\u00e9mica entrante desde la Universidad de Eberswalde","og_url":"https:\/\/www.ikiam.edu.ec\/index.php\/resoluciones-del-comite-de-movilidad-estudiantil\/","og_site_name":"Universidad Regional Amaz\u00f3nica Ikiam","article_publisher":"https:\/\/www.facebook.com\/IkiamOficial\/","article_modified_time":"2025-09-16T15:56:36+00:00","twitter_card":"summary_large_image","twitter_site":"@u_ikiam","twitter_misc":{"Tiempo de lectura":"1 minuto"},"schema":{"@context":"https:\/\/schema.org","@graph":[{"@type":"WebPage","@id":"https:\/\/www.ikiam.edu.ec\/index.php\/resoluciones-del-comite-de-movilidad-estudiantil\/","url":"https:\/\/www.ikiam.edu.ec\/index.php\/resoluciones-del-comite-de-movilidad-estudiantil\/","name":"Resoluciones del Comit\u00e9 de Movilidad Estudiantil - Universidad Regional Amaz\u00f3nica Ikiam","isPartOf":{"@id":"https:\/\/www.ikiam.edu.ec\/#website"},"datePublished":"2025-09-16T15:54:04+00:00","dateModified":"2025-09-16T15:56:36+00:00","breadcrumb":{"@id":"https:\/\/www.ikiam.edu.ec\/index.php\/resoluciones-del-comite-de-movilidad-estudiantil\/#breadcrumb"},"inLanguage":"es","potentialAction":[{"@type":"ReadAction","target":["https:\/\/www.ikiam.edu.ec\/index.php\/resoluciones-del-comite-de-movilidad-estudiantil\/"]}]},{"@type":"BreadcrumbList","@id":"https:\/\/www.ikiam.edu.ec\/index.php\/resoluciones-del-comite-de-movilidad-estudiantil\/#breadcrumb","itemListElement":[{"@type":"ListItem","position":1,"name":"La Universidad","item":"https:\/\/www.ikiam.edu.ec\/"},{"@type":"ListItem","position":2,"name":"Resoluciones del Comit\u00e9 de Movilidad Estudiantil"}]},{"@type":"WebSite","@id":"https:\/\/www.ikiam.edu.ec\/#website","url":"https:\/\/www.ikiam.edu.ec\/","name":"Universidad Regional Amaz\u00f3nica Ikiam","description":"","publisher":{"@id":"https:\/\/www.ikiam.edu.ec\/#organization"},"potentialAction":[{"@type":"SearchAction","target":{"@type":"EntryPoint","urlTemplate":"https:\/\/www.ikiam.edu.ec\/?s={search_term_string}"},"query-input":{"@type":"PropertyValueSpecification","valueRequired":true,"valueName":"search_term_string"}}],"inLanguage":"es"},{"@type":"Organization","@id":"https:\/\/www.ikiam.edu.ec\/#organization","name":"Universidad Regional Amaz\u00f3nica Ikiam","url":"https:\/\/www.ikiam.edu.ec\/","logo":{"@type":"ImageObject","inLanguage":"es","@id":"https:\/\/www.ikiam.edu.ec\/#\/schema\/logo\/image\/","url":"https:\/\/www.ikiam.edu.ec\/wp-content\/uploads\/2021\/12\/logo-ikiam-1.png","contentUrl":"https:\/\/www.ikiam.edu.ec\/wp-content\/uploads\/2021\/12\/logo-ikiam-1.png","width":210,"height":90,"caption":"Universidad Regional Amaz\u00f3nica Ikiam"},"image":{"@id":"https:\/\/www.ikiam.edu.ec\/#\/schema\/logo\/image\/"},"sameAs":["https:\/\/www.facebook.com\/IkiamOficial\/","https:\/\/x.com\/u_ikiam"]}]}},"_links":{"self":[{"href":"https:\/\/www.ikiam.edu.ec\/index.php\/wp-json\/wp\/v2\/pages\/48456","targetHints":{"allow":["GET"]}}],"collection":[{"href":"https:\/\/www.ikiam.edu.ec\/index.php\/wp-json\/wp\/v2\/pages"}],"about":[{"href":"https:\/\/www.ikiam.edu.ec\/index.php\/wp-json\/wp\/v2\/types\/page"}],"author":[{"embeddable":true,"href":"https:\/\/www.ikiam.edu.ec\/index.php\/wp-json\/wp\/v2\/users\/2"}],"replies":[{"embeddable":true,"href":"https:\/\/www.ikiam.edu.ec\/index.php\/wp-json\/wp\/v2\/comments?post=48456"}],"version-history":[{"count":4,"href":"https:\/\/www.ikiam.edu.ec\/index.php\/wp-json\/wp\/v2\/pages\/48456\/revisions"}],"predecessor-version":[{"id":48465,"href":"https:\/\/www.ikiam.edu.ec\/index.php\/wp-json\/wp\/v2\/pages\/48456\/revisions\/48465"}],"wp:attachment":[{"href":"https:\/\/www.ikiam.edu.ec\/index.php\/wp-json\/wp\/v2\/media?parent=48456"}],"curies":[{"name":"wp","href":"https:\/\/api.w.org\/{rel}","templated":true}]}}