{"id":51806,"date":"2025-10-01T16:38:52","date_gmt":"2025-10-01T16:38:52","guid":{"rendered":"https:\/\/www.ikiam.edu.ec\/?page_id=51806"},"modified":"2026-03-12T13:25:39","modified_gmt":"2026-03-12T13:25:39","slug":"laboratorio-de-quimica-de-docencia-1","status":"publish","type":"page","link":"https:\/\/www.ikiam.edu.ec\/index.php\/laboratorio-de-quimica-de-docencia-1\/","title":{"rendered":"Laboratorio de Qu\u00edmica de Docencia 1"},"content":{"rendered":"\t\t<div data-elementor-type=\"wp-page\" data-elementor-id=\"51806\" class=\"elementor elementor-51806\" data-elementor-post-type=\"page\">\n\t\t\t\t\t\t<section class=\"elementor-section elementor-top-section elementor-element elementor-element-4008af91 elementor-section-full_width elementor-section-height-min-height elementor-section-height-default elementor-section-items-middle\" data-id=\"4008af91\" data-element_type=\"section\" data-settings=\"{&quot;background_background&quot;:&quot;classic&quot;}\">\n\t\t\t\t\t\t\t<div class=\"elementor-background-overlay\"><\/div>\n\t\t\t\t\t\t\t<div class=\"elementor-container elementor-column-gap-default\">\n\t\t\t\t\t<div class=\"elementor-column elementor-col-100 elementor-top-column elementor-element elementor-element-4721a1ad\" data-id=\"4721a1ad\" data-element_type=\"column\" data-settings=\"{&quot;background_background&quot;:&quot;slideshow&quot;,&quot;background_slideshow_gallery&quot;:[],&quot;background_slideshow_loop&quot;:&quot;yes&quot;,&quot;background_slideshow_slide_duration&quot;:5000,&quot;background_slideshow_slide_transition&quot;:&quot;fade&quot;,&quot;background_slideshow_transition_duration&quot;:500}\">\n\t\t\t<div class=\"elementor-widget-wrap elementor-element-populated\">\n\t\t\t\t\t\t<div class=\"elementor-element elementor-element-492c6c27 elementor-align-center elementor-widget elementor-widget-breadcrumbs\" data-id=\"492c6c27\" data-element_type=\"widget\" data-widget_type=\"breadcrumbs.default\">\n\t\t\t\t\t<p id=\"breadcrumbs\"><span><span><a href=\"https:\/\/www.ikiam.edu.ec\/\">La Universidad<\/a><\/span><\/span><\/p>\t\t\t\t<\/div>\n\t\t\t\t<div class=\"elementor-element elementor-element-5235a50b elementor-widget elementor-widget-heading\" data-id=\"5235a50b\" data-element_type=\"widget\" data-widget_type=\"heading.default\">\n\t\t\t\t\t<h1 class=\"elementor-heading-title elementor-size-default\">Laboratorio de Qu\u00edmica de Docencia 1<\/h1>\t\t\t\t<\/div>\n\t\t\t\t\t<\/div>\n\t\t<\/div>\n\t\t\t\t\t<\/div>\n\t\t<\/section>\n\t\t\t\t<section class=\"elementor-section elementor-top-section elementor-element elementor-element-3c3cf2e0 elementor-section-boxed elementor-section-height-default elementor-section-height-default\" data-id=\"3c3cf2e0\" data-element_type=\"section\">\n\t\t\t\t\t\t<div class=\"elementor-container elementor-column-gap-default\">\n\t\t\t\t\t<div class=\"elementor-column elementor-col-100 elementor-top-column elementor-element elementor-element-30777962\" data-id=\"30777962\" data-element_type=\"column\">\n\t\t\t<div class=\"elementor-widget-wrap elementor-element-populated\">\n\t\t\t\t\t\t<div class=\"elementor-element elementor-element-68ec2c19 elementor-widget elementor-widget-spacer\" data-id=\"68ec2c19\" data-element_type=\"widget\" data-widget_type=\"spacer.default\">\n\t\t\t\t\t\t\t<div class=\"elementor-spacer\">\n\t\t\t<div class=\"elementor-spacer-inner\"><\/div>\n\t\t<\/div>\n\t\t\t\t\t\t<\/div>\n\t\t\t\t<div class=\"elementor-element elementor-element-71fe702 elementor-widget elementor-widget-heading\" data-id=\"71fe702\" data-element_type=\"widget\" data-widget_type=\"heading.default\">\n\t\t\t\t\t<h2 class=\"elementor-heading-title elementor-size-default\">Informaci\u00f3n General <\/h2>\t\t\t\t<\/div>\n\t\t\t\t<section class=\"elementor-section elementor-inner-section elementor-element elementor-element-670af98e elementor-section-boxed elementor-section-height-default elementor-section-height-default\" data-id=\"670af98e\" data-element_type=\"section\">\n\t\t\t\t\t\t<div class=\"elementor-container elementor-column-gap-default\">\n\t\t\t\t\t<div class=\"elementor-column elementor-col-100 elementor-inner-column elementor-element elementor-element-27f6bfdf\" data-id=\"27f6bfdf\" data-element_type=\"column\">\n\t\t\t<div class=\"elementor-widget-wrap elementor-element-populated\">\n\t\t\t\t\t\t<div class=\"elementor-element elementor-element-2391bb89 elementor-widget elementor-widget-text-editor\" data-id=\"2391bb89\" data-element_type=\"widget\" data-widget_type=\"text-editor.default\">\n\t\t\t\t\t\t\t\t\t<p style=\"font-size: 18px;\">El laboratorio de ense\u00f1anza de Qu\u00edmica 1 est\u00e1 ubicado en el m\u00f3dulo de nivelaci\u00f3n. En sus instalaciones se realizan pr\u00e1cticas experimentales correspondientes a las asignaturas de qu\u00edmica general, qu\u00edmica org\u00e1nica, qu\u00edmica inorg\u00e1nica y bioqu\u00edmica.<\/p><p style=\"font-size: 18px;\">El laboratorio cuenta con los equipos necesarios para el desarrollo de las habilidades de los estudiantes en la aplicaci\u00f3n de qu\u00edmica. Entre sus equipos principales est\u00e1n: balanza anal\u00edtica, estufa universal, ba\u00f1o mar\u00eda, centr\u00edfuga, planchas de calentamiento, mufla, campana de extracci\u00f3n de gases y rotavapor.<\/p><p style=\"font-size: 18px;\">Adem\u00e1s, se apoya con el uso de ciertos equipos para el desarrollo de proyectos de investigaci\u00f3n y tesis relacionadas al \u00e1rea de productos naturales. Los mismos que tienen que ver con la determinaci\u00f3n y cuantificaci\u00f3n de metabolitos (fenoles, flavonoides, alcaloides) presentes en extractos de plantas de la Amazon\u00eda.<\/p>\t\t\t\t\t\t\t\t<\/div>\n\t\t\t\t\t<\/div>\n\t\t<\/div>\n\t\t\t\t\t<\/div>\n\t\t<\/section>\n\t\t\t\t<div class=\"elementor-element elementor-element-28c423bb elementor-widget elementor-widget-spacer\" data-id=\"28c423bb\" data-element_type=\"widget\" data-widget_type=\"spacer.default\">\n\t\t\t\t\t\t\t<div class=\"elementor-spacer\">\n\t\t\t<div class=\"elementor-spacer-inner\"><\/div>\n\t\t<\/div>\n\t\t\t\t\t\t<\/div>\n\t\t\t\t<div class=\"elementor-element elementor-element-2c49fa5b elementor-widget elementor-widget-heading\" data-id=\"2c49fa5b\" data-element_type=\"widget\" data-widget_type=\"heading.default\">\n\t\t\t\t\t<h2 class=\"elementor-heading-title elementor-size-default\">Responsable y t\u00e9cnico de laboratorio <\/h2>\t\t\t\t<\/div>\n\t\t\t\t<section class=\"elementor-section elementor-inner-section elementor-element elementor-element-428374a2 elementor-section-boxed elementor-section-height-default elementor-section-height-default\" data-id=\"428374a2\" data-element_type=\"section\">\n\t\t\t\t\t\t<div class=\"elementor-container elementor-column-gap-default\">\n\t\t\t\t\t<div class=\"elementor-column elementor-col-33 elementor-inner-column elementor-element elementor-element-6c950d70\" data-id=\"6c950d70\" data-element_type=\"column\">\n\t\t\t<div class=\"elementor-widget-wrap\">\n\t\t\t\t\t\t\t<\/div>\n\t\t<\/div>\n\t\t\t\t<div class=\"elementor-column elementor-col-33 elementor-inner-column elementor-element elementor-element-1470deaa\" data-id=\"1470deaa\" data-element_type=\"column\">\n\t\t\t<div class=\"elementor-widget-wrap elementor-element-populated\">\n\t\t\t\t\t\t<div class=\"elementor-element elementor-element-109a5b91 elementor-widget elementor-widget-widgetkit-for-elementor-team\" data-id=\"109a5b91\" data-element_type=\"widget\" data-widget_type=\"widgetkit-for-elementor-team.default\">\n\t\t\t\t<div class=\"elementor-widget-container\">\n\t\t\t\t\t\n<div class=\"wk-team\">\n            <div class=\"wk-card wk-card-default wk-style-2\">\n            <div class=\"wk-card-media-top wk-overflow-hidden\">\n                                    <a class=\"wk-display-block\" href=\"\" \"rel=\"nofollow\">\n                        <img fetchpriority=\"high\" decoding=\"async\" width=\"800\" height=\"800\" src=\"https:\/\/www.ikiam.edu.ec\/wp-content\/uploads\/2025\/08\/joaquin-brito.png\" class=\"attachment-full size-full\" alt=\"\" srcset=\"https:\/\/www.ikiam.edu.ec\/wp-content\/uploads\/2025\/08\/joaquin-brito.png 800w, https:\/\/www.ikiam.edu.ec\/wp-content\/uploads\/2025\/08\/joaquin-brito-300x300.png 300w, https:\/\/www.ikiam.edu.ec\/wp-content\/uploads\/2025\/08\/joaquin-brito-150x150.png 150w, https:\/\/www.ikiam.edu.ec\/wp-content\/uploads\/2025\/08\/joaquin-brito-768x768.png 768w\" sizes=\"(max-width: 800px) 100vw, 800px\" \/>                    <\/a>\n                            <\/div> <!-- wk-card-image -->\n\n            <div class=\"wk-card-body\">\n                                    <p class=\"wk-card-title wk-margin-remove\">Joaqu\u00edn Luis Brito Gonzalvez<\/p>                \n                                    <span class=\"wk-card-designation wk-inline-block\">Director<\/span>\n                \n                                    <div class=\"social-icons\">\n                                                                                    <a href=\"mailto: joaquin.brito@ikiam.edu.ec\" \"rel=\"nofollow\">\n\n                                    <i aria-hidden=\"true\" class=\"material-icons md-email\" data-md-icon=\"email\"><\/i>                                <\/a>\n                                                                        <\/div> <!-- wk-width-auto-->\n                \n                                    <p class=\"wk-text-normal wk-margin-small\"> joaquin.brito@ikiam.edu.ec<\/p>\n                            <\/div> <!-- wk-card-body -->\n        <\/div> <!-- wk-card-->\n\n\n\n    <\/div><!-- wk-grid-->\n\n\n<script type=\"text\/javascript\">\n        jQuery(function($) {\n        if (!$('body').hasClass('wk-team')) {\n            $('body').addClass('wk-team');\n        }\n    });\n<\/script>\t\t<!-- <h3>hello world<\/h3> -->\n\t\t\t\t\t\t<\/div>\n\t\t\t\t<\/div>\n\t\t\t\t\t<\/div>\n\t\t<\/div>\n\t\t\t\t<div class=\"elementor-column elementor-col-33 elementor-inner-column elementor-element elementor-element-4e16bd30\" data-id=\"4e16bd30\" data-element_type=\"column\">\n\t\t\t<div class=\"elementor-widget-wrap\">\n\t\t\t\t\t\t\t<\/div>\n\t\t<\/div>\n\t\t\t\t\t<\/div>\n\t\t<\/section>\n\t\t\t\t<div class=\"elementor-element elementor-element-31eff1e elementor-widget elementor-widget-spacer\" data-id=\"31eff1e\" data-element_type=\"widget\" data-widget_type=\"spacer.default\">\n\t\t\t\t\t\t\t<div class=\"elementor-spacer\">\n\t\t\t<div class=\"elementor-spacer-inner\"><\/div>\n\t\t<\/div>\n\t\t\t\t\t\t<\/div>\n\t\t\t\t<section class=\"elementor-section elementor-inner-section elementor-element elementor-element-737fe196 elementor-section-boxed elementor-section-height-default elementor-section-height-default\" data-id=\"737fe196\" data-element_type=\"section\">\n\t\t\t\t\t\t<div class=\"elementor-container elementor-column-gap-default\">\n\t\t\t\t\t<div class=\"elementor-column elementor-col-33 elementor-inner-column elementor-element elementor-element-6a4012d6\" data-id=\"6a4012d6\" data-element_type=\"column\">\n\t\t\t<div class=\"elementor-widget-wrap\">\n\t\t\t\t\t\t\t<\/div>\n\t\t<\/div>\n\t\t\t\t<div class=\"elementor-column elementor-col-33 elementor-inner-column elementor-element elementor-element-49c3b0af\" data-id=\"49c3b0af\" data-element_type=\"column\">\n\t\t\t<div class=\"elementor-widget-wrap elementor-element-populated\">\n\t\t\t\t\t\t<div class=\"elementor-element elementor-element-32facd50 elementor-widget elementor-widget-widgetkit-for-elementor-team\" data-id=\"32facd50\" data-element_type=\"widget\" data-widget_type=\"widgetkit-for-elementor-team.default\">\n\t\t\t\t<div class=\"elementor-widget-container\">\n\t\t\t\t\t\n<div class=\"wk-team\">\n            <div class=\"wk-card wk-card-default wk-style-2\">\n            <div class=\"wk-card-media-top wk-overflow-hidden\">\n                                    <a class=\"wk-display-block\" href=\"\" \"rel=\"nofollow\">\n                        <img decoding=\"async\" width=\"225\" height=\"225\" data-src=\"https:\/\/www.ikiam.edu.ec\/wp-content\/uploads\/2025\/09\/mujer.png\" class=\"attachment-full size-full lazyload\" alt=\"\" data-srcset=\"https:\/\/www.ikiam.edu.ec\/wp-content\/uploads\/2025\/09\/mujer.png 225w, https:\/\/www.ikiam.edu.ec\/wp-content\/uploads\/2025\/09\/mujer-150x150.png 150w\" data-sizes=\"(max-width: 225px) 100vw, 225px\" src=\"data:image\/svg+xml;base64,PHN2ZyB3aWR0aD0iMSIgaGVpZ2h0PSIxIiB4bWxucz0iaHR0cDovL3d3dy53My5vcmcvMjAwMC9zdmciPjwvc3ZnPg==\" style=\"--smush-placeholder-width: 225px; --smush-placeholder-aspect-ratio: 225\/225;\" \/>                    <\/a>\n                            <\/div> <!-- wk-card-image -->\n\n            <div class=\"wk-card-body\">\n                                    <p class=\"wk-card-title wk-margin-remove\">Mar\u00eda B. Macas<\/p>                \n                                    <span class=\"wk-card-designation wk-inline-block\">T\u00e9cnico de laboratorio<\/span>\n                \n                                    <div class=\"social-icons\">\n                                                                                    <a href=\"mailto:maria.macas@ikiam.edu.ec\" \"rel=\"nofollow\">\n\n                                    <i aria-hidden=\"true\" class=\"material-icons md-email\" data-md-icon=\"email\"><\/i>                                <\/a>\n                                                                        <\/div> <!-- wk-width-auto-->\n                \n                                    <p class=\"wk-text-normal wk-margin-small\">maria.macas@ikiam.edu.ec<\/p>\n                            <\/div> <!-- wk-card-body -->\n        <\/div> <!-- wk-card-->\n\n\n\n    <\/div><!-- wk-grid-->\n\n\n<script type=\"text\/javascript\">\n        jQuery(function($) {\n        if (!$('body').hasClass('wk-team')) {\n            $('body').addClass('wk-team');\n        }\n    });\n<\/script>\t\t<!-- <h3>hello world<\/h3> -->\n\t\t\t\t\t\t<\/div>\n\t\t\t\t<\/div>\n\t\t\t\t\t<\/div>\n\t\t<\/div>\n\t\t\t\t<div class=\"elementor-column elementor-col-33 elementor-inner-column elementor-element elementor-element-5bde63f4\" data-id=\"5bde63f4\" data-element_type=\"column\">\n\t\t\t<div class=\"elementor-widget-wrap\">\n\t\t\t\t\t\t\t<\/div>\n\t\t<\/div>\n\t\t\t\t\t<\/div>\n\t\t<\/section>\n\t\t\t\t\t<\/div>\n\t\t<\/div>\n\t\t\t\t\t<\/div>\n\t\t<\/section>\n\t\t\t\t<\/div>\n\t\t","protected":false},"excerpt":{"rendered":"<p>Laboratorio de Qu\u00edmica de Docencia 1 Informaci\u00f3n General El laboratorio de ense\u00f1anza de Qu\u00edmica 1 est\u00e1 ubicado en el m\u00f3dulo [&hellip;]<\/p>\n","protected":false},"author":2,"featured_media":0,"parent":0,"menu_order":0,"comment_status":"closed","ping_status":"closed","template":"","meta":{"site-sidebar-layout":"no-sidebar","site-content-layout":"","ast-site-content-layout":"full-width-container","site-content-style":"default","site-sidebar-style":"default","ast-global-header-display":"","ast-banner-title-visibility":"","ast-main-header-display":"","ast-hfb-above-header-display":"","ast-hfb-below-header-display":"","ast-hfb-mobile-header-display":"","site-post-title":"disabled","ast-breadcrumbs-content":"","ast-featured-img":"disabled","footer-sml-layout":"","theme-transparent-header-meta":"","adv-header-id-meta":"","stick-header-meta":"","header-above-stick-meta":"","header-main-stick-meta":"","header-below-stick-meta":"","astra-migrate-meta-layouts":"default","ast-page-background-enabled":"default","ast-page-background-meta":{"desktop":{"background-color":"var(--ast-global-color-5)","background-image":"","background-repeat":"repeat","background-position":"center center","background-size":"auto","background-attachment":"scroll","background-type":"","background-media":"","overlay-type":"","overlay-color":"","overlay-opacity":"","overlay-gradient":""},"tablet":{"background-color":"","background-image":"","background-repeat":"repeat","background-position":"center center","background-size":"auto","background-attachment":"scroll","background-type":"","background-media":"","overlay-type":"","overlay-color":"","overlay-opacity":"","overlay-gradient":""},"mobile":{"background-color":"","background-image":"","background-repeat":"repeat","background-position":"center center","background-size":"auto","background-attachment":"scroll","background-type":"","background-media":"","overlay-type":"","overlay-color":"","overlay-opacity":"","overlay-gradient":""}},"ast-content-background-meta":{"desktop":{"background-color":"var(--ast-global-color-4)","background-image":"","background-repeat":"repeat","background-position":"center center","background-size":"auto","background-attachment":"scroll","background-type":"","background-media":"","overlay-type":"","overlay-color":"","overlay-opacity":"","overlay-gradient":""},"tablet":{"background-color":"var(--ast-global-color-4)","background-image":"","background-repeat":"repeat","background-position":"center center","background-size":"auto","background-attachment":"scroll","background-type":"","background-media":"","overlay-type":"","overlay-color":"","overlay-opacity":"","overlay-gradient":""},"mobile":{"background-color":"var(--ast-global-color-4)","background-image":"","background-repeat":"repeat","background-position":"center center","background-size":"auto","background-attachment":"scroll","background-type":"","background-media":"","overlay-type":"","overlay-color":"","overlay-opacity":"","overlay-gradient":""}},"footnotes":""},"class_list":["post-51806","page","type-page","status-publish","hentry"],"yoast_head":"<!-- This site is optimized with the Yoast SEO plugin v25.8 - https:\/\/yoast.com\/wordpress\/plugins\/seo\/ -->\n<title>Laboratorio de Qu\u00edmica de Docencia 1 - Universidad Regional Amaz\u00f3nica Ikiam<\/title>\n<meta name=\"robots\" content=\"index, follow, max-snippet:-1, max-image-preview:large, max-video-preview:-1\" \/>\n<link rel=\"canonical\" href=\"https:\/\/www.ikiam.edu.ec\/index.php\/laboratorio-de-quimica-de-docencia-1\/\" \/>\n<meta property=\"og:locale\" content=\"es_ES\" \/>\n<meta property=\"og:type\" content=\"article\" \/>\n<meta property=\"og:title\" content=\"Laboratorio de Qu\u00edmica de Docencia 1 - Universidad Regional Amaz\u00f3nica Ikiam\" \/>\n<meta property=\"og:description\" content=\"Laboratorio de Qu\u00edmica de Docencia 1 Informaci\u00f3n General El laboratorio de ense\u00f1anza de Qu\u00edmica 1 est\u00e1 ubicado en el m\u00f3dulo [&hellip;]\" \/>\n<meta property=\"og:url\" content=\"https:\/\/www.ikiam.edu.ec\/index.php\/laboratorio-de-quimica-de-docencia-1\/\" \/>\n<meta property=\"og:site_name\" content=\"Universidad Regional Amaz\u00f3nica Ikiam\" \/>\n<meta property=\"article:publisher\" content=\"https:\/\/www.facebook.com\/IkiamOficial\/\" \/>\n<meta property=\"article:modified_time\" content=\"2026-03-12T13:25:39+00:00\" \/>\n<meta property=\"og:image\" content=\"https:\/\/www.ikiam.edu.ec\/wp-content\/uploads\/2025\/08\/joaquin-brito.png\" \/>\n<meta name=\"twitter:card\" content=\"summary_large_image\" \/>\n<meta name=\"twitter:site\" content=\"@u_ikiam\" \/>\n<meta name=\"twitter:label1\" content=\"Tiempo de lectura\" \/>\n\t<meta name=\"twitter:data1\" content=\"1 minuto\" \/>\n<script type=\"application\/ld+json\" class=\"yoast-schema-graph\">{\"@context\":\"https:\/\/schema.org\",\"@graph\":[{\"@type\":\"WebPage\",\"@id\":\"https:\/\/www.ikiam.edu.ec\/index.php\/laboratorio-de-quimica-de-docencia-1\/\",\"url\":\"https:\/\/www.ikiam.edu.ec\/index.php\/laboratorio-de-quimica-de-docencia-1\/\",\"name\":\"Laboratorio de Qu\u00edmica de Docencia 1 - Universidad Regional Amaz\u00f3nica Ikiam\",\"isPartOf\":{\"@id\":\"https:\/\/www.ikiam.edu.ec\/#website\"},\"primaryImageOfPage\":{\"@id\":\"https:\/\/www.ikiam.edu.ec\/index.php\/laboratorio-de-quimica-de-docencia-1\/#primaryimage\"},\"image\":{\"@id\":\"https:\/\/www.ikiam.edu.ec\/index.php\/laboratorio-de-quimica-de-docencia-1\/#primaryimage\"},\"thumbnailUrl\":\"https:\/\/www.ikiam.edu.ec\/wp-content\/uploads\/2025\/08\/joaquin-brito.png\",\"datePublished\":\"2025-10-01T16:38:52+00:00\",\"dateModified\":\"2026-03-12T13:25:39+00:00\",\"breadcrumb\":{\"@id\":\"https:\/\/www.ikiam.edu.ec\/index.php\/laboratorio-de-quimica-de-docencia-1\/#breadcrumb\"},\"inLanguage\":\"es\",\"potentialAction\":[{\"@type\":\"ReadAction\",\"target\":[\"https:\/\/www.ikiam.edu.ec\/index.php\/laboratorio-de-quimica-de-docencia-1\/\"]}]},{\"@type\":\"ImageObject\",\"inLanguage\":\"es\",\"@id\":\"https:\/\/www.ikiam.edu.ec\/index.php\/laboratorio-de-quimica-de-docencia-1\/#primaryimage\",\"url\":\"https:\/\/www.ikiam.edu.ec\/wp-content\/uploads\/2025\/08\/joaquin-brito.png\",\"contentUrl\":\"https:\/\/www.ikiam.edu.ec\/wp-content\/uploads\/2025\/08\/joaquin-brito.png\",\"width\":800,\"height\":800},{\"@type\":\"BreadcrumbList\",\"@id\":\"https:\/\/www.ikiam.edu.ec\/index.php\/laboratorio-de-quimica-de-docencia-1\/#breadcrumb\",\"itemListElement\":[{\"@type\":\"ListItem\",\"position\":1,\"name\":\"La Universidad\",\"item\":\"https:\/\/www.ikiam.edu.ec\/\"},{\"@type\":\"ListItem\",\"position\":2,\"name\":\"Laboratorio de Qu\u00edmica de Docencia 1\"}]},{\"@type\":\"WebSite\",\"@id\":\"https:\/\/www.ikiam.edu.ec\/#website\",\"url\":\"https:\/\/www.ikiam.edu.ec\/\",\"name\":\"Universidad Regional Amaz\u00f3nica Ikiam\",\"description\":\"\",\"publisher\":{\"@id\":\"https:\/\/www.ikiam.edu.ec\/#organization\"},\"potentialAction\":[{\"@type\":\"SearchAction\",\"target\":{\"@type\":\"EntryPoint\",\"urlTemplate\":\"https:\/\/www.ikiam.edu.ec\/?s={search_term_string}\"},\"query-input\":{\"@type\":\"PropertyValueSpecification\",\"valueRequired\":true,\"valueName\":\"search_term_string\"}}],\"inLanguage\":\"es\"},{\"@type\":\"Organization\",\"@id\":\"https:\/\/www.ikiam.edu.ec\/#organization\",\"name\":\"Universidad Regional Amaz\u00f3nica Ikiam\",\"url\":\"https:\/\/www.ikiam.edu.ec\/\",\"logo\":{\"@type\":\"ImageObject\",\"inLanguage\":\"es\",\"@id\":\"https:\/\/www.ikiam.edu.ec\/#\/schema\/logo\/image\/\",\"url\":\"https:\/\/www.ikiam.edu.ec\/wp-content\/uploads\/2021\/12\/logo-ikiam-1.png\",\"contentUrl\":\"https:\/\/www.ikiam.edu.ec\/wp-content\/uploads\/2021\/12\/logo-ikiam-1.png\",\"width\":210,\"height\":90,\"caption\":\"Universidad Regional Amaz\u00f3nica Ikiam\"},\"image\":{\"@id\":\"https:\/\/www.ikiam.edu.ec\/#\/schema\/logo\/image\/\"},\"sameAs\":[\"https:\/\/www.facebook.com\/IkiamOficial\/\",\"https:\/\/x.com\/u_ikiam\"]}]}<\/script>\n<!-- \/ Yoast SEO plugin. -->","yoast_head_json":{"title":"Laboratorio de Qu\u00edmica de Docencia 1 - Universidad Regional Amaz\u00f3nica Ikiam","robots":{"index":"index","follow":"follow","max-snippet":"max-snippet:-1","max-image-preview":"max-image-preview:large","max-video-preview":"max-video-preview:-1"},"canonical":"https:\/\/www.ikiam.edu.ec\/index.php\/laboratorio-de-quimica-de-docencia-1\/","og_locale":"es_ES","og_type":"article","og_title":"Laboratorio de Qu\u00edmica de Docencia 1 - Universidad Regional Amaz\u00f3nica Ikiam","og_description":"Laboratorio de Qu\u00edmica de Docencia 1 Informaci\u00f3n General El laboratorio de ense\u00f1anza de Qu\u00edmica 1 est\u00e1 ubicado en el m\u00f3dulo [&hellip;]","og_url":"https:\/\/www.ikiam.edu.ec\/index.php\/laboratorio-de-quimica-de-docencia-1\/","og_site_name":"Universidad Regional Amaz\u00f3nica Ikiam","article_publisher":"https:\/\/www.facebook.com\/IkiamOficial\/","article_modified_time":"2026-03-12T13:25:39+00:00","og_image":[{"url":"https:\/\/www.ikiam.edu.ec\/wp-content\/uploads\/2025\/08\/joaquin-brito.png","type":"","width":"","height":""}],"twitter_card":"summary_large_image","twitter_site":"@u_ikiam","twitter_misc":{"Tiempo de lectura":"1 minuto"},"schema":{"@context":"https:\/\/schema.org","@graph":[{"@type":"WebPage","@id":"https:\/\/www.ikiam.edu.ec\/index.php\/laboratorio-de-quimica-de-docencia-1\/","url":"https:\/\/www.ikiam.edu.ec\/index.php\/laboratorio-de-quimica-de-docencia-1\/","name":"Laboratorio de Qu\u00edmica de Docencia 1 - Universidad Regional Amaz\u00f3nica Ikiam","isPartOf":{"@id":"https:\/\/www.ikiam.edu.ec\/#website"},"primaryImageOfPage":{"@id":"https:\/\/www.ikiam.edu.ec\/index.php\/laboratorio-de-quimica-de-docencia-1\/#primaryimage"},"image":{"@id":"https:\/\/www.ikiam.edu.ec\/index.php\/laboratorio-de-quimica-de-docencia-1\/#primaryimage"},"thumbnailUrl":"https:\/\/www.ikiam.edu.ec\/wp-content\/uploads\/2025\/08\/joaquin-brito.png","datePublished":"2025-10-01T16:38:52+00:00","dateModified":"2026-03-12T13:25:39+00:00","breadcrumb":{"@id":"https:\/\/www.ikiam.edu.ec\/index.php\/laboratorio-de-quimica-de-docencia-1\/#breadcrumb"},"inLanguage":"es","potentialAction":[{"@type":"ReadAction","target":["https:\/\/www.ikiam.edu.ec\/index.php\/laboratorio-de-quimica-de-docencia-1\/"]}]},{"@type":"ImageObject","inLanguage":"es","@id":"https:\/\/www.ikiam.edu.ec\/index.php\/laboratorio-de-quimica-de-docencia-1\/#primaryimage","url":"https:\/\/www.ikiam.edu.ec\/wp-content\/uploads\/2025\/08\/joaquin-brito.png","contentUrl":"https:\/\/www.ikiam.edu.ec\/wp-content\/uploads\/2025\/08\/joaquin-brito.png","width":800,"height":800},{"@type":"BreadcrumbList","@id":"https:\/\/www.ikiam.edu.ec\/index.php\/laboratorio-de-quimica-de-docencia-1\/#breadcrumb","itemListElement":[{"@type":"ListItem","position":1,"name":"La Universidad","item":"https:\/\/www.ikiam.edu.ec\/"},{"@type":"ListItem","position":2,"name":"Laboratorio de Qu\u00edmica de Docencia 1"}]},{"@type":"WebSite","@id":"https:\/\/www.ikiam.edu.ec\/#website","url":"https:\/\/www.ikiam.edu.ec\/","name":"Universidad Regional Amaz\u00f3nica Ikiam","description":"","publisher":{"@id":"https:\/\/www.ikiam.edu.ec\/#organization"},"potentialAction":[{"@type":"SearchAction","target":{"@type":"EntryPoint","urlTemplate":"https:\/\/www.ikiam.edu.ec\/?s={search_term_string}"},"query-input":{"@type":"PropertyValueSpecification","valueRequired":true,"valueName":"search_term_string"}}],"inLanguage":"es"},{"@type":"Organization","@id":"https:\/\/www.ikiam.edu.ec\/#organization","name":"Universidad Regional Amaz\u00f3nica Ikiam","url":"https:\/\/www.ikiam.edu.ec\/","logo":{"@type":"ImageObject","inLanguage":"es","@id":"https:\/\/www.ikiam.edu.ec\/#\/schema\/logo\/image\/","url":"https:\/\/www.ikiam.edu.ec\/wp-content\/uploads\/2021\/12\/logo-ikiam-1.png","contentUrl":"https:\/\/www.ikiam.edu.ec\/wp-content\/uploads\/2021\/12\/logo-ikiam-1.png","width":210,"height":90,"caption":"Universidad Regional Amaz\u00f3nica Ikiam"},"image":{"@id":"https:\/\/www.ikiam.edu.ec\/#\/schema\/logo\/image\/"},"sameAs":["https:\/\/www.facebook.com\/IkiamOficial\/","https:\/\/x.com\/u_ikiam"]}]}},"_links":{"self":[{"href":"https:\/\/www.ikiam.edu.ec\/index.php\/wp-json\/wp\/v2\/pages\/51806","targetHints":{"allow":["GET"]}}],"collection":[{"href":"https:\/\/www.ikiam.edu.ec\/index.php\/wp-json\/wp\/v2\/pages"}],"about":[{"href":"https:\/\/www.ikiam.edu.ec\/index.php\/wp-json\/wp\/v2\/types\/page"}],"author":[{"embeddable":true,"href":"https:\/\/www.ikiam.edu.ec\/index.php\/wp-json\/wp\/v2\/users\/2"}],"replies":[{"embeddable":true,"href":"https:\/\/www.ikiam.edu.ec\/index.php\/wp-json\/wp\/v2\/comments?post=51806"}],"version-history":[{"count":10,"href":"https:\/\/www.ikiam.edu.ec\/index.php\/wp-json\/wp\/v2\/pages\/51806\/revisions"}],"predecessor-version":[{"id":55422,"href":"https:\/\/www.ikiam.edu.ec\/index.php\/wp-json\/wp\/v2\/pages\/51806\/revisions\/55422"}],"wp:attachment":[{"href":"https:\/\/www.ikiam.edu.ec\/index.php\/wp-json\/wp\/v2\/media?parent=51806"}],"curies":[{"name":"wp","href":"https:\/\/api.w.org\/{rel}","templated":true}]}}