{"id":52324,"date":"2025-10-06T18:24:04","date_gmt":"2025-10-06T18:24:04","guid":{"rendered":"https:\/\/www.ikiam.edu.ec\/?page_id=52324"},"modified":"2025-10-06T18:26:42","modified_gmt":"2025-10-06T18:26:42","slug":"lenin-renato-roman-tarapues","status":"publish","type":"page","link":"https:\/\/www.ikiam.edu.ec\/index.php\/lenin-renato-roman-tarapues\/","title":{"rendered":"Lenin Renato Rom\u00e1n Tarapu\u00e9s"},"content":{"rendered":"\t\t<div data-elementor-type=\"wp-page\" data-elementor-id=\"52324\" class=\"elementor elementor-52324\" data-elementor-post-type=\"page\">\n\t\t\t\t\t\t<section class=\"elementor-section elementor-top-section elementor-element elementor-element-257c8bef elementor-section-boxed elementor-section-height-default elementor-section-height-default\" data-id=\"257c8bef\" data-element_type=\"section\">\n\t\t\t\t\t\t<div class=\"elementor-container elementor-column-gap-default\">\n\t\t\t\t\t<div class=\"elementor-column elementor-col-100 elementor-top-column elementor-element elementor-element-1b10e63a\" data-id=\"1b10e63a\" data-element_type=\"column\">\n\t\t\t<div class=\"elementor-widget-wrap elementor-element-populated\">\n\t\t\t\t\t\t<div class=\"elementor-element elementor-element-56d3d5f3 elementor-widget elementor-widget-heading\" data-id=\"56d3d5f3\" data-element_type=\"widget\" data-widget_type=\"heading.default\">\n\t\t\t\t\t<h2 class=\"elementor-heading-title elementor-size-default\">Docente<\/h2>\t\t\t\t<\/div>\n\t\t\t\t<div class=\"elementor-element elementor-element-476a406e elementor-widget elementor-widget-spacer\" data-id=\"476a406e\" data-element_type=\"widget\" data-widget_type=\"spacer.default\">\n\t\t\t\t\t\t\t<div class=\"elementor-spacer\">\n\t\t\t<div class=\"elementor-spacer-inner\"><\/div>\n\t\t<\/div>\n\t\t\t\t\t\t<\/div>\n\t\t\t\t<section class=\"elementor-section elementor-inner-section elementor-element elementor-element-5d7937cf elementor-section-boxed elementor-section-height-default elementor-section-height-default\" data-id=\"5d7937cf\" data-element_type=\"section\">\n\t\t\t\t\t\t<div class=\"elementor-container elementor-column-gap-default\">\n\t\t\t\t\t<div class=\"elementor-column elementor-col-50 elementor-inner-column elementor-element elementor-element-13bee107\" data-id=\"13bee107\" data-element_type=\"column\">\n\t\t\t<div class=\"elementor-widget-wrap elementor-element-populated\">\n\t\t\t\t\t\t<div class=\"elementor-element elementor-element-2bde0ef6 elementor-widget elementor-widget-spacer\" data-id=\"2bde0ef6\" data-element_type=\"widget\" data-widget_type=\"spacer.default\">\n\t\t\t\t\t\t\t<div class=\"elementor-spacer\">\n\t\t\t<div class=\"elementor-spacer-inner\"><\/div>\n\t\t<\/div>\n\t\t\t\t\t\t<\/div>\n\t\t\t\t<div class=\"elementor-element elementor-element-104359eb elementor-widget elementor-widget-heading\" data-id=\"104359eb\" data-element_type=\"widget\" data-widget_type=\"heading.default\">\n\t\t\t\t\t<h2 class=\"elementor-heading-title elementor-size-default\"> Lenin Renato Rom\u00e1n Tarapu\u00e9s<\/h2>\t\t\t\t<\/div>\n\t\t\t\t<div class=\"elementor-element elementor-element-2484c775 elementor-widget elementor-widget-image\" data-id=\"2484c775\" data-element_type=\"widget\" data-widget_type=\"image.default\">\n\t\t\t\t\t\t\t\t\t\t\t\t\t\t\t<img fetchpriority=\"high\" decoding=\"async\" width=\"1024\" height=\"683\" src=\"https:\/\/www.ikiam.edu.ec\/wp-content\/uploads\/2025\/09\/LENIN-RENATO-ROMAN-TORAPUES-DOCENTE-CENTRO-DE-IDIOMAS-IKIAM-4-de-6-1024x683.jpg\" class=\"attachment-large size-large wp-image-49558\" alt=\"\" srcset=\"https:\/\/www.ikiam.edu.ec\/wp-content\/uploads\/2025\/09\/LENIN-RENATO-ROMAN-TORAPUES-DOCENTE-CENTRO-DE-IDIOMAS-IKIAM-4-de-6-1024x683.jpg 1024w, https:\/\/www.ikiam.edu.ec\/wp-content\/uploads\/2025\/09\/LENIN-RENATO-ROMAN-TORAPUES-DOCENTE-CENTRO-DE-IDIOMAS-IKIAM-4-de-6-300x200.jpg 300w, https:\/\/www.ikiam.edu.ec\/wp-content\/uploads\/2025\/09\/LENIN-RENATO-ROMAN-TORAPUES-DOCENTE-CENTRO-DE-IDIOMAS-IKIAM-4-de-6-768x512.jpg 768w, https:\/\/www.ikiam.edu.ec\/wp-content\/uploads\/2025\/09\/LENIN-RENATO-ROMAN-TORAPUES-DOCENTE-CENTRO-DE-IDIOMAS-IKIAM-4-de-6-1536x1024.jpg 1536w, https:\/\/www.ikiam.edu.ec\/wp-content\/uploads\/2025\/09\/LENIN-RENATO-ROMAN-TORAPUES-DOCENTE-CENTRO-DE-IDIOMAS-IKIAM-4-de-6-2048x1365.jpg 2048w\" sizes=\"(max-width: 1024px) 100vw, 1024px\" \/>\t\t\t\t\t\t\t\t\t\t\t\t\t\t\t<\/div>\n\t\t\t\t<div class=\"elementor-element elementor-element-93e6a59 elementor-widget elementor-widget-spacer\" data-id=\"93e6a59\" data-element_type=\"widget\" data-widget_type=\"spacer.default\">\n\t\t\t\t\t\t\t<div class=\"elementor-spacer\">\n\t\t\t<div class=\"elementor-spacer-inner\"><\/div>\n\t\t<\/div>\n\t\t\t\t\t\t<\/div>\n\t\t\t\t<div class=\"elementor-element elementor-element-1726d9e1 elementor-icon-list--layout-inline elementor-list-item-link-full_width elementor-widget elementor-widget-icon-list\" data-id=\"1726d9e1\" data-element_type=\"widget\" data-widget_type=\"icon-list.default\">\n\t\t\t\t\t\t\t<ul class=\"elementor-icon-list-items elementor-inline-items\">\n\t\t\t\t\t\t\t<li class=\"elementor-icon-list-item elementor-inline-item\">\n\t\t\t\t\t\t\t\t\t\t\t<a href=\"http:\/\/lenin.roman@ikiam.edu.ec\">\n\n\t\t\t\t\t\t\t\t\t\t\t\t<span class=\"elementor-icon-list-icon\">\n\t\t\t\t\t\t\t<i aria-hidden=\"true\" class=\"material-icons md-contact_mail\" data-md-icon=\"contact_mail\"><\/i>\t\t\t\t\t\t<\/span>\n\t\t\t\t\t\t\t\t\t\t<span class=\"elementor-icon-list-text\">jennifer.albuja@ikiam.edu.ec <\/span>\n\t\t\t\t\t\t\t\t\t\t\t<\/a>\n\t\t\t\t\t\t\t\t\t<\/li>\n\t\t\t\t\t\t<\/ul>\n\t\t\t\t\t\t<\/div>\n\t\t\t\t\t<\/div>\n\t\t<\/div>\n\t\t\t\t<div class=\"elementor-column elementor-col-50 elementor-inner-column elementor-element elementor-element-4fb5f04c\" data-id=\"4fb5f04c\" data-element_type=\"column\">\n\t\t\t<div class=\"elementor-widget-wrap elementor-element-populated\">\n\t\t\t\t\t\t<div class=\"elementor-element elementor-element-3c9b64a6 elementor-widget elementor-widget-spacer\" data-id=\"3c9b64a6\" data-element_type=\"widget\" data-widget_type=\"spacer.default\">\n\t\t\t\t\t\t\t<div class=\"elementor-spacer\">\n\t\t\t<div class=\"elementor-spacer-inner\"><\/div>\n\t\t<\/div>\n\t\t\t\t\t\t<\/div>\n\t\t\t\t<div class=\"elementor-element elementor-element-17e43709 elementor-widget elementor-widget-heading\" data-id=\"17e43709\" data-element_type=\"widget\" data-widget_type=\"heading.default\">\n\t\t\t\t\t<h2 class=\"elementor-heading-title elementor-size-default\">Perfil profesional <\/h2>\t\t\t\t<\/div>\n\t\t\t\t<div class=\"elementor-element elementor-element-2615caa6 elementor-align-left elementor-icon-list--layout-traditional elementor-list-item-link-full_width elementor-widget elementor-widget-icon-list\" data-id=\"2615caa6\" data-element_type=\"widget\" data-widget_type=\"icon-list.default\">\n\t\t\t\t\t\t\t<ul class=\"elementor-icon-list-items\">\n\t\t\t\t\t\t\t<li class=\"elementor-icon-list-item\">\n\t\t\t\t\t\t\t\t\t\t\t<span class=\"elementor-icon-list-icon\">\n\t\t\t\t\t\t\t<svg aria-hidden=\"true\" class=\"e-font-icon-svg e-fas-feather-alt\" viewBox=\"0 0 512 512\" xmlns=\"http:\/\/www.w3.org\/2000\/svg\"><path d=\"M512 0C460.22 3.56 96.44 38.2 71.01 287.61c-3.09 26.66-4.84 53.44-5.99 80.24l178.87-178.69c6.25-6.25 16.4-6.25 22.65 0s6.25 16.38 0 22.63L7.04 471.03c-9.38 9.37-9.38 24.57 0 33.94 9.38 9.37 24.59 9.37 33.98 0l57.13-57.07c42.09-.14 84.15-2.53 125.96-7.36 53.48-5.44 97.02-26.47 132.58-56.54H255.74l146.79-48.88c11.25-14.89 21.37-30.71 30.45-47.12h-81.14l106.54-53.21C500.29 132.86 510.19 26.26 512 0z\"><\/path><\/svg>\t\t\t\t\t\t<\/span>\n\t\t\t\t\t\t\t\t\t\t<span class=\"elementor-icon-list-text\"> LICENCIADO EN CIENCIAS DE LA EDUCACION ESPECIALIZACION INGL\u00c9S- <\/span>\n\t\t\t\t\t\t\t\t\t<\/li>\n\t\t\t\t\t\t\t\t<li class=\"elementor-icon-list-item\">\n\t\t\t\t\t\t\t\t\t\t\t<span class=\"elementor-icon-list-icon\">\n\t\t\t\t\t\t\t<svg aria-hidden=\"true\" class=\"e-font-icon-svg e-fas-feather-alt\" viewBox=\"0 0 512 512\" xmlns=\"http:\/\/www.w3.org\/2000\/svg\"><path d=\"M512 0C460.22 3.56 96.44 38.2 71.01 287.61c-3.09 26.66-4.84 53.44-5.99 80.24l178.87-178.69c6.25-6.25 16.4-6.25 22.65 0s6.25 16.38 0 22.63L7.04 471.03c-9.38 9.37-9.38 24.57 0 33.94 9.38 9.37 24.59 9.37 33.98 0l57.13-57.07c42.09-.14 84.15-2.53 125.96-7.36 53.48-5.44 97.02-26.47 132.58-56.54H255.74l146.79-48.88c11.25-14.89 21.37-30.71 30.45-47.12h-81.14l106.54-53.21C500.29 132.86 510.19 26.26 512 0z\"><\/path><\/svg>\t\t\t\t\t\t<\/span>\n\t\t\t\t\t\t\t\t\t\t<span class=\"elementor-icon-list-text\">MAG\u00cdSTER EN PEDAGOG\u00cdA DE LOS IDIOMAS NACIONALES Y EXTRANJEROS MENCI\u00d3N EN INGL\u00c9S<\/span>\n\t\t\t\t\t\t\t\t\t<\/li>\n\t\t\t\t\t\t<\/ul>\n\t\t\t\t\t\t<\/div>\n\t\t\t\t<div class=\"elementor-element elementor-element-3f2276b4 elementor-widget elementor-widget-spacer\" data-id=\"3f2276b4\" data-element_type=\"widget\" data-widget_type=\"spacer.default\">\n\t\t\t\t\t\t\t<div class=\"elementor-spacer\">\n\t\t\t<div class=\"elementor-spacer-inner\"><\/div>\n\t\t<\/div>\n\t\t\t\t\t\t<\/div>\n\t\t\t\t<div class=\"elementor-element elementor-element-288726ab elementor-widget elementor-widget-heading\" data-id=\"288726ab\" data-element_type=\"widget\" data-widget_type=\"heading.default\">\n\t\t\t\t\t<h2 class=\"elementor-heading-title elementor-size-default\">Biograf\u00eda<\/h2>\t\t\t\t<\/div>\n\t\t\t\t<div class=\"elementor-element elementor-element-86ee80c elementor-widget elementor-widget-text-editor\" data-id=\"86ee80c\" data-element_type=\"widget\" data-widget_type=\"text-editor.default\">\n\t\t\t\t\t\t\t\t\t<p><span style=\"font-weight: 400;\">El docente de ingl\u00e9s es licenciado en Ciencias de la Educaci\u00f3n especializaci\u00f3n Ingl\u00e9s, con una maestr\u00eda en Pedagog\u00eda De Los Idiomas Nacionales Y Extranjeros menci\u00f3n en Ingl\u00e9s. Ha complementado su formaci\u00f3n con certificaciones internacionales como <\/span><b>Cambridge English Teaching Knowledge Test (TKT)<\/b><span style=\"font-weight: 400;\">, lo que le ha permitido fortalecer su enfoque pedag\u00f3gico y metodol\u00f3gico en distintos niveles educativos.<\/span><\/p><p><span style=\"font-weight: 400;\">Cuenta con m\u00e1s de diez a\u00f1os de experiencia impartiendo clases en instituciones de educaci\u00f3n superior, trabajando con estudiantes de diferentes edades y contextos. Su trayectoria incluye la preparaci\u00f3n de alumnos para ex\u00e1menes internacionales, el dise\u00f1o de materiales de evaluaci\u00f3n digital basada en contenidos contextualizados y la implementaci\u00f3n de metodolog\u00edas comunicativas que fomentan la interacci\u00f3n y el aprendizaje significativo en el aula.<\/span><\/p>\t\t\t\t\t\t\t\t<\/div>\n\t\t\t\t\t<\/div>\n\t\t<\/div>\n\t\t\t\t\t<\/div>\n\t\t<\/section>\n\t\t\t\t\t<\/div>\n\t\t<\/div>\n\t\t\t\t\t<\/div>\n\t\t<\/section>\n\t\t\t\t<\/div>\n\t\t","protected":false},"excerpt":{"rendered":"<p>Docente Lenin Renato Rom\u00e1n Tarapu\u00e9s jennifer.albuja@ikiam.edu.ec Perfil profesional LICENCIADO EN CIENCIAS DE LA EDUCACION ESPECIALIZACION INGL\u00c9S- MAG\u00cdSTER EN PEDAGOG\u00cdA DE [&hellip;]<\/p>\n","protected":false},"author":2,"featured_media":0,"parent":0,"menu_order":0,"comment_status":"closed","ping_status":"closed","template":"","meta":{"site-sidebar-layout":"no-sidebar","site-content-layout":"","ast-site-content-layout":"full-width-container","site-content-style":"default","site-sidebar-style":"default","ast-global-header-display":"","ast-banner-title-visibility":"","ast-main-header-display":"","ast-hfb-above-header-display":"","ast-hfb-below-header-display":"","ast-hfb-mobile-header-display":"","site-post-title":"disabled","ast-breadcrumbs-content":"","ast-featured-img":"disabled","footer-sml-layout":"","theme-transparent-header-meta":"","adv-header-id-meta":"","stick-header-meta":"","header-above-stick-meta":"","header-main-stick-meta":"","header-below-stick-meta":"","astra-migrate-meta-layouts":"default","ast-page-background-enabled":"default","ast-page-background-meta":{"desktop":{"background-color":"var(--ast-global-color-5)","background-image":"","background-repeat":"repeat","background-position":"center center","background-size":"auto","background-attachment":"scroll","background-type":"","background-media":"","overlay-type":"","overlay-color":"","overlay-opacity":"","overlay-gradient":""},"tablet":{"background-color":"","background-image":"","background-repeat":"repeat","background-position":"center center","background-size":"auto","background-attachment":"scroll","background-type":"","background-media":"","overlay-type":"","overlay-color":"","overlay-opacity":"","overlay-gradient":""},"mobile":{"background-color":"","background-image":"","background-repeat":"repeat","background-position":"center center","background-size":"auto","background-attachment":"scroll","background-type":"","background-media":"","overlay-type":"","overlay-color":"","overlay-opacity":"","overlay-gradient":""}},"ast-content-background-meta":{"desktop":{"background-color":"var(--ast-global-color-4)","background-image":"","background-repeat":"repeat","background-position":"center center","background-size":"auto","background-attachment":"scroll","background-type":"","background-media":"","overlay-type":"","overlay-color":"","overlay-opacity":"","overlay-gradient":""},"tablet":{"background-color":"var(--ast-global-color-4)","background-image":"","background-repeat":"repeat","background-position":"center center","background-size":"auto","background-attachment":"scroll","background-type":"","background-media":"","overlay-type":"","overlay-color":"","overlay-opacity":"","overlay-gradient":""},"mobile":{"background-color":"var(--ast-global-color-4)","background-image":"","background-repeat":"repeat","background-position":"center center","background-size":"auto","background-attachment":"scroll","background-type":"","background-media":"","overlay-type":"","overlay-color":"","overlay-opacity":"","overlay-gradient":""}},"footnotes":""},"class_list":["post-52324","page","type-page","status-publish","hentry"],"yoast_head":"<!-- This site is optimized with the Yoast SEO plugin v25.8 - https:\/\/yoast.com\/wordpress\/plugins\/seo\/ -->\n<title>Lenin Renato Rom\u00e1n Tarapu\u00e9s - Universidad Regional Amaz\u00f3nica Ikiam<\/title>\n<meta name=\"robots\" content=\"index, follow, max-snippet:-1, max-image-preview:large, max-video-preview:-1\" \/>\n<link rel=\"canonical\" href=\"https:\/\/www.ikiam.edu.ec\/index.php\/lenin-renato-roman-tarapues\/\" \/>\n<meta property=\"og:locale\" content=\"es_ES\" \/>\n<meta property=\"og:type\" content=\"article\" \/>\n<meta property=\"og:title\" content=\"Lenin Renato Rom\u00e1n Tarapu\u00e9s - Universidad Regional Amaz\u00f3nica Ikiam\" \/>\n<meta property=\"og:description\" content=\"Docente Lenin Renato Rom\u00e1n Tarapu\u00e9s jennifer.albuja@ikiam.edu.ec Perfil profesional LICENCIADO EN CIENCIAS DE LA EDUCACION ESPECIALIZACION INGL\u00c9S- MAG\u00cdSTER EN PEDAGOG\u00cdA DE [&hellip;]\" \/>\n<meta property=\"og:url\" content=\"https:\/\/www.ikiam.edu.ec\/index.php\/lenin-renato-roman-tarapues\/\" \/>\n<meta property=\"og:site_name\" content=\"Universidad Regional Amaz\u00f3nica Ikiam\" \/>\n<meta property=\"article:publisher\" content=\"https:\/\/www.facebook.com\/IkiamOficial\/\" \/>\n<meta property=\"article:modified_time\" content=\"2025-10-06T18:26:42+00:00\" \/>\n<meta property=\"og:image\" content=\"https:\/\/www.ikiam.edu.ec\/wp-content\/uploads\/2025\/09\/LENIN-RENATO-ROMAN-TORAPUES-DOCENTE-CENTRO-DE-IDIOMAS-IKIAM-4-de-6-scaled.jpg\" \/>\n\t<meta property=\"og:image:width\" content=\"2560\" \/>\n\t<meta property=\"og:image:height\" content=\"1707\" \/>\n\t<meta property=\"og:image:type\" content=\"image\/jpeg\" \/>\n<meta name=\"twitter:card\" content=\"summary_large_image\" \/>\n<meta name=\"twitter:site\" content=\"@u_ikiam\" \/>\n<meta name=\"twitter:label1\" content=\"Tiempo de lectura\" \/>\n\t<meta name=\"twitter:data1\" content=\"1 minuto\" \/>\n<script type=\"application\/ld+json\" class=\"yoast-schema-graph\">{\"@context\":\"https:\/\/schema.org\",\"@graph\":[{\"@type\":\"WebPage\",\"@id\":\"https:\/\/www.ikiam.edu.ec\/index.php\/lenin-renato-roman-tarapues\/\",\"url\":\"https:\/\/www.ikiam.edu.ec\/index.php\/lenin-renato-roman-tarapues\/\",\"name\":\"Lenin Renato Rom\u00e1n Tarapu\u00e9s - Universidad Regional Amaz\u00f3nica Ikiam\",\"isPartOf\":{\"@id\":\"https:\/\/www.ikiam.edu.ec\/#website\"},\"primaryImageOfPage\":{\"@id\":\"https:\/\/www.ikiam.edu.ec\/index.php\/lenin-renato-roman-tarapues\/#primaryimage\"},\"image\":{\"@id\":\"https:\/\/www.ikiam.edu.ec\/index.php\/lenin-renato-roman-tarapues\/#primaryimage\"},\"thumbnailUrl\":\"https:\/\/www.ikiam.edu.ec\/wp-content\/uploads\/2025\/09\/LENIN-RENATO-ROMAN-TORAPUES-DOCENTE-CENTRO-DE-IDIOMAS-IKIAM-4-de-6-1024x683.jpg\",\"datePublished\":\"2025-10-06T18:24:04+00:00\",\"dateModified\":\"2025-10-06T18:26:42+00:00\",\"breadcrumb\":{\"@id\":\"https:\/\/www.ikiam.edu.ec\/index.php\/lenin-renato-roman-tarapues\/#breadcrumb\"},\"inLanguage\":\"es\",\"potentialAction\":[{\"@type\":\"ReadAction\",\"target\":[\"https:\/\/www.ikiam.edu.ec\/index.php\/lenin-renato-roman-tarapues\/\"]}]},{\"@type\":\"ImageObject\",\"inLanguage\":\"es\",\"@id\":\"https:\/\/www.ikiam.edu.ec\/index.php\/lenin-renato-roman-tarapues\/#primaryimage\",\"url\":\"https:\/\/www.ikiam.edu.ec\/wp-content\/uploads\/2025\/09\/LENIN-RENATO-ROMAN-TORAPUES-DOCENTE-CENTRO-DE-IDIOMAS-IKIAM-4-de-6-scaled.jpg\",\"contentUrl\":\"https:\/\/www.ikiam.edu.ec\/wp-content\/uploads\/2025\/09\/LENIN-RENATO-ROMAN-TORAPUES-DOCENTE-CENTRO-DE-IDIOMAS-IKIAM-4-de-6-scaled.jpg\",\"width\":2560,\"height\":1707},{\"@type\":\"BreadcrumbList\",\"@id\":\"https:\/\/www.ikiam.edu.ec\/index.php\/lenin-renato-roman-tarapues\/#breadcrumb\",\"itemListElement\":[{\"@type\":\"ListItem\",\"position\":1,\"name\":\"La Universidad\",\"item\":\"https:\/\/www.ikiam.edu.ec\/\"},{\"@type\":\"ListItem\",\"position\":2,\"name\":\"Lenin Renato Rom\u00e1n Tarapu\u00e9s\"}]},{\"@type\":\"WebSite\",\"@id\":\"https:\/\/www.ikiam.edu.ec\/#website\",\"url\":\"https:\/\/www.ikiam.edu.ec\/\",\"name\":\"Universidad Regional Amaz\u00f3nica Ikiam\",\"description\":\"\",\"publisher\":{\"@id\":\"https:\/\/www.ikiam.edu.ec\/#organization\"},\"potentialAction\":[{\"@type\":\"SearchAction\",\"target\":{\"@type\":\"EntryPoint\",\"urlTemplate\":\"https:\/\/www.ikiam.edu.ec\/?s={search_term_string}\"},\"query-input\":{\"@type\":\"PropertyValueSpecification\",\"valueRequired\":true,\"valueName\":\"search_term_string\"}}],\"inLanguage\":\"es\"},{\"@type\":\"Organization\",\"@id\":\"https:\/\/www.ikiam.edu.ec\/#organization\",\"name\":\"Universidad Regional Amaz\u00f3nica Ikiam\",\"url\":\"https:\/\/www.ikiam.edu.ec\/\",\"logo\":{\"@type\":\"ImageObject\",\"inLanguage\":\"es\",\"@id\":\"https:\/\/www.ikiam.edu.ec\/#\/schema\/logo\/image\/\",\"url\":\"https:\/\/www.ikiam.edu.ec\/wp-content\/uploads\/2021\/12\/logo-ikiam-1.png\",\"contentUrl\":\"https:\/\/www.ikiam.edu.ec\/wp-content\/uploads\/2021\/12\/logo-ikiam-1.png\",\"width\":210,\"height\":90,\"caption\":\"Universidad Regional Amaz\u00f3nica Ikiam\"},\"image\":{\"@id\":\"https:\/\/www.ikiam.edu.ec\/#\/schema\/logo\/image\/\"},\"sameAs\":[\"https:\/\/www.facebook.com\/IkiamOficial\/\",\"https:\/\/x.com\/u_ikiam\"]}]}<\/script>\n<!-- \/ Yoast SEO plugin. -->","yoast_head_json":{"title":"Lenin Renato Rom\u00e1n Tarapu\u00e9s - Universidad Regional Amaz\u00f3nica Ikiam","robots":{"index":"index","follow":"follow","max-snippet":"max-snippet:-1","max-image-preview":"max-image-preview:large","max-video-preview":"max-video-preview:-1"},"canonical":"https:\/\/www.ikiam.edu.ec\/index.php\/lenin-renato-roman-tarapues\/","og_locale":"es_ES","og_type":"article","og_title":"Lenin Renato Rom\u00e1n Tarapu\u00e9s - Universidad Regional Amaz\u00f3nica Ikiam","og_description":"Docente Lenin Renato Rom\u00e1n Tarapu\u00e9s jennifer.albuja@ikiam.edu.ec Perfil profesional LICENCIADO EN CIENCIAS DE LA EDUCACION ESPECIALIZACION INGL\u00c9S- MAG\u00cdSTER EN PEDAGOG\u00cdA DE [&hellip;]","og_url":"https:\/\/www.ikiam.edu.ec\/index.php\/lenin-renato-roman-tarapues\/","og_site_name":"Universidad Regional Amaz\u00f3nica Ikiam","article_publisher":"https:\/\/www.facebook.com\/IkiamOficial\/","article_modified_time":"2025-10-06T18:26:42+00:00","og_image":[{"width":2560,"height":1707,"url":"https:\/\/www.ikiam.edu.ec\/wp-content\/uploads\/2025\/09\/LENIN-RENATO-ROMAN-TORAPUES-DOCENTE-CENTRO-DE-IDIOMAS-IKIAM-4-de-6-scaled.jpg","type":"image\/jpeg"}],"twitter_card":"summary_large_image","twitter_site":"@u_ikiam","twitter_misc":{"Tiempo de lectura":"1 minuto"},"schema":{"@context":"https:\/\/schema.org","@graph":[{"@type":"WebPage","@id":"https:\/\/www.ikiam.edu.ec\/index.php\/lenin-renato-roman-tarapues\/","url":"https:\/\/www.ikiam.edu.ec\/index.php\/lenin-renato-roman-tarapues\/","name":"Lenin Renato Rom\u00e1n Tarapu\u00e9s - Universidad Regional Amaz\u00f3nica Ikiam","isPartOf":{"@id":"https:\/\/www.ikiam.edu.ec\/#website"},"primaryImageOfPage":{"@id":"https:\/\/www.ikiam.edu.ec\/index.php\/lenin-renato-roman-tarapues\/#primaryimage"},"image":{"@id":"https:\/\/www.ikiam.edu.ec\/index.php\/lenin-renato-roman-tarapues\/#primaryimage"},"thumbnailUrl":"https:\/\/www.ikiam.edu.ec\/wp-content\/uploads\/2025\/09\/LENIN-RENATO-ROMAN-TORAPUES-DOCENTE-CENTRO-DE-IDIOMAS-IKIAM-4-de-6-1024x683.jpg","datePublished":"2025-10-06T18:24:04+00:00","dateModified":"2025-10-06T18:26:42+00:00","breadcrumb":{"@id":"https:\/\/www.ikiam.edu.ec\/index.php\/lenin-renato-roman-tarapues\/#breadcrumb"},"inLanguage":"es","potentialAction":[{"@type":"ReadAction","target":["https:\/\/www.ikiam.edu.ec\/index.php\/lenin-renato-roman-tarapues\/"]}]},{"@type":"ImageObject","inLanguage":"es","@id":"https:\/\/www.ikiam.edu.ec\/index.php\/lenin-renato-roman-tarapues\/#primaryimage","url":"https:\/\/www.ikiam.edu.ec\/wp-content\/uploads\/2025\/09\/LENIN-RENATO-ROMAN-TORAPUES-DOCENTE-CENTRO-DE-IDIOMAS-IKIAM-4-de-6-scaled.jpg","contentUrl":"https:\/\/www.ikiam.edu.ec\/wp-content\/uploads\/2025\/09\/LENIN-RENATO-ROMAN-TORAPUES-DOCENTE-CENTRO-DE-IDIOMAS-IKIAM-4-de-6-scaled.jpg","width":2560,"height":1707},{"@type":"BreadcrumbList","@id":"https:\/\/www.ikiam.edu.ec\/index.php\/lenin-renato-roman-tarapues\/#breadcrumb","itemListElement":[{"@type":"ListItem","position":1,"name":"La Universidad","item":"https:\/\/www.ikiam.edu.ec\/"},{"@type":"ListItem","position":2,"name":"Lenin Renato Rom\u00e1n Tarapu\u00e9s"}]},{"@type":"WebSite","@id":"https:\/\/www.ikiam.edu.ec\/#website","url":"https:\/\/www.ikiam.edu.ec\/","name":"Universidad Regional Amaz\u00f3nica Ikiam","description":"","publisher":{"@id":"https:\/\/www.ikiam.edu.ec\/#organization"},"potentialAction":[{"@type":"SearchAction","target":{"@type":"EntryPoint","urlTemplate":"https:\/\/www.ikiam.edu.ec\/?s={search_term_string}"},"query-input":{"@type":"PropertyValueSpecification","valueRequired":true,"valueName":"search_term_string"}}],"inLanguage":"es"},{"@type":"Organization","@id":"https:\/\/www.ikiam.edu.ec\/#organization","name":"Universidad Regional Amaz\u00f3nica Ikiam","url":"https:\/\/www.ikiam.edu.ec\/","logo":{"@type":"ImageObject","inLanguage":"es","@id":"https:\/\/www.ikiam.edu.ec\/#\/schema\/logo\/image\/","url":"https:\/\/www.ikiam.edu.ec\/wp-content\/uploads\/2021\/12\/logo-ikiam-1.png","contentUrl":"https:\/\/www.ikiam.edu.ec\/wp-content\/uploads\/2021\/12\/logo-ikiam-1.png","width":210,"height":90,"caption":"Universidad Regional Amaz\u00f3nica Ikiam"},"image":{"@id":"https:\/\/www.ikiam.edu.ec\/#\/schema\/logo\/image\/"},"sameAs":["https:\/\/www.facebook.com\/IkiamOficial\/","https:\/\/x.com\/u_ikiam"]}]}},"_links":{"self":[{"href":"https:\/\/www.ikiam.edu.ec\/index.php\/wp-json\/wp\/v2\/pages\/52324","targetHints":{"allow":["GET"]}}],"collection":[{"href":"https:\/\/www.ikiam.edu.ec\/index.php\/wp-json\/wp\/v2\/pages"}],"about":[{"href":"https:\/\/www.ikiam.edu.ec\/index.php\/wp-json\/wp\/v2\/types\/page"}],"author":[{"embeddable":true,"href":"https:\/\/www.ikiam.edu.ec\/index.php\/wp-json\/wp\/v2\/users\/2"}],"replies":[{"embeddable":true,"href":"https:\/\/www.ikiam.edu.ec\/index.php\/wp-json\/wp\/v2\/comments?post=52324"}],"version-history":[{"count":7,"href":"https:\/\/www.ikiam.edu.ec\/index.php\/wp-json\/wp\/v2\/pages\/52324\/revisions"}],"predecessor-version":[{"id":52331,"href":"https:\/\/www.ikiam.edu.ec\/index.php\/wp-json\/wp\/v2\/pages\/52324\/revisions\/52331"}],"wp:attachment":[{"href":"https:\/\/www.ikiam.edu.ec\/index.php\/wp-json\/wp\/v2\/media?parent=52324"}],"curies":[{"name":"wp","href":"https:\/\/api.w.org\/{rel}","templated":true}]}}