{"id":52652,"date":"2025-10-15T19:19:58","date_gmt":"2025-10-15T19:19:58","guid":{"rendered":"https:\/\/www.ikiam.edu.ec\/?page_id=52652"},"modified":"2025-10-15T19:26:59","modified_gmt":"2025-10-15T19:26:59","slug":"formulario-de-proyectos-de-inversion","status":"publish","type":"page","link":"https:\/\/www.ikiam.edu.ec\/index.php\/formulario-de-proyectos-de-inversion\/","title":{"rendered":"Formulario de proyectos de inversi\u00f3n"},"content":{"rendered":"\t\t<div data-elementor-type=\"wp-page\" data-elementor-id=\"52652\" class=\"elementor elementor-52652\" data-elementor-post-type=\"page\">\n\t\t\t\t\t\t<section class=\"elementor-section elementor-top-section elementor-element elementor-element-4aef7eb2 elementor-section-full_width elementor-section-height-min-height elementor-section-height-default elementor-section-items-middle\" data-id=\"4aef7eb2\" data-element_type=\"section\" data-settings=\"{&quot;background_background&quot;:&quot;classic&quot;}\">\n\t\t\t\t\t\t\t<div class=\"elementor-background-overlay\"><\/div>\n\t\t\t\t\t\t\t<div class=\"elementor-container elementor-column-gap-default\">\n\t\t\t\t\t<div class=\"elementor-column elementor-col-100 elementor-top-column elementor-element elementor-element-5b54a73a\" data-id=\"5b54a73a\" data-element_type=\"column\" data-settings=\"{&quot;background_background&quot;:&quot;slideshow&quot;,&quot;background_slideshow_gallery&quot;:[],&quot;background_slideshow_loop&quot;:&quot;yes&quot;,&quot;background_slideshow_slide_duration&quot;:5000,&quot;background_slideshow_slide_transition&quot;:&quot;fade&quot;,&quot;background_slideshow_transition_duration&quot;:500}\">\n\t\t\t<div class=\"elementor-widget-wrap elementor-element-populated\">\n\t\t\t\t\t\t<div class=\"elementor-element elementor-element-41c1b5b7 elementor-align-center elementor-widget elementor-widget-breadcrumbs\" data-id=\"41c1b5b7\" data-element_type=\"widget\" data-widget_type=\"breadcrumbs.default\">\n\t\t\t\t\t<p id=\"breadcrumbs\"><span><span><a href=\"https:\/\/www.ikiam.edu.ec\/\">La Universidad<\/a><\/span><\/span><\/p>\t\t\t\t<\/div>\n\t\t\t\t<div class=\"elementor-element elementor-element-20573a40 elementor-widget elementor-widget-heading\" data-id=\"20573a40\" data-element_type=\"widget\" data-widget_type=\"heading.default\">\n\t\t\t\t\t<h1 class=\"elementor-heading-title elementor-size-default\">Formulaci\u00f3n de Proyectos de Inversi\u00f3n<\/h1>\t\t\t\t<\/div>\n\t\t\t\t\t<\/div>\n\t\t<\/div>\n\t\t\t\t\t<\/div>\n\t\t<\/section>\n\t\t\t\t<section class=\"elementor-section elementor-top-section elementor-element elementor-element-1ac79a3 elementor-section-boxed elementor-section-height-default elementor-section-height-default\" data-id=\"1ac79a3\" data-element_type=\"section\">\n\t\t\t\t\t\t<div class=\"elementor-container elementor-column-gap-default\">\n\t\t\t\t\t<div class=\"elementor-column elementor-col-100 elementor-top-column elementor-element elementor-element-1fffca9c\" data-id=\"1fffca9c\" data-element_type=\"column\">\n\t\t\t<div class=\"elementor-widget-wrap elementor-element-populated\">\n\t\t\t\t\t\t<div class=\"elementor-element elementor-element-7567abd6 elementor-widget elementor-widget-spacer\" data-id=\"7567abd6\" data-element_type=\"widget\" data-widget_type=\"spacer.default\">\n\t\t\t\t\t\t\t<div class=\"elementor-spacer\">\n\t\t\t<div class=\"elementor-spacer-inner\"><\/div>\n\t\t<\/div>\n\t\t\t\t\t\t<\/div>\n\t\t\t\t<div class=\"elementor-element elementor-element-535ca358 elementor-skin-carousel elementor-arrows-yes elementor-pagination-type-bullets elementor-pagination-position-outside elementor-widget elementor-widget-media-carousel\" data-id=\"535ca358\" data-element_type=\"widget\" data-settings=\"{&quot;skin&quot;:&quot;carousel&quot;,&quot;effect&quot;:&quot;slide&quot;,&quot;show_arrows&quot;:&quot;yes&quot;,&quot;pagination&quot;:&quot;bullets&quot;,&quot;speed&quot;:500,&quot;autoplay&quot;:&quot;yes&quot;,&quot;autoplay_speed&quot;:5000,&quot;loop&quot;:&quot;yes&quot;,&quot;pause_on_hover&quot;:&quot;yes&quot;,&quot;pause_on_interaction&quot;:&quot;yes&quot;,&quot;space_between&quot;:{&quot;unit&quot;:&quot;px&quot;,&quot;size&quot;:10,&quot;sizes&quot;:[]},&quot;space_between_widescreen&quot;:{&quot;unit&quot;:&quot;px&quot;,&quot;size&quot;:10,&quot;sizes&quot;:[]},&quot;space_between_laptop&quot;:{&quot;unit&quot;:&quot;px&quot;,&quot;size&quot;:10,&quot;sizes&quot;:[]},&quot;space_between_tablet_extra&quot;:{&quot;unit&quot;:&quot;px&quot;,&quot;size&quot;:10,&quot;sizes&quot;:[]},&quot;space_between_tablet&quot;:{&quot;unit&quot;:&quot;px&quot;,&quot;size&quot;:10,&quot;sizes&quot;:[]},&quot;space_between_mobile_extra&quot;:{&quot;unit&quot;:&quot;px&quot;,&quot;size&quot;:10,&quot;sizes&quot;:[]},&quot;space_between_mobile&quot;:{&quot;unit&quot;:&quot;px&quot;,&quot;size&quot;:10,&quot;sizes&quot;:[]}}\" data-widget_type=\"media-carousel.default\">\n\t\t\t\t\t\t\t\t\t\t<div class=\"elementor-main-swiper swiper\" role=\"region\" aria-roledescription=\"carousel\" aria-label=\"Slides\">\n\t\t\t\t<div class=\"swiper-wrapper\">\n\t\t\t\t\t\t\t\t\t\t\t<div class=\"swiper-slide\" role=\"group\" aria-roledescription=\"slide\">\n\t\t\t\t\t\t\t\t\t<div class=\"elementor-carousel-image lazyload\" role=\"img\" aria-label=\"\" style=\"background-image:inherit\" data-bg-image=\"url(&#039;https:\/\/www.ikiam.edu.ec\/wp-content\/plugins\/widgetkit-for-elementor\/dist\/images\/placeholder.jpg&#039;)\">\n\n\t\t\t\n\t\t\t\t\t<\/div>\n\t\t\t\t\t\t\t\t<\/div>\n\t\t\t\t\t\t\t\t\t\t\t<div class=\"swiper-slide\" role=\"group\" aria-roledescription=\"slide\">\n\t\t\t\t\t\t\t\t\t<div class=\"elementor-carousel-image lazyload\" role=\"img\" aria-label=\"\" style=\"background-image:inherit\" data-bg-image=\"url(&#039;https:\/\/www.ikiam.edu.ec\/wp-content\/plugins\/widgetkit-for-elementor\/dist\/images\/placeholder.jpg&#039;)\">\n\n\t\t\t\n\t\t\t\t\t<\/div>\n\t\t\t\t\t\t\t\t<\/div>\n\t\t\t\t\t\t\t\t\t\t\t<div class=\"swiper-slide\" role=\"group\" aria-roledescription=\"slide\">\n\t\t\t\t\t\t\t\t\t<div class=\"elementor-carousel-image lazyload\" role=\"img\" aria-label=\"\" style=\"background-image:inherit\" data-bg-image=\"url(&#039;https:\/\/www.ikiam.edu.ec\/wp-content\/plugins\/widgetkit-for-elementor\/dist\/images\/placeholder.jpg&#039;)\">\n\n\t\t\t\n\t\t\t\t\t<\/div>\n\t\t\t\t\t\t\t\t<\/div>\n\t\t\t\t\t\t\t\t\t<\/div>\n\t\t\t\t\t\t\t\t\t\t\t\t\t\t\t<div class=\"elementor-swiper-button elementor-swiper-button-prev\" role=\"button\" tabindex=\"0\" aria-label=\"Previous\">\n\t\t\t\t\t\t\t<svg aria-hidden=\"true\" class=\"e-font-icon-svg e-eicon-chevron-left\" viewBox=\"0 0 1000 1000\" xmlns=\"http:\/\/www.w3.org\/2000\/svg\"><path d=\"M646 125C629 125 613 133 604 142L308 442C296 454 292 471 292 487 292 504 296 521 308 533L604 854C617 867 629 875 646 875 663 875 679 871 692 858 704 846 713 829 713 812 713 796 708 779 692 767L438 487 692 225C700 217 708 204 708 187 708 171 704 154 692 142 675 129 663 125 646 125Z\"><\/path><\/svg>\t\t\t\t\t\t<\/div>\n\t\t\t\t\t\t<div class=\"elementor-swiper-button elementor-swiper-button-next\" role=\"button\" tabindex=\"0\" aria-label=\"Next\">\n\t\t\t\t\t\t\t<svg aria-hidden=\"true\" class=\"e-font-icon-svg e-eicon-chevron-right\" viewBox=\"0 0 1000 1000\" xmlns=\"http:\/\/www.w3.org\/2000\/svg\"><path d=\"M696 533C708 521 713 504 713 487 713 471 708 454 696 446L400 146C388 133 375 125 354 125 338 125 325 129 313 142 300 154 292 171 292 187 292 204 296 221 308 233L563 492 304 771C292 783 288 800 288 817 288 833 296 850 308 863 321 871 338 875 354 875 371 875 388 867 400 854L696 533Z\"><\/path><\/svg>\t\t\t\t\t\t<\/div>\n\t\t\t\t\t\t\t\t\t\t\t\t\t\t\t\t<div class=\"swiper-pagination\"><\/div>\n\t\t\t\t\t\t\t\t\t\t\t\t<\/div>\n\t\t\t\t\t\t\t\t<\/div>\n\t\t\t\t\t<\/div>\n\t\t<\/div>\n\t\t\t\t\t<\/div>\n\t\t<\/section>\n\t\t\t\t<section class=\"elementor-section elementor-top-section elementor-element elementor-element-2616ef35 elementor-section-boxed elementor-section-height-default elementor-section-height-default\" data-id=\"2616ef35\" data-element_type=\"section\">\n\t\t\t\t\t\t<div class=\"elementor-container elementor-column-gap-default\">\n\t\t\t\t\t<div class=\"elementor-column elementor-col-100 elementor-top-column elementor-element elementor-element-3d61d7d8\" data-id=\"3d61d7d8\" data-element_type=\"column\">\n\t\t\t<div class=\"elementor-widget-wrap elementor-element-populated\">\n\t\t\t\t\t\t<div class=\"elementor-element elementor-element-48f3e1b4 elementor-widget elementor-widget-spacer\" data-id=\"48f3e1b4\" data-element_type=\"widget\" data-widget_type=\"spacer.default\">\n\t\t\t\t\t\t\t<div class=\"elementor-spacer\">\n\t\t\t<div class=\"elementor-spacer-inner\"><\/div>\n\t\t<\/div>\n\t\t\t\t\t\t<\/div>\n\t\t\t\t<div class=\"elementor-element elementor-element-59a3fdf elementor-widget elementor-widget-text-editor\" data-id=\"59a3fdf\" data-element_type=\"widget\" data-widget_type=\"text-editor.default\">\n\t\t\t\t\t\t\t\t\t<p style=\"font-size: 18px;\">El curso tuvo como objetivo \u201cFormar a facilitadores en territorio, que dominen la metodolog\u00eda de marco l\u00f3gico y an\u00e1lisis financieros para dise\u00f1ar, planificar, ejecutar, monitorear y evaluar propuestas de inversi\u00f3n y la desarrollen de manera participativa y adecuada a la realidad amaz\u00f3nica\u201d. Su ejecuci\u00f3n fue producto de un convenio con la Corporaci\u00f3n de Asociaciones de la Chakra Kichwa Amaz\u00f3nica, integradas por Wi\u00f1ak, Ally Guayusa, Inti, Tsatsayaku y Kallari, quienes delegaron la participaci\u00f3n de 18 socias y socios.\u00a0<\/p><p style=\"font-size: 18px;\">Los participantes tienen como responsabilidad apoyar a sus organizaciones y comunidades en la elaboraci\u00f3n y gesti\u00f3n de propuestas.El curso se desarroll\u00f3 en tres fases: Presencial de 40 horas, tutor\u00eda virtual de 14 horas y presencial de 6 horas para la presentaci\u00f3n de sus iniciativas. Total 60 horas.\u00a0<\/p><p style=\"font-size: 18px;\">La URA Ikiam fue la responsable de proporcionar las aulas de capacitaci\u00f3n, la metodolog\u00eda de trabajo y los capacitadores. Mientras que la Corporaci\u00f3n Chakra, con el financiamiento log\u00edstico de los participantes, materiales de trabajo, a trav\u00e9s de un fondo gestionado ante la FAO. Los principales temas fueron: Elaboraci\u00f3n de Diagn\u00f3sticos, An\u00e1lisis de la situaci\u00f3n (\u00e1rbol de problemas, objetivos y priorizaci\u00f3n de alternativas), marco l\u00f3gico, presupuesto y metodolog\u00eda Canvas. Los participantes accedieron a un Certificado de Aprobaci\u00f3n del Curso.<\/p>\t\t\t\t\t\t\t\t<\/div>\n\t\t\t\t\t<\/div>\n\t\t<\/div>\n\t\t\t\t\t<\/div>\n\t\t<\/section>\n\t\t\t\t<section class=\"elementor-section elementor-top-section elementor-element elementor-element-718644b3 elementor-section-boxed elementor-section-height-default elementor-section-height-default\" data-id=\"718644b3\" data-element_type=\"section\">\n\t\t\t\t\t\t<div class=\"elementor-container elementor-column-gap-default\">\n\t\t\t\t\t<div class=\"elementor-column elementor-col-100 elementor-top-column elementor-element elementor-element-1cdf4b70\" data-id=\"1cdf4b70\" data-element_type=\"column\">\n\t\t\t<div class=\"elementor-widget-wrap elementor-element-populated\">\n\t\t\t\t\t\t<div class=\"elementor-element elementor-element-739e064a elementor-widget-divider--view-line elementor-widget elementor-widget-divider\" data-id=\"739e064a\" data-element_type=\"widget\" data-widget_type=\"divider.default\">\n\t\t\t\t\t\t\t<div class=\"elementor-divider\">\n\t\t\t<span class=\"elementor-divider-separator\">\n\t\t\t\t\t\t<\/span>\n\t\t<\/div>\n\t\t\t\t\t\t<\/div>\n\t\t\t\t<div class=\"elementor-element elementor-element-3654c6ee elementor-widget elementor-widget-text-editor\" data-id=\"3654c6ee\" data-element_type=\"widget\" data-widget_type=\"text-editor.default\">\n\t\t\t\t\t\t\t\t\t<blockquote><p class=\"mb-0\" style=\"text-align: center;\"><strong>correo electr\u00f3nico:<\/strong>\u00a0<span style=\"color: #ff0000;\"><a style=\"color: #ff0000;\" href=\"mailto:vinculacion@ikiam.edu.ec\">vinculacion@ikiam.edu.ec<\/a><\/span><\/p><p style=\"text-align: center;\"><strong>Atenci\u00f3n al cliente:<\/strong> (+593) <strong>(06) 2999160<\/strong>\u00a0&#8211;\u00a0<strong>(06) 3700040<\/strong>\u00a0ext. 295 \u2013 298 \u2013 297 y 296<\/p><p style=\"text-align: center;\"><strong>Horario de atenci\u00f3n:<\/strong>\u00a0Lunes a viernes de 8h30 a 17h30<\/p><\/blockquote><div class=\"testimonial-author\"><p style=\"text-align: center;\"><strong class=\"font-weight-extra-bold\">Direcci\u00f3n de Vinculaci\u00f3n con la Sociedad<\/strong><\/p><\/div>\t\t\t\t\t\t\t\t<\/div>\n\t\t\t\t\t<\/div>\n\t\t<\/div>\n\t\t\t\t\t<\/div>\n\t\t<\/section>\n\t\t\t\t<\/div>\n\t\t","protected":false},"excerpt":{"rendered":"<p>Formulaci\u00f3n de Proyectos de Inversi\u00f3n El curso tuvo como objetivo \u201cFormar a facilitadores en territorio, que dominen la metodolog\u00eda de [&hellip;]<\/p>\n","protected":false},"author":2,"featured_media":0,"parent":0,"menu_order":0,"comment_status":"closed","ping_status":"closed","template":"","meta":{"site-sidebar-layout":"no-sidebar","site-content-layout":"","ast-site-content-layout":"full-width-container","site-content-style":"default","site-sidebar-style":"default","ast-global-header-display":"","ast-banner-title-visibility":"","ast-main-header-display":"","ast-hfb-above-header-display":"","ast-hfb-below-header-display":"","ast-hfb-mobile-header-display":"","site-post-title":"disabled","ast-breadcrumbs-content":"","ast-featured-img":"disabled","footer-sml-layout":"","theme-transparent-header-meta":"","adv-header-id-meta":"","stick-header-meta":"","header-above-stick-meta":"","header-main-stick-meta":"","header-below-stick-meta":"","astra-migrate-meta-layouts":"default","ast-page-background-enabled":"default","ast-page-background-meta":{"desktop":{"background-color":"var(--ast-global-color-5)","background-image":"","background-repeat":"repeat","background-position":"center center","background-size":"auto","background-attachment":"scroll","background-type":"","background-media":"","overlay-type":"","overlay-color":"","overlay-opacity":"","overlay-gradient":""},"tablet":{"background-color":"","background-image":"","background-repeat":"repeat","background-position":"center center","background-size":"auto","background-attachment":"scroll","background-type":"","background-media":"","overlay-type":"","overlay-color":"","overlay-opacity":"","overlay-gradient":""},"mobile":{"background-color":"","background-image":"","background-repeat":"repeat","background-position":"center center","background-size":"auto","background-attachment":"scroll","background-type":"","background-media":"","overlay-type":"","overlay-color":"","overlay-opacity":"","overlay-gradient":""}},"ast-content-background-meta":{"desktop":{"background-color":"var(--ast-global-color-4)","background-image":"","background-repeat":"repeat","background-position":"center center","background-size":"auto","background-attachment":"scroll","background-type":"","background-media":"","overlay-type":"","overlay-color":"","overlay-opacity":"","overlay-gradient":""},"tablet":{"background-color":"var(--ast-global-color-4)","background-image":"","background-repeat":"repeat","background-position":"center center","background-size":"auto","background-attachment":"scroll","background-type":"","background-media":"","overlay-type":"","overlay-color":"","overlay-opacity":"","overlay-gradient":""},"mobile":{"background-color":"var(--ast-global-color-4)","background-image":"","background-repeat":"repeat","background-position":"center center","background-size":"auto","background-attachment":"scroll","background-type":"","background-media":"","overlay-type":"","overlay-color":"","overlay-opacity":"","overlay-gradient":""}},"footnotes":""},"class_list":["post-52652","page","type-page","status-publish","hentry"],"yoast_head":"<!-- This site is optimized with the Yoast SEO plugin v25.8 - https:\/\/yoast.com\/wordpress\/plugins\/seo\/ -->\n<title>Formulario de proyectos de inversi\u00f3n - Universidad Regional Amaz\u00f3nica Ikiam<\/title>\n<meta name=\"robots\" content=\"index, follow, max-snippet:-1, max-image-preview:large, max-video-preview:-1\" \/>\n<link rel=\"canonical\" href=\"https:\/\/www.ikiam.edu.ec\/index.php\/formulario-de-proyectos-de-inversion\/\" \/>\n<meta property=\"og:locale\" content=\"es_ES\" \/>\n<meta property=\"og:type\" content=\"article\" \/>\n<meta property=\"og:title\" content=\"Formulario de proyectos de inversi\u00f3n - Universidad Regional Amaz\u00f3nica Ikiam\" \/>\n<meta property=\"og:description\" content=\"Formulaci\u00f3n de Proyectos de Inversi\u00f3n El curso tuvo como objetivo \u201cFormar a facilitadores en territorio, que dominen la metodolog\u00eda de [&hellip;]\" \/>\n<meta property=\"og:url\" content=\"https:\/\/www.ikiam.edu.ec\/index.php\/formulario-de-proyectos-de-inversion\/\" \/>\n<meta property=\"og:site_name\" content=\"Universidad Regional Amaz\u00f3nica Ikiam\" \/>\n<meta property=\"article:publisher\" content=\"https:\/\/www.facebook.com\/IkiamOficial\/\" \/>\n<meta property=\"article:modified_time\" content=\"2025-10-15T19:26:59+00:00\" \/>\n<meta name=\"twitter:card\" content=\"summary_large_image\" \/>\n<meta name=\"twitter:site\" content=\"@u_ikiam\" \/>\n<meta name=\"twitter:label1\" content=\"Tiempo de lectura\" \/>\n\t<meta name=\"twitter:data1\" content=\"1 minuto\" \/>\n<script type=\"application\/ld+json\" class=\"yoast-schema-graph\">{\"@context\":\"https:\/\/schema.org\",\"@graph\":[{\"@type\":\"WebPage\",\"@id\":\"https:\/\/www.ikiam.edu.ec\/index.php\/formulario-de-proyectos-de-inversion\/\",\"url\":\"https:\/\/www.ikiam.edu.ec\/index.php\/formulario-de-proyectos-de-inversion\/\",\"name\":\"Formulario de proyectos de inversi\u00f3n - Universidad Regional Amaz\u00f3nica Ikiam\",\"isPartOf\":{\"@id\":\"https:\/\/www.ikiam.edu.ec\/#website\"},\"datePublished\":\"2025-10-15T19:19:58+00:00\",\"dateModified\":\"2025-10-15T19:26:59+00:00\",\"breadcrumb\":{\"@id\":\"https:\/\/www.ikiam.edu.ec\/index.php\/formulario-de-proyectos-de-inversion\/#breadcrumb\"},\"inLanguage\":\"es\",\"potentialAction\":[{\"@type\":\"ReadAction\",\"target\":[\"https:\/\/www.ikiam.edu.ec\/index.php\/formulario-de-proyectos-de-inversion\/\"]}]},{\"@type\":\"BreadcrumbList\",\"@id\":\"https:\/\/www.ikiam.edu.ec\/index.php\/formulario-de-proyectos-de-inversion\/#breadcrumb\",\"itemListElement\":[{\"@type\":\"ListItem\",\"position\":1,\"name\":\"La Universidad\",\"item\":\"https:\/\/www.ikiam.edu.ec\/\"},{\"@type\":\"ListItem\",\"position\":2,\"name\":\"Formulario de proyectos de inversi\u00f3n\"}]},{\"@type\":\"WebSite\",\"@id\":\"https:\/\/www.ikiam.edu.ec\/#website\",\"url\":\"https:\/\/www.ikiam.edu.ec\/\",\"name\":\"Universidad Regional Amaz\u00f3nica Ikiam\",\"description\":\"\",\"publisher\":{\"@id\":\"https:\/\/www.ikiam.edu.ec\/#organization\"},\"potentialAction\":[{\"@type\":\"SearchAction\",\"target\":{\"@type\":\"EntryPoint\",\"urlTemplate\":\"https:\/\/www.ikiam.edu.ec\/?s={search_term_string}\"},\"query-input\":{\"@type\":\"PropertyValueSpecification\",\"valueRequired\":true,\"valueName\":\"search_term_string\"}}],\"inLanguage\":\"es\"},{\"@type\":\"Organization\",\"@id\":\"https:\/\/www.ikiam.edu.ec\/#organization\",\"name\":\"Universidad Regional Amaz\u00f3nica Ikiam\",\"url\":\"https:\/\/www.ikiam.edu.ec\/\",\"logo\":{\"@type\":\"ImageObject\",\"inLanguage\":\"es\",\"@id\":\"https:\/\/www.ikiam.edu.ec\/#\/schema\/logo\/image\/\",\"url\":\"https:\/\/www.ikiam.edu.ec\/wp-content\/uploads\/2021\/12\/logo-ikiam-1.png\",\"contentUrl\":\"https:\/\/www.ikiam.edu.ec\/wp-content\/uploads\/2021\/12\/logo-ikiam-1.png\",\"width\":210,\"height\":90,\"caption\":\"Universidad Regional Amaz\u00f3nica Ikiam\"},\"image\":{\"@id\":\"https:\/\/www.ikiam.edu.ec\/#\/schema\/logo\/image\/\"},\"sameAs\":[\"https:\/\/www.facebook.com\/IkiamOficial\/\",\"https:\/\/x.com\/u_ikiam\"]}]}<\/script>\n<!-- \/ Yoast SEO plugin. -->","yoast_head_json":{"title":"Formulario de proyectos de inversi\u00f3n - Universidad Regional Amaz\u00f3nica Ikiam","robots":{"index":"index","follow":"follow","max-snippet":"max-snippet:-1","max-image-preview":"max-image-preview:large","max-video-preview":"max-video-preview:-1"},"canonical":"https:\/\/www.ikiam.edu.ec\/index.php\/formulario-de-proyectos-de-inversion\/","og_locale":"es_ES","og_type":"article","og_title":"Formulario de proyectos de inversi\u00f3n - Universidad Regional Amaz\u00f3nica Ikiam","og_description":"Formulaci\u00f3n de Proyectos de Inversi\u00f3n El curso tuvo como objetivo \u201cFormar a facilitadores en territorio, que dominen la metodolog\u00eda de [&hellip;]","og_url":"https:\/\/www.ikiam.edu.ec\/index.php\/formulario-de-proyectos-de-inversion\/","og_site_name":"Universidad Regional Amaz\u00f3nica Ikiam","article_publisher":"https:\/\/www.facebook.com\/IkiamOficial\/","article_modified_time":"2025-10-15T19:26:59+00:00","twitter_card":"summary_large_image","twitter_site":"@u_ikiam","twitter_misc":{"Tiempo de lectura":"1 minuto"},"schema":{"@context":"https:\/\/schema.org","@graph":[{"@type":"WebPage","@id":"https:\/\/www.ikiam.edu.ec\/index.php\/formulario-de-proyectos-de-inversion\/","url":"https:\/\/www.ikiam.edu.ec\/index.php\/formulario-de-proyectos-de-inversion\/","name":"Formulario de proyectos de inversi\u00f3n - Universidad Regional Amaz\u00f3nica Ikiam","isPartOf":{"@id":"https:\/\/www.ikiam.edu.ec\/#website"},"datePublished":"2025-10-15T19:19:58+00:00","dateModified":"2025-10-15T19:26:59+00:00","breadcrumb":{"@id":"https:\/\/www.ikiam.edu.ec\/index.php\/formulario-de-proyectos-de-inversion\/#breadcrumb"},"inLanguage":"es","potentialAction":[{"@type":"ReadAction","target":["https:\/\/www.ikiam.edu.ec\/index.php\/formulario-de-proyectos-de-inversion\/"]}]},{"@type":"BreadcrumbList","@id":"https:\/\/www.ikiam.edu.ec\/index.php\/formulario-de-proyectos-de-inversion\/#breadcrumb","itemListElement":[{"@type":"ListItem","position":1,"name":"La Universidad","item":"https:\/\/www.ikiam.edu.ec\/"},{"@type":"ListItem","position":2,"name":"Formulario de proyectos de inversi\u00f3n"}]},{"@type":"WebSite","@id":"https:\/\/www.ikiam.edu.ec\/#website","url":"https:\/\/www.ikiam.edu.ec\/","name":"Universidad Regional Amaz\u00f3nica Ikiam","description":"","publisher":{"@id":"https:\/\/www.ikiam.edu.ec\/#organization"},"potentialAction":[{"@type":"SearchAction","target":{"@type":"EntryPoint","urlTemplate":"https:\/\/www.ikiam.edu.ec\/?s={search_term_string}"},"query-input":{"@type":"PropertyValueSpecification","valueRequired":true,"valueName":"search_term_string"}}],"inLanguage":"es"},{"@type":"Organization","@id":"https:\/\/www.ikiam.edu.ec\/#organization","name":"Universidad Regional Amaz\u00f3nica Ikiam","url":"https:\/\/www.ikiam.edu.ec\/","logo":{"@type":"ImageObject","inLanguage":"es","@id":"https:\/\/www.ikiam.edu.ec\/#\/schema\/logo\/image\/","url":"https:\/\/www.ikiam.edu.ec\/wp-content\/uploads\/2021\/12\/logo-ikiam-1.png","contentUrl":"https:\/\/www.ikiam.edu.ec\/wp-content\/uploads\/2021\/12\/logo-ikiam-1.png","width":210,"height":90,"caption":"Universidad Regional Amaz\u00f3nica Ikiam"},"image":{"@id":"https:\/\/www.ikiam.edu.ec\/#\/schema\/logo\/image\/"},"sameAs":["https:\/\/www.facebook.com\/IkiamOficial\/","https:\/\/x.com\/u_ikiam"]}]}},"_links":{"self":[{"href":"https:\/\/www.ikiam.edu.ec\/index.php\/wp-json\/wp\/v2\/pages\/52652","targetHints":{"allow":["GET"]}}],"collection":[{"href":"https:\/\/www.ikiam.edu.ec\/index.php\/wp-json\/wp\/v2\/pages"}],"about":[{"href":"https:\/\/www.ikiam.edu.ec\/index.php\/wp-json\/wp\/v2\/types\/page"}],"author":[{"embeddable":true,"href":"https:\/\/www.ikiam.edu.ec\/index.php\/wp-json\/wp\/v2\/users\/2"}],"replies":[{"embeddable":true,"href":"https:\/\/www.ikiam.edu.ec\/index.php\/wp-json\/wp\/v2\/comments?post=52652"}],"version-history":[{"count":7,"href":"https:\/\/www.ikiam.edu.ec\/index.php\/wp-json\/wp\/v2\/pages\/52652\/revisions"}],"predecessor-version":[{"id":52665,"href":"https:\/\/www.ikiam.edu.ec\/index.php\/wp-json\/wp\/v2\/pages\/52652\/revisions\/52665"}],"wp:attachment":[{"href":"https:\/\/www.ikiam.edu.ec\/index.php\/wp-json\/wp\/v2\/media?parent=52652"}],"curies":[{"name":"wp","href":"https:\/\/api.w.org\/{rel}","templated":true}]}}