{"id":8817,"date":"2022-05-31T15:42:14","date_gmt":"2022-05-31T15:42:14","guid":{"rendered":"https:\/\/www.ikiam.edu.ec\/?page_id=8817"},"modified":"2022-05-31T15:42:14","modified_gmt":"2022-05-31T15:42:14","slug":"recursos-dti","status":"publish","type":"page","link":"https:\/\/www.ikiam.edu.ec\/index.php\/serviciosti\/recursos-dti\/","title":{"rendered":"Recursos"},"content":{"rendered":"\t\t<div data-elementor-type=\"wp-page\" data-elementor-id=\"8817\" class=\"elementor elementor-8817\" data-elementor-post-type=\"page\">\n\t\t\t\t\t\t<section class=\"elementor-section elementor-top-section elementor-element elementor-element-2d94b5a6 elementor-section-full_width elementor-section-height-min-height elementor-section-height-default elementor-section-items-middle\" data-id=\"2d94b5a6\" data-element_type=\"section\" data-settings=\"{&quot;background_background&quot;:&quot;classic&quot;}\">\n\t\t\t\t\t\t\t<div class=\"elementor-background-overlay\"><\/div>\n\t\t\t\t\t\t\t<div class=\"elementor-container elementor-column-gap-default\">\n\t\t\t\t\t<div class=\"elementor-column elementor-col-100 elementor-top-column elementor-element elementor-element-5c7573c2\" data-id=\"5c7573c2\" data-element_type=\"column\">\n\t\t\t<div class=\"elementor-widget-wrap elementor-element-populated\">\n\t\t\t\t\t\t<div class=\"elementor-element elementor-element-98efb86 elementor-align-center elementor-widget elementor-widget-breadcrumbs\" data-id=\"98efb86\" data-element_type=\"widget\" data-widget_type=\"breadcrumbs.default\">\n\t\t\t\t\t<p id=\"breadcrumbs\"><span><span><a href=\"https:\/\/www.ikiam.edu.ec\/\">La Universidad<\/a><\/span><\/span><\/p>\t\t\t\t<\/div>\n\t\t\t\t<div class=\"elementor-element elementor-element-51c642eb elementor-widget elementor-widget-heading\" data-id=\"51c642eb\" data-element_type=\"widget\" data-widget_type=\"heading.default\">\n\t\t\t\t\t<h1 class=\"elementor-heading-title elementor-size-default\">RECURSOS \u00daTILES<\/h1>\t\t\t\t<\/div>\n\t\t\t\t\t<\/div>\n\t\t<\/div>\n\t\t\t\t\t<\/div>\n\t\t<\/section>\n\t\t\t\t<section class=\"elementor-section elementor-top-section elementor-element elementor-element-1e3ac19 elementor-section-boxed elementor-section-height-default elementor-section-height-default\" data-id=\"1e3ac19\" data-element_type=\"section\">\n\t\t\t\t\t\t<div class=\"elementor-container elementor-column-gap-default\">\n\t\t\t\t\t<div class=\"elementor-column elementor-col-100 elementor-top-column elementor-element elementor-element-8f7afeb\" data-id=\"8f7afeb\" data-element_type=\"column\">\n\t\t\t<div class=\"elementor-widget-wrap elementor-element-populated\">\n\t\t\t\t\t\t<div class=\"elementor-element elementor-element-fa82cd0 elementor-widget elementor-widget-spacer\" data-id=\"fa82cd0\" data-element_type=\"widget\" data-widget_type=\"spacer.default\">\n\t\t\t\t\t\t\t<div class=\"elementor-spacer\">\n\t\t\t<div class=\"elementor-spacer-inner\"><\/div>\n\t\t<\/div>\n\t\t\t\t\t\t<\/div>\n\t\t\t\t\t<\/div>\n\t\t<\/div>\n\t\t\t\t\t<\/div>\n\t\t<\/section>\n\t\t\t\t<section class=\"elementor-section elementor-top-section elementor-element elementor-element-2112109 elementor-section-boxed elementor-section-height-default elementor-section-height-default\" data-id=\"2112109\" data-element_type=\"section\">\n\t\t\t\t\t\t<div class=\"elementor-container elementor-column-gap-default\">\n\t\t\t\t\t<div class=\"elementor-column elementor-col-100 elementor-top-column elementor-element elementor-element-a77cb71\" data-id=\"a77cb71\" data-element_type=\"column\">\n\t\t\t<div class=\"elementor-widget-wrap elementor-element-populated\">\n\t\t\t\t\t\t<div class=\"elementor-element elementor-element-2af3525 elementor-tabs-view-horizontal elementor-widget elementor-widget-tabs\" data-id=\"2af3525\" data-element_type=\"widget\" data-widget_type=\"tabs.default\">\n\t\t\t\t\t\t\t<div class=\"elementor-tabs\">\n\t\t\t<div class=\"elementor-tabs-wrapper\" role=\"tablist\" >\n\t\t\t\t\t\t\t\t\t<div id=\"elementor-tab-title-4501\" class=\"elementor-tab-title elementor-tab-desktop-title\" aria-selected=\"true\" data-tab=\"1\" role=\"tab\" tabindex=\"0\" aria-controls=\"elementor-tab-content-4501\" aria-expanded=\"false\">Recursos Educativos<\/div>\n\t\t\t\t\t\t\t\t\t<div id=\"elementor-tab-title-4502\" class=\"elementor-tab-title elementor-tab-desktop-title\" aria-selected=\"false\" data-tab=\"2\" role=\"tab\" tabindex=\"-1\" aria-controls=\"elementor-tab-content-4502\" aria-expanded=\"false\">Recursos Utilitarios<\/div>\n\t\t\t\t\t\t\t\t\t<div id=\"elementor-tab-title-4503\" class=\"elementor-tab-title elementor-tab-desktop-title\" aria-selected=\"false\" data-tab=\"3\" role=\"tab\" tabindex=\"-1\" aria-controls=\"elementor-tab-content-4503\" aria-expanded=\"false\">Motores de B\u00fasqueda<\/div>\n\t\t\t\t\t\t\t<\/div>\n\t\t\t<div class=\"elementor-tabs-content-wrapper\" role=\"tablist\" aria-orientation=\"vertical\">\n\t\t\t\t\t\t\t\t\t<div class=\"elementor-tab-title elementor-tab-mobile-title\" aria-selected=\"true\" data-tab=\"1\" role=\"tab\" tabindex=\"0\" aria-controls=\"elementor-tab-content-4501\" aria-expanded=\"false\">Recursos Educativos<\/div>\n\t\t\t\t\t<div id=\"elementor-tab-content-4501\" class=\"elementor-tab-content elementor-clearfix\" data-tab=\"1\" role=\"tabpanel\" aria-labelledby=\"elementor-tab-title-4501\" tabindex=\"0\" hidden=\"false\"><ul>\n \t<li><a href=\"https:\/\/www.ilovepdf.com\/es\"><strong>Kahoot! <\/strong>\u00a0\u2013 https:\/\/kahoot.com\/<\/a> es una plataforma gratuita que permite la creaci\u00f3n de cuestionarios de evaluaci\u00f3n (disponible en app o versi\u00f3n web). Es una herramienta por la que el profesor crea concursos en el aula para aprender o reforzar el aprendizaje y donde los alumnos son los concursantes.<\/li>\n \t\n<\/ul><\/div>\n\t\t\t\t\t\t\t\t\t<div class=\"elementor-tab-title elementor-tab-mobile-title\" aria-selected=\"false\" data-tab=\"2\" role=\"tab\" tabindex=\"-1\" aria-controls=\"elementor-tab-content-4502\" aria-expanded=\"false\">Recursos Utilitarios<\/div>\n\t\t\t\t\t<div id=\"elementor-tab-content-4502\" class=\"elementor-tab-content elementor-clearfix\" data-tab=\"2\" role=\"tabpanel\" aria-labelledby=\"elementor-tab-title-4502\" tabindex=\"0\" hidden=\"hidden\"><ul><li><a href=\"https:\/\/www.ilovepdf.com\/es\"><strong>IlovePdf<\/strong>\u00a0\u2013 https:\/\/www.ilovepdf.com\/es<\/a> Aplicaci\u00f3n web con varias herramientas PDF para trabajar de forma eficiente con documentos digitales.<\/li><li><a href=\"https:\/\/www.canva.com\/es_es\/\"><strong>Canva &#8211;<\/strong> https:\/\/www.canva.com\/es_es\/<\/a> es una herramienta gratuita de dise\u00f1o gr\u00e1fico en l\u00ednea. Puedes usarla para crear publicaciones para redes sociales, presentaciones, carteles, videos, etc.<\/li><\/ul><\/div>\n\t\t\t\t\t\t\t\t\t<div class=\"elementor-tab-title elementor-tab-mobile-title\" aria-selected=\"false\" data-tab=\"3\" role=\"tab\" tabindex=\"-1\" aria-controls=\"elementor-tab-content-4503\" aria-expanded=\"false\">Motores de B\u00fasqueda<\/div>\n\t\t\t\t\t<div id=\"elementor-tab-content-4503\" class=\"elementor-tab-content elementor-clearfix\" data-tab=\"3\" role=\"tabpanel\" aria-labelledby=\"elementor-tab-title-4503\" tabindex=\"0\" hidden=\"hidden\"><h3><span id=\"Motores_de_busqueda_de_informacion_en_Internet_horizontales\">Motores de b\u00fasqueda de informaci\u00f3n en Internet horizontales<\/span><\/h3><p>Herramientas para la b\u00fasqueda de informaci\u00f3n en Internet.<\/p><ul><li>Google\u00a0\u2013\u00a0<a href=\"https:\/\/www.google.com\/\" rel=\"nofollow\">www.google.com<\/a><\/li><li>Bing \u2013\u00a0<a href=\"https:\/\/www.bing.com\/?setlang=es\">www.bing.com<\/a><\/li><li>Yahoo \u2013\u00a0<a href=\"https:\/\/es.yahoo.com\/\">es.yahoo.com<\/a><\/li><li>Alta Vista \u2013\u00a0<a href=\"http:\/\/www.altavista.com\/\" rel=\"nofollow\">www.altavista.com<\/a><\/li><li>Ask \u2013\u00a0<a href=\"https:\/\/es.ask.com\/?o=312&amp;l=dir\" rel=\"nofollow\">www.ask.com<\/a><\/li><li>Gigablast \u2013\u00a0<a href=\"http:\/\/www.gigablast.com\/\" rel=\"nofollow\">http:\/\/www.gigablast.com\/<\/a><\/li><li>Lycos \u2013\u00a0<a href=\"http:\/\/www.lycos.com\/\" rel=\"nofollow\">www.lycos.com<\/a><\/li><li>Wikipedia \u2013\u00a0<a href=\"https:\/\/es.wikipedia.org\/wiki\/Wikipedia:Portada\">es.wikipedia.com<\/a><\/li><\/ul><h3><span id=\"Motores_de_busqueda_de_informacion_en_Internet_singulares\">Motores de b\u00fasqueda de informaci\u00f3n en Internet singulares<\/span><\/h3><p>Herramientas de b\u00fasqueda de informaci\u00f3n particulares<\/p><ul><li><strong>Wolfram alpha<\/strong>\u00a0\u2013\u00a0<a href=\"https:\/\/www.wolframalpha.com\/\">www.wolframalpha.com<\/a> Buscador sem\u00e1ntico para materias de ciencias<\/li><li><strong>Zanran<\/strong>\u00a0\u2013\u00a0<a href=\"http:\/\/zanran.com\/q\/\">http:\/\/zanran.com\/q\/<\/a> Buscador de datos estad\u00edsticos<\/li><li><strong>Quandl<\/strong>\u00a0\u2013\u00a0<a href=\"https:\/\/www.quandl.com\/\">www.quandl.com\u00a0<\/a>Buscador de dataset de datos econ\u00f3micos<\/li><li><strong>Factbites<\/strong>\u00a0\u2013\u00a0<a href=\"http:\/\/www.factbites.com\/why_use_us.php\">www.factbites.com<\/a> Buscador para responder preguntas<\/li><li><strong>Nationmaster<\/strong>\u00a0\u2013\u00a0<a href=\"http:\/\/www.nationmaster.com\/\">www.nationmaster.com<\/a> Buscador para comprar datos entre pa\u00edses<\/li><\/ul><h3><span id=\"Directorios_y_Motores_de_busqueda_academicos_o_de_investigacion\">Directorios y Motores de b\u00fasqueda acad\u00e9micos o de investigaci\u00f3n<\/span><\/h3><ul><li><strong>Open Directory Project<\/strong>\u00a0\u2013\u00a0<a href=\"http:\/\/www.dmoz.org\/\" rel=\"nofollow\">www.dmoz.org<\/a>\u00a0Uno de los mejores directorios de informaci\u00f3n que existen<\/li><li><strong>Infomine<\/strong>\u00a0\u2013\u00a0<a href=\"http:\/\/infomine.ucr.edu\/\" rel=\"nofollow\">infomine.ucr.edu\/Main.html<\/a>\u00a0Mas de 15.000 enlaces a recursos de investigaci\u00f3n universitaria<\/li><li><strong>MEDLINEplus<\/strong>\u00a0\u2013\u00a0<a href=\"https:\/\/www.nlm.nih.gov\/medlineplus\/\" rel=\"nofollow\">www.medlineplus.gov<\/a> Buscador sobre asuntos de salud<\/li><li><strong>Scirus<\/strong>\u00a0\u2013\u00a0<a href=\"http:\/\/www.scirus.com\/\" rel=\"nofollow\">www.scirus.com<\/a>\u00a0buscador exclusivo sobre temas cient\u00edficos<\/li><li><strong><a href=\"https:\/\/scholar.google.com\/\">Google scholar<\/a>\u00a0\u2013\u00a0<\/strong><a href=\"https:\/\/scholar.google.es\/\">scholar.google.es<\/a> Buscador de publicaciones cient\u00edficas de Google<\/li><li><strong><a href=\"https:\/\/www.deepdyve.com\/\">Deepdyve<\/a>\u00a0\u2013\u00a0<\/strong><a href=\"https:\/\/www.deepdyve.com\/\">www.deepdyve.com<\/a> Buscador de art\u00edculos cient\u00edficos<\/li><\/ul><h3><span id=\"Directorios_de_patentes\">Directorios de patentes<\/span><\/h3><ul><li><strong><a href=\"http:\/\/es.espacenet.com\/\">Espacenet<\/a> \u2013 B<\/strong>uscador de la oficina de patentes europea<\/li><li><strong><a href=\"http:\/\/www.wipo.int\/portal\/en\/index.html\">WIPO<\/a>\u00a0\u2013<\/strong>\u00a0la organizaci\u00f3n mundial de la propiedad industrial.<\/li><li><strong><a href=\"https:\/\/www.google.com\/?tbm=pts\">Google Patent<\/a> \u2013 B<\/strong>uscador de Google especializado en patente<\/li><\/ul><\/div>\n\t\t\t\t\t\t\t<\/div>\n\t\t<\/div>\n\t\t\t\t\t\t<\/div>\n\t\t\t\t\t<\/div>\n\t\t<\/div>\n\t\t\t\t\t<\/div>\n\t\t<\/section>\n\t\t\t\t<\/div>\n\t\t","protected":false},"excerpt":{"rendered":"<p>RECURSOS \u00daTILES Recursos Educativos Recursos Utilitarios Motores de B\u00fasqueda Recursos Educativos Kahoot! \u00a0\u2013 https:\/\/kahoot.com\/ es una plataforma gratuita que permite [&hellip;]<\/p>\n","protected":false},"author":2,"featured_media":0,"parent":2655,"menu_order":0,"comment_status":"closed","ping_status":"closed","template":"elementor_header_footer","meta":{"site-sidebar-layout":"default","site-content-layout":"","ast-site-content-layout":"default","site-content-style":"default","site-sidebar-style":"default","ast-global-header-display":"","ast-banner-title-visibility":"","ast-main-header-display":"","ast-hfb-above-header-display":"","ast-hfb-below-header-display":"","ast-hfb-mobile-header-display":"","site-post-title":"","ast-breadcrumbs-content":"","ast-featured-img":"","footer-sml-layout":"","theme-transparent-header-meta":"","adv-header-id-meta":"","stick-header-meta":"","header-above-stick-meta":"","header-main-stick-meta":"","header-below-stick-meta":"","astra-migrate-meta-layouts":"default","ast-page-background-enabled":"default","ast-page-background-meta":{"desktop":{"background-color":"var(--ast-global-color-5)","background-image":"","background-repeat":"repeat","background-position":"center center","background-size":"auto","background-attachment":"scroll","background-type":"","background-media":"","overlay-type":"","overlay-color":"","overlay-opacity":"","overlay-gradient":""},"tablet":{"background-color":"","background-image":"","background-repeat":"repeat","background-position":"center center","background-size":"auto","background-attachment":"scroll","background-type":"","background-media":"","overlay-type":"","overlay-color":"","overlay-opacity":"","overlay-gradient":""},"mobile":{"background-color":"","background-image":"","background-repeat":"repeat","background-position":"center center","background-size":"auto","background-attachment":"scroll","background-type":"","background-media":"","overlay-type":"","overlay-color":"","overlay-opacity":"","overlay-gradient":""}},"ast-content-background-meta":{"desktop":{"background-color":"var(--ast-global-color-4)","background-image":"","background-repeat":"repeat","background-position":"center center","background-size":"auto","background-attachment":"scroll","background-type":"","background-media":"","overlay-type":"","overlay-color":"","overlay-opacity":"","overlay-gradient":""},"tablet":{"background-color":"var(--ast-global-color-4)","background-image":"","background-repeat":"repeat","background-position":"center center","background-size":"auto","background-attachment":"scroll","background-type":"","background-media":"","overlay-type":"","overlay-color":"","overlay-opacity":"","overlay-gradient":""},"mobile":{"background-color":"var(--ast-global-color-4)","background-image":"","background-repeat":"repeat","background-position":"center center","background-size":"auto","background-attachment":"scroll","background-type":"","background-media":"","overlay-type":"","overlay-color":"","overlay-opacity":"","overlay-gradient":""}},"footnotes":""},"class_list":["post-8817","page","type-page","status-publish","hentry"],"yoast_head":"<!-- This site is optimized with the Yoast SEO plugin v25.8 - https:\/\/yoast.com\/wordpress\/plugins\/seo\/ -->\n<title>Recursos - Universidad Regional Amaz\u00f3nica Ikiam<\/title>\n<meta name=\"description\" content=\"Mnuales de usuario y t\u00e9cnicos\" \/>\n<meta name=\"robots\" content=\"index, follow, max-snippet:-1, max-image-preview:large, max-video-preview:-1\" \/>\n<link rel=\"canonical\" href=\"https:\/\/www.ikiam.edu.ec\/index.php\/serviciosti\/recursos-dti\/\" \/>\n<meta property=\"og:locale\" content=\"es_ES\" \/>\n<meta property=\"og:type\" content=\"article\" \/>\n<meta property=\"og:title\" content=\"Recursos - Universidad Regional Amaz\u00f3nica Ikiam\" \/>\n<meta property=\"og:description\" content=\"Mnuales de usuario y t\u00e9cnicos\" \/>\n<meta property=\"og:url\" content=\"https:\/\/www.ikiam.edu.ec\/index.php\/serviciosti\/recursos-dti\/\" \/>\n<meta property=\"og:site_name\" content=\"Universidad Regional Amaz\u00f3nica Ikiam\" \/>\n<meta property=\"article:publisher\" content=\"https:\/\/www.facebook.com\/IkiamOficial\/\" \/>\n<meta name=\"twitter:card\" content=\"summary_large_image\" \/>\n<meta name=\"twitter:site\" content=\"@u_ikiam\" \/>\n<meta name=\"twitter:label1\" content=\"Tiempo de lectura\" \/>\n\t<meta name=\"twitter:data1\" content=\"2 minutos\" \/>\n<script type=\"application\/ld+json\" class=\"yoast-schema-graph\">{\"@context\":\"https:\/\/schema.org\",\"@graph\":[{\"@type\":\"WebPage\",\"@id\":\"https:\/\/www.ikiam.edu.ec\/index.php\/serviciosti\/recursos-dti\/\",\"url\":\"https:\/\/www.ikiam.edu.ec\/index.php\/serviciosti\/recursos-dti\/\",\"name\":\"Recursos - Universidad Regional Amaz\u00f3nica Ikiam\",\"isPartOf\":{\"@id\":\"https:\/\/www.ikiam.edu.ec\/#website\"},\"datePublished\":\"2022-05-31T15:42:14+00:00\",\"description\":\"Mnuales de usuario y t\u00e9cnicos\",\"breadcrumb\":{\"@id\":\"https:\/\/www.ikiam.edu.ec\/index.php\/serviciosti\/recursos-dti\/#breadcrumb\"},\"inLanguage\":\"es\",\"potentialAction\":[{\"@type\":\"ReadAction\",\"target\":[\"https:\/\/www.ikiam.edu.ec\/index.php\/serviciosti\/recursos-dti\/\"]}]},{\"@type\":\"BreadcrumbList\",\"@id\":\"https:\/\/www.ikiam.edu.ec\/index.php\/serviciosti\/recursos-dti\/#breadcrumb\",\"itemListElement\":[{\"@type\":\"ListItem\",\"position\":1,\"name\":\"La Universidad\",\"item\":\"https:\/\/www.ikiam.edu.ec\/\"},{\"@type\":\"ListItem\",\"position\":2,\"name\":\"Direcci\u00f3n de Tecnolog\u00edas de la Informaci\u00f3n\",\"item\":\"https:\/\/www.ikiam.edu.ec\/index.php\/serviciosti\/\"},{\"@type\":\"ListItem\",\"position\":3,\"name\":\"Recursos\"}]},{\"@type\":\"WebSite\",\"@id\":\"https:\/\/www.ikiam.edu.ec\/#website\",\"url\":\"https:\/\/www.ikiam.edu.ec\/\",\"name\":\"Universidad Regional Amaz\u00f3nica Ikiam\",\"description\":\"\",\"publisher\":{\"@id\":\"https:\/\/www.ikiam.edu.ec\/#organization\"},\"potentialAction\":[{\"@type\":\"SearchAction\",\"target\":{\"@type\":\"EntryPoint\",\"urlTemplate\":\"https:\/\/www.ikiam.edu.ec\/?s={search_term_string}\"},\"query-input\":{\"@type\":\"PropertyValueSpecification\",\"valueRequired\":true,\"valueName\":\"search_term_string\"}}],\"inLanguage\":\"es\"},{\"@type\":\"Organization\",\"@id\":\"https:\/\/www.ikiam.edu.ec\/#organization\",\"name\":\"Universidad Regional Amaz\u00f3nica Ikiam\",\"url\":\"https:\/\/www.ikiam.edu.ec\/\",\"logo\":{\"@type\":\"ImageObject\",\"inLanguage\":\"es\",\"@id\":\"https:\/\/www.ikiam.edu.ec\/#\/schema\/logo\/image\/\",\"url\":\"https:\/\/www.ikiam.edu.ec\/wp-content\/uploads\/2021\/12\/logo-ikiam-1.png\",\"contentUrl\":\"https:\/\/www.ikiam.edu.ec\/wp-content\/uploads\/2021\/12\/logo-ikiam-1.png\",\"width\":210,\"height\":90,\"caption\":\"Universidad Regional Amaz\u00f3nica Ikiam\"},\"image\":{\"@id\":\"https:\/\/www.ikiam.edu.ec\/#\/schema\/logo\/image\/\"},\"sameAs\":[\"https:\/\/www.facebook.com\/IkiamOficial\/\",\"https:\/\/x.com\/u_ikiam\"]}]}<\/script>\n<!-- \/ Yoast SEO plugin. -->","yoast_head_json":{"title":"Recursos - Universidad Regional Amaz\u00f3nica Ikiam","description":"Mnuales de usuario y t\u00e9cnicos","robots":{"index":"index","follow":"follow","max-snippet":"max-snippet:-1","max-image-preview":"max-image-preview:large","max-video-preview":"max-video-preview:-1"},"canonical":"https:\/\/www.ikiam.edu.ec\/index.php\/serviciosti\/recursos-dti\/","og_locale":"es_ES","og_type":"article","og_title":"Recursos - Universidad Regional Amaz\u00f3nica Ikiam","og_description":"Mnuales de usuario y t\u00e9cnicos","og_url":"https:\/\/www.ikiam.edu.ec\/index.php\/serviciosti\/recursos-dti\/","og_site_name":"Universidad Regional Amaz\u00f3nica Ikiam","article_publisher":"https:\/\/www.facebook.com\/IkiamOficial\/","twitter_card":"summary_large_image","twitter_site":"@u_ikiam","twitter_misc":{"Tiempo de lectura":"2 minutos"},"schema":{"@context":"https:\/\/schema.org","@graph":[{"@type":"WebPage","@id":"https:\/\/www.ikiam.edu.ec\/index.php\/serviciosti\/recursos-dti\/","url":"https:\/\/www.ikiam.edu.ec\/index.php\/serviciosti\/recursos-dti\/","name":"Recursos - Universidad Regional Amaz\u00f3nica Ikiam","isPartOf":{"@id":"https:\/\/www.ikiam.edu.ec\/#website"},"datePublished":"2022-05-31T15:42:14+00:00","description":"Mnuales de usuario y t\u00e9cnicos","breadcrumb":{"@id":"https:\/\/www.ikiam.edu.ec\/index.php\/serviciosti\/recursos-dti\/#breadcrumb"},"inLanguage":"es","potentialAction":[{"@type":"ReadAction","target":["https:\/\/www.ikiam.edu.ec\/index.php\/serviciosti\/recursos-dti\/"]}]},{"@type":"BreadcrumbList","@id":"https:\/\/www.ikiam.edu.ec\/index.php\/serviciosti\/recursos-dti\/#breadcrumb","itemListElement":[{"@type":"ListItem","position":1,"name":"La Universidad","item":"https:\/\/www.ikiam.edu.ec\/"},{"@type":"ListItem","position":2,"name":"Direcci\u00f3n de Tecnolog\u00edas de la Informaci\u00f3n","item":"https:\/\/www.ikiam.edu.ec\/index.php\/serviciosti\/"},{"@type":"ListItem","position":3,"name":"Recursos"}]},{"@type":"WebSite","@id":"https:\/\/www.ikiam.edu.ec\/#website","url":"https:\/\/www.ikiam.edu.ec\/","name":"Universidad Regional Amaz\u00f3nica Ikiam","description":"","publisher":{"@id":"https:\/\/www.ikiam.edu.ec\/#organization"},"potentialAction":[{"@type":"SearchAction","target":{"@type":"EntryPoint","urlTemplate":"https:\/\/www.ikiam.edu.ec\/?s={search_term_string}"},"query-input":{"@type":"PropertyValueSpecification","valueRequired":true,"valueName":"search_term_string"}}],"inLanguage":"es"},{"@type":"Organization","@id":"https:\/\/www.ikiam.edu.ec\/#organization","name":"Universidad Regional Amaz\u00f3nica Ikiam","url":"https:\/\/www.ikiam.edu.ec\/","logo":{"@type":"ImageObject","inLanguage":"es","@id":"https:\/\/www.ikiam.edu.ec\/#\/schema\/logo\/image\/","url":"https:\/\/www.ikiam.edu.ec\/wp-content\/uploads\/2021\/12\/logo-ikiam-1.png","contentUrl":"https:\/\/www.ikiam.edu.ec\/wp-content\/uploads\/2021\/12\/logo-ikiam-1.png","width":210,"height":90,"caption":"Universidad Regional Amaz\u00f3nica Ikiam"},"image":{"@id":"https:\/\/www.ikiam.edu.ec\/#\/schema\/logo\/image\/"},"sameAs":["https:\/\/www.facebook.com\/IkiamOficial\/","https:\/\/x.com\/u_ikiam"]}]}},"_links":{"self":[{"href":"https:\/\/www.ikiam.edu.ec\/index.php\/wp-json\/wp\/v2\/pages\/8817","targetHints":{"allow":["GET"]}}],"collection":[{"href":"https:\/\/www.ikiam.edu.ec\/index.php\/wp-json\/wp\/v2\/pages"}],"about":[{"href":"https:\/\/www.ikiam.edu.ec\/index.php\/wp-json\/wp\/v2\/types\/page"}],"author":[{"embeddable":true,"href":"https:\/\/www.ikiam.edu.ec\/index.php\/wp-json\/wp\/v2\/users\/2"}],"replies":[{"embeddable":true,"href":"https:\/\/www.ikiam.edu.ec\/index.php\/wp-json\/wp\/v2\/comments?post=8817"}],"version-history":[{"count":0,"href":"https:\/\/www.ikiam.edu.ec\/index.php\/wp-json\/wp\/v2\/pages\/8817\/revisions"}],"up":[{"embeddable":true,"href":"https:\/\/www.ikiam.edu.ec\/index.php\/wp-json\/wp\/v2\/pages\/2655"}],"wp:attachment":[{"href":"https:\/\/www.ikiam.edu.ec\/index.php\/wp-json\/wp\/v2\/media?parent=8817"}],"curies":[{"name":"wp","href":"https:\/\/api.w.org\/{rel}","templated":true}]}}